{"id":21695,"date":"2024-07-25T19:46:57","date_gmt":"2024-07-25T17:46:57","guid":{"rendered":"https:\/\/qsrconsulting.info\/cdatadatenschutzrichtlinie\/cookie-richtlinie\/"},"modified":"2024-07-25T19:53:38","modified_gmt":"2024-07-25T17:53:38","slug":"cookie-richtlinie","status":"publish","type":"page","link":"https:\/\/qsrconsulting.info\/de\/cdatadatenschutzrichtlinie\/cookie-richtlinie\/","title":{"rendered":"Cookie-Richtlinie"},"content":{"rendered":"\n<h1 class=\"wp-block-heading\">Cookie-Richtlinie<\/h1>\n\n<p>Letzte Aktualisierung: 24. Juli 2024<\/p>\n\n<p>Diese Cookie-Richtlinie erl\u00e4utert, was Cookies sind und wie wir sie verwenden. Sie sollten diese Richtlinie lesen, um zu verstehen, welche Arten von Cookies wir verwenden oder welche Informationen wir mithilfe von Cookies sammeln und wie diese Informationen verwendet werden. Diese Cookie-Richtlinie wurde mit Hilfe des Cookie Policy Generators erstellt.<\/p>\n\n<p>Cookies enthalten normalerweise keine Informationen, die Sie pers\u00f6nlich identifizieren, aber pers\u00f6nliche Informationen, die wir \u00fcber Sie speichern, k\u00f6nnen mit Informationen verkn\u00fcpft werden, die in Cookies gespeichert und aus Cookies gewonnen werden. Weitere Informationen dar\u00fcber, wie wir Ihre personenbezogenen Daten nutzen, speichern und sch\u00fctzen, finden Sie in unserer Datenschutzerkl\u00e4rung.<\/p>\n\n<p>In den von uns verwendeten Cookies speichern wir keine sensiblen pers\u00f6nlichen Daten wie Postadressen, Kontopassw\u00f6rter usw.<\/p>\n\n<h1 class=\"wp-block-heading\">Interpretation und Definitionen<\/h1>\n\n<h2 class=\"wp-block-heading\">Deutung<\/h2>\n\n<p>W\u00f6rter, deren Anfangsbuchstaben gro\u00df geschrieben werden, haben eine Bedeutung, die unter den folgenden Bedingungen definiert ist. Die folgenden Definitionen haben unabh\u00e4ngig davon, ob sie im Singular oder im Plural stehen, die gleiche Bedeutung.<\/p>\n\n<h2 class=\"wp-block-heading\">Definitionen<\/h2>\n\n<p>F\u00fcr die Zwecke dieser Cookie-Richtlinie:<\/p>\n\n<ul class=\"wp-block-list\">\n<li>Das Unternehmen (in dieser Cookie-Richtlinie als \u201edas Unternehmen\u201c, \u201ewir\u201c, \u201euns\u201c oder \u201eunser\u201c bezeichnet) bezieht sich auf QSR Consulting Ltd., Lordou Vyronos 61, 6023 Larnaca, Zypern.<\/li>\n\n\n\n<li>Cookies sind kleine Dateien, die von einer Website auf Ihrem Computer, Mobilger\u00e4t oder einem anderen Ger\u00e4t abgelegt werden und unter anderem Details zu Ihrem Browserverlauf auf dieser Website enthalten.<\/li>\n\n\n\n<li>Die Website verweist auf QSR Consulting, verf\u00fcgbar unter https:\/\/qsrconsulting.info<\/li>\n\n\n\n<li>Sie meinen die Einzelperson, die auf die Website zugreift oder diese nutzt, oder das Unternehmen oder eine juristische Person, in deren Namen diese Person auf die Website zugreift oder diese nutzt, je nach Fall.<\/li>\n<\/ul>\n\n<h1 class=\"wp-block-heading\">Verwendung von Cookies<\/h1>\n\n<h2 class=\"wp-block-heading\">Die Art der Cookies, die wir verwenden<\/h2>\n\n<p>Cookies k\u00f6nnen \u201epersistente\u201c oder \u201eSitzungs\u201c-Cookies sein. Permanente Cookies verbleiben auf Ihrem pers\u00f6nlichen Computer oder Mobilger\u00e4t, wenn Sie offline gehen, w\u00e4hrend Sitzungscookies sofort gel\u00f6scht werden, wenn Sie Ihren Webbrowser schlie\u00dfen. Wir verwenden sowohl Sitzungs- als auch dauerhafte Cookies f\u00fcr die unten aufgef\u00fchrten Zwecke:<\/p>\n\n<p><strong>Notwendige\/notwendige Cookies<\/strong><\/p>\n\n<ul class=\"wp-block-list\">\n<li>Typ: Sitzungscookies<\/li>\n\n\n\n<li>Administrator: mein<\/li>\n\n\n\n<li>Zweck: Diese Cookies sind notwendig, um \u00fcber die Website verf\u00fcgbare Dienste bereitzustellen und die Nutzung einiger ihrer Funktionen zu erm\u00f6glichen. Sie helfen dabei, Benutzer zu authentifizieren und die betr\u00fcgerische Nutzung von Benutzerkonten zu verhindern. Ohne diese Cookies k\u00f6nnen die von Ihnen angeforderten Dienste nicht bereitgestellt werden und wir verwenden diese Cookies nur, um Ihnen diese Dienste bereitzustellen.<\/li>\n<\/ul>\n\n<p><strong>Funktionelle Cookies<\/strong><\/p>\n\n<ul class=\"wp-block-list\">\n<li>Typ: dauerhafte Cookies<\/li>\n\n\n\n<li>Administrator: mein<\/li>\n\n\n\n<li>Zweck: Mithilfe dieser Cookies k\u00f6nnen wir uns an die von Ihnen bei der Nutzung der Website getroffenen Entscheidungen erinnern, beispielsweise an Ihre Anmeldedaten oder Spracheinstellungen. Der Zweck dieser Cookies besteht darin, Ihnen ein pers\u00f6nlicheres Erlebnis zu bieten und zu vermeiden, dass Sie Ihre Pr\u00e4ferenzen bei jeder Nutzung der Website erneut eingeben m\u00fcssen.<\/li>\n<\/ul>\n\n<p><strong>Analyse- und Leistungscookies<\/strong><\/p>\n\n<ul class=\"wp-block-list\">\n<li>Typ: dauerhafte Cookies<\/li>\n\n\n\n<li>Administrator: Dritte<\/li>\n\n\n\n<li>Zweck: Diese Cookies werden verwendet, um Informationen \u00fcber den Website-Verkehr und die Art und Weise, wie Benutzer die Website nutzen, zu sammeln. Die durch diese Cookies gesammelten Informationen k\u00f6nnen Sie direkt oder indirekt als einzelnen Besucher identifizieren. Dies liegt daran, dass die gesammelten Informationen in der Regel mit einer pseudonymen Kennung verkn\u00fcpft sind, die mit dem Ger\u00e4t verkn\u00fcpft ist, mit dem Sie auf die Website zugreifen. Zu diesem Zweck verwenden wir Google Analytics, Mixpanel, Mouseflow und andere \u00e4hnliche Tools.<\/li>\n<\/ul>\n\n<p><strong>Werbe- und Targeting-Cookies<\/strong><\/p>\n\n<ul class=\"wp-block-list\">\n<li>Typ: Permanente Cookies<\/li>\n\n\n\n<li>Administratoren: Dritte<\/li>\n\n\n\n<li>Zweck: Diese Cookies werden verwendet, um Werbebotschaften f\u00fcr Sie relevanter zu machen. Sie erf\u00fcllen Funktionen wie das Verhindern, dass dieselbe Anzeige immer wieder erscheint, die Sicherstellung, dass Anzeigen den Werbetreibenden korrekt angezeigt werden, und in einigen F\u00e4llen die Auswahl von Anzeigen basierend auf Ihren Interessen. Wir nutzen Werbeplattformen wie Google Ads und Facebook Ads, einschlie\u00dflich User-Retargeting.<\/li>\n<\/ul>\n\n<p><strong>Social-Media-Cookies<\/strong><\/p>\n\n<ul class=\"wp-block-list\">\n<li>Typ: Permanente Cookies<\/li>\n\n\n\n<li>Administratoren: Dritte<\/li>\n\n\n\n<li>Zweck: Zus\u00e4tzlich zu unseren eigenen Cookies k\u00f6nnen wir auch verschiedene Cookies von Drittanbietern verwenden, um Statistiken zur Website-Nutzung zu melden, Werbung auf und \u00fcber die Website bereitzustellen usw. Diese Cookies k\u00f6nnen Aktivit\u00e4ten wie die Anmeldung bei Social-Media-Konten (z. B. . \u201eMit Facebook anmelden\u201c) oder Interaktionen mit Social-Media-Buttons (z. B. Facebook-Like\/Follow-Buttons).<\/li>\n<\/ul>\n\n<h1 class=\"wp-block-heading\">Ihre Auswahl bez\u00fcglich Cookies<\/h1>\n\n<p>Wenn Sie die Verwendung von Cookies auf der Website vermeiden m\u00f6chten, m\u00fcssen Sie zun\u00e4chst die Verwendung von Cookies in Ihrem Browser deaktivieren und dann die in dem mit dieser Website verkn\u00fcpften Browser gespeicherten Cookies l\u00f6schen. Mit dieser Option k\u00f6nnen Sie die Verwendung von Cookies jederzeit verhindern.<\/p>\n\n<p>Wenn Sie unsere Cookies nicht akzeptieren, kann es zu Unannehmlichkeiten bei der Nutzung der Website kommen und einige Funktionen funktionieren m\u00f6glicherweise nicht ordnungsgem\u00e4\u00df.<\/p>\n\n<p><strong>Wenn Sie Cookies l\u00f6schen oder Ihren Webbrowser anweisen m\u00f6chten, Cookies zu entfernen oder abzulehnen, besuchen Sie bitte die Hilfeseiten Ihres Webbrowsers.<\/strong><\/p>\n\n<ul class=\"wp-block-list\">\n<li>F\u00fcr den Chrome-Webbrowser besuchen Sie bitte diese Google-Seite: <a href=\"https:\/\/support.google.com\/accounts\/answer\/32050\">https:\/\/support.google.com\/accounts\/answer\/32050<\/a><\/li>\n\n\n\n<li>Informationen zum Internet Explorer-Webbrowser finden Sie auf dieser Microsoft-Website: <a href=\"http:\/\/support.microsoft.com\/kb\/278835\">http:\/\/support.microsoft.com\/kb\/278835<\/a><\/li>\n\n\n\n<li>F\u00fcr den Firefox-Webbrowser besuchen Sie bitte diese Mozilla-Website: <a href=\"https:\/\/support.mozilla.org\/en-US\/kb\/delete-cookies-remove-info-websites-stored\">https:\/\/support.mozilla.org\/en-US\/kb\/delete-cookies-remove-info-websites-stored<\/a><\/li>\n\n\n\n<li>Informationen zum Safari-Webbrowser finden Sie auf dieser Apple-Website: <a href=\"https:\/\/support.apple.com\/guide\/safari\/manage-cookies-and-website-data-sfri11471\/mac\">https:\/\/support.apple.com\/guide\/safari\/manage-cookies-and-website-data-sfri11471\/mac<\/a><\/li>\n\n\n\n<li>Besuchen Sie f\u00fcr alle anderen Webbrowser die offiziellen Websites.<\/li>\n<\/ul>\n\n<h2 class=\"wp-block-heading\">Weitere Informationen zu Cookies<\/h2>\n\n<p>Weitere Informationen zu Cookies finden Sie hier: <a href=\"https:\/\/www.termsfeed.com\/blog\/cookies\/\">Alles \u00fcber Cookies von TermsFeed<\/a> .<\/p>\n\n<h2 class=\"wp-block-heading\">kontaktiere uns<\/h2>\n\n<p>Wenn Sie Fragen zu dieser Cookie-Richtlinie haben, k\u00f6nnen Sie uns kontaktieren:<\/p>\n\n<p>Per E-Mail: <a href=\"mailto:info@qsrconsulting.info\">info@qsrconsulting.info<\/a><\/p>\n","protected":false},"excerpt":{"rendered":"<p>Cookie-Richtlinie Letzte Aktualisierung: 24. Juli 2024 Diese Cookie-Richtlinie erl\u00e4utert, was Cookies sind und wie wir sie verwenden. Sie sollten diese Richtlinie lesen, um zu verstehen, welche Arten von Cookies wir verwenden oder welche Informationen wir mithilfe von Cookies sammeln und wie diese Informationen verwendet werden. Diese Cookie-Richtlinie wurde mit Hilfe des Cookie Policy Generators erstellt. [&hellip;]<\/p>\n","protected":false},"author":2,"featured_media":0,"parent":21256,"menu_order":0,"comment_status":"closed","ping_status":"closed","template":"","meta":{"_uag_custom_page_level_css":"","site-sidebar-layout":"default","site-content-layout":"","ast-site-content-layout":"default","site-content-style":"default","site-sidebar-style":"default","ast-global-header-display":"","ast-banner-title-visibility":"","ast-main-header-display":"","ast-hfb-above-header-display":"","ast-hfb-below-header-display":"","ast-hfb-mobile-header-display":"","site-post-title":"disabled","ast-breadcrumbs-content":"","ast-featured-img":"","footer-sml-layout":"","theme-transparent-header-meta":"disabled","adv-header-id-meta":"","stick-header-meta":"","header-above-stick-meta":"","header-main-stick-meta":"","header-below-stick-meta":"","astra-migrate-meta-layouts":"default","ast-page-background-enabled":"default","ast-page-background-meta":{"desktop":{"background-color":"","background-image":"","background-repeat":"repeat","background-position":"center center","background-size":"auto","background-attachment":"scroll","background-type":"","background-media":"","overlay-type":"","overlay-color":"","overlay-opacity":"","overlay-gradient":""},"tablet":{"background-color":"","background-image":"","background-repeat":"repeat","background-position":"center center","background-size":"auto","background-attachment":"scroll","background-type":"","background-media":"","overlay-type":"","overlay-color":"","overlay-opacity":"","overlay-gradient":""},"mobile":{"background-color":"","background-image":"","background-repeat":"repeat","background-position":"center center","background-size":"auto","background-attachment":"scroll","background-type":"","background-media":"","overlay-type":"","overlay-color":"","overlay-opacity":"","overlay-gradient":""}},"ast-content-background-meta":{"desktop":{"background-color":"var(--ast-global-color-5)","background-image":"","background-repeat":"repeat","background-position":"center center","background-size":"auto","background-attachment":"scroll","background-type":"","background-media":"","overlay-type":"","overlay-color":"","overlay-opacity":"","overlay-gradient":""},"tablet":{"background-color":"var(--ast-global-color-5)","background-image":"","background-repeat":"repeat","background-position":"center center","background-size":"auto","background-attachment":"scroll","background-type":"","background-media":"","overlay-type":"","overlay-color":"","overlay-opacity":"","overlay-gradient":""},"mobile":{"background-color":"var(--ast-global-color-5)","background-image":"","background-repeat":"repeat","background-position":"center center","background-size":"auto","background-attachment":"scroll","background-type":"","background-media":"","overlay-type":"","overlay-color":"","overlay-opacity":"","overlay-gradient":""}},"footnotes":""},"class_list":["post-21695","page","type-page","status-publish","hentry"],"aioseo_notices":[],"uagb_featured_image_src":{"full":false,"thumbnail":false,"medium":false,"medium_large":false,"large":false,"1536x1536":false,"2048x2048":false},"uagb_author_info":{"display_name":"Bartek","author_link":"https:\/\/qsrconsulting.info\/de\/author\/bartek\/"},"uagb_comment_info":0,"uagb_excerpt":"Cookie-Richtlinie Letzte Aktualisierung: 24. Juli 2024 Diese Cookie-Richtlinie erl\u00e4utert, was Cookies sind und wie wir sie verwenden. Sie sollten diese Richtlinie lesen, um zu verstehen, welche Arten von Cookies wir verwenden oder welche Informationen wir mithilfe von Cookies sammeln und wie diese Informationen verwendet werden. Diese Cookie-Richtlinie wurde mit Hilfe des Cookie Policy Generators erstellt.&hellip;","_links":{"self":[{"href":"https:\/\/qsrconsulting.info\/de\/wp-json\/wp\/v2\/pages\/21695"}],"collection":[{"href":"https:\/\/qsrconsulting.info\/de\/wp-json\/wp\/v2\/pages"}],"about":[{"href":"https:\/\/qsrconsulting.info\/de\/wp-json\/wp\/v2\/types\/page"}],"author":[{"embeddable":true,"href":"https:\/\/qsrconsulting.info\/de\/wp-json\/wp\/v2\/users\/2"}],"replies":[{"embeddable":true,"href":"https:\/\/qsrconsulting.info\/de\/wp-json\/wp\/v2\/comments?post=21695"}],"version-history":[{"count":1,"href":"https:\/\/qsrconsulting.info\/de\/wp-json\/wp\/v2\/pages\/21695\/revisions"}],"predecessor-version":[{"id":21696,"href":"https:\/\/qsrconsulting.info\/de\/wp-json\/wp\/v2\/pages\/21695\/revisions\/21696"}],"up":[{"embeddable":true,"href":"https:\/\/qsrconsulting.info\/de\/wp-json\/wp\/v2\/pages\/21256"}],"wp:attachment":[{"href":"https:\/\/qsrconsulting.info\/de\/wp-json\/wp\/v2\/media?parent=21695"}],"curies":[{"name":"wp","href":"https:\/\/api.w.org\/{rel}","templated":true}]}}