{"id":21551,"date":"2023-11-10T22:52:26","date_gmt":"2023-11-10T21:52:26","guid":{"rendered":"https:\/\/qsrconsulting.info\/politica-de-privacidad\/"},"modified":"2024-07-25T13:16:12","modified_gmt":"2024-07-25T11:16:12","slug":"politica-de-privacidad","status":"publish","type":"page","link":"https:\/\/qsrconsulting.info\/es\/politica-de-privacidad\/","title":{"rendered":"pol\u00edtica de privacidad"},"content":{"rendered":"\n<h1 class=\"wp-block-heading\">pol\u00edtica de privacidad<\/h1>\n\n<p>\u00daltima actualizaci\u00f3n: 24 de julio de 2024<\/p>\n\n<p>Esta Pol\u00edtica de Privacidad describe nuestras pol\u00edticas y procedimientos sobre la recopilaci\u00f3n, uso y divulgaci\u00f3n de su informaci\u00f3n cuando utiliza el Servicio y le informa sobre sus derechos de privacidad y c\u00f3mo la ley lo protege.<\/p>\n\n<p>Utilizamos su informaci\u00f3n personal para proporcionar y mejorar el Servicio. Al utilizar el Servicio, usted acepta la recopilaci\u00f3n y el uso de informaci\u00f3n de acuerdo con esta Pol\u00edtica de Privacidad.<\/p>\n\n<h1 class=\"wp-block-heading\">Interpretaci\u00f3n y definiciones<\/h1>\n\n<h2 class=\"wp-block-heading\">Interpretaci\u00f3n<\/h2>\n\n<p>Las palabras cuya primera letra est\u00e1 en may\u00fascula tienen significados definidos bajo las siguientes condiciones. Las siguientes definiciones tienen el mismo significado ya sean singulares o plurales.<\/p>\n\n<h2 class=\"wp-block-heading\">Definiciones<\/h2>\n\n<p>Para los efectos de esta Pol\u00edtica de Privacidad:<\/p>\n\n<ul class=\"wp-block-list\">\n<li><p><strong>Cuenta<\/strong> significa una cuenta \u00fanica creada para que usted pueda acceder al Servicio o a cualquier parte del mismo.<\/p><\/li>\n\n\n\n<li><strong>Afiliada<\/strong> significa una entidad que controla, est\u00e1 controlada por o est\u00e1 bajo control com\u00fan con una parte, donde \u00abcontrol\u00bb significa propiedad del 50% o m\u00e1s de las acciones, participaci\u00f3n accionaria u otros valores con derecho a votar por directores u otra autoridad administrativa.<\/li>\n\n\n\n<li><strong>Compa\u00f1\u00eda<\/strong> (denominada \u00abla Compa\u00f1\u00eda\u00bb, \u00abNosotros\u00bb, \u00abNos\u00bb o \u00abNuestro\u00bb en este Acuerdo) significa QSR Consulting Ltd, QSR Consulting Ltd. Lordou Vyronos 61 6023 Larnaca, Chipre.<\/li>\n\n\n\n<li><strong>Las cookies<\/strong> son peque\u00f1os archivos que un sitio web coloca en su computadora, dispositivo m\u00f3vil u otro dispositivo y que contienen, entre otras cosas, detalles de su historial de navegaci\u00f3n en ese sitio web.<\/li>\n\n\n\n<li><strong>Pa\u00eds<\/strong> se refiere a: Chipre<\/li>\n\n\n\n<li><strong>Dispositivo<\/strong> significa cualquier dispositivo que pueda acceder al Servicio, como una computadora, un tel\u00e9fono m\u00f3vil o una tableta digital.<\/li>\n\n\n\n<li><strong>Los datos personales<\/strong> son cualquier informaci\u00f3n relativa a una persona f\u00edsica identificada o identificable.<\/li>\n\n\n\n<li><strong>El Servicio<\/strong> se refiere al Sitio Web.<\/li>\n\n\n\n<li><strong>Proveedor de servicios<\/strong> significa cualquier persona f\u00edsica o jur\u00eddica que procesa datos en nombre de la Compa\u00f1\u00eda. Esto se refiere a empresas de terceros o personas empleadas por la Compa\u00f1\u00eda para facilitar el Servicio, proporcionar el Servicio en nombre de la Compa\u00f1\u00eda, realizar servicios relacionados con el Servicio o ayudar a la Compa\u00f1\u00eda a analizar c\u00f3mo se utiliza el Servicio.<\/li>\n\n\n\n<li><strong>Los Datos de uso<\/strong> se refieren a los datos recopilados autom\u00e1ticamente, generados por el uso del Servicio o por la propia infraestructura del Servicio (por ejemplo, la duraci\u00f3n de una visita a una p\u00e1gina).<\/li>\n\n\n\n<li><strong>El sitio web<\/strong> se refiere a QSR Consulting, disponible en <a href=\"qsrconsulting.info\" target=\"_blank\" rel=\"external nofollow noopener\">qsrconsulting.info<\/a><\/li>\n\n\n\n<li><strong>Usted<\/strong> se refiere a la persona que accede o utiliza el Servicio, o la empresa u otra entidad legal en nombre de la cual dicha persona accede o utiliza el Servicio.<\/li>\n<\/ul>\n\n<h1 class=\"wp-block-heading\">Recopilaci\u00f3n y uso de sus datos personales<\/h1>\n\n<h2 class=\"wp-block-heading\">Tipos de datos recopilados<\/h2>\n\n<h3 class=\"wp-block-heading\">Informaci\u00f3n personal<\/h3>\n\n<p>Mientras utiliza nuestro Servicio, es posible que le solicitemos que nos proporcione cierta informaci\u00f3n de identificaci\u00f3n personal que pueda usarse para contactarlo o identificarlo. Los datos personales pueden incluir, entre otros:<\/p>\n\n<ul class=\"wp-block-list\">\n<li>Correos electr\u00f3nicos<\/li>\n\n\n\n<li>Nombre y apellido<\/li>\n\n\n\n<li>N\u00famero de tel\u00e9fono<\/li>\n\n\n\n<li>Datos de uso<\/li>\n<\/ul>\n\n<h3 class=\"wp-block-heading\">Datos de uso<\/h3>\n\n<p>Los datos de uso se recopilan autom\u00e1ticamente cuando utiliza el Servicio.<\/p>\n\n<p>Los datos de uso pueden incluir informaci\u00f3n como la direcci\u00f3n de protocolo de Internet de su dispositivo (por ejemplo, direcci\u00f3n IP), tipo de navegador, versi\u00f3n del navegador, las p\u00e1ginas de nuestro Servicio que visita, la hora y fecha de su visita, el tiempo dedicado a esas p\u00e1ginas, datos \u00fanicos identificadores de dispositivos y otros datos de diagn\u00f3stico.<\/p>\n\n<p>Cuando accede al Servicio a trav\u00e9s de un dispositivo m\u00f3vil, podemos recopilar autom\u00e1ticamente cierta informaci\u00f3n, que incluye, entre otros, el tipo de dispositivo m\u00f3vil que est\u00e1 utilizando, el identificador \u00fanico de su dispositivo m\u00f3vil, la direcci\u00f3n IP de su dispositivo m\u00f3vil, su sistema operativo m\u00f3vil, el tipo de navegador web m\u00f3vil que est\u00e1 utilizando, identificadores \u00fanicos de dispositivo y otros datos de diagn\u00f3stico.<\/p>\n\n<p>Tambi\u00e9n podemos recopilar informaci\u00f3n que su navegador env\u00eda cada vez que visita o accede a nuestro Servicio a trav\u00e9s de un dispositivo m\u00f3vil.<\/p>\n\n<h3 class=\"wp-block-heading\">Tecnolog\u00edas de seguimiento y cookies<\/h3>\n\n<p>Utilizamos cookies y tecnolog\u00edas de seguimiento similares para rastrear la actividad en nuestro Servicio y almacenar cierta informaci\u00f3n. Las tecnolog\u00edas de seguimiento utilizadas incluyen balizas web, etiquetas y scripts para recopilar y rastrear informaci\u00f3n y mejorar y analizar nuestro Servicio. Las tecnolog\u00edas que utilizamos pueden incluir:<\/p>\n\n<ul class=\"wp-block-list\">\n<li><strong>Cookies o cookies del navegador.<\/strong> Una cookie es un peque\u00f1o archivo colocado en el Dispositivo del Usuario. Puede indicarle a su navegador que rechace todas las cookies o que indique cu\u00e1ndo se env\u00eda una cookie. Sin embargo, si no acepta las cookies, es posible que no pueda utilizar algunas partes de nuestro Servicio. A menos que haya ajustado la configuraci\u00f3n de su navegador para rechazar cookies, nuestro Servicio puede utilizar cookies.<\/li>\n\n\n\n<li><strong>Balizas web<\/strong> . Ciertas secciones de nuestro Servicio y nuestros correos electr\u00f3nicos pueden contener peque\u00f1os archivos electr\u00f3nicos conocidos como balizas web (tambi\u00e9n conocidos como gifs transparentes, etiquetas de p\u00edxel y gifs de un solo p\u00edxel) que permiten a la Compa\u00f1\u00eda, por ejemplo, contar los usuarios que han visitado esas p\u00e1ginas o abri\u00f3 un correo electr\u00f3nico y otras estad\u00edsticas relacionadas del sitio (por ejemplo, registrar la popularidad de una secci\u00f3n en particular y verificar la integridad del sistema y del servidor).<\/li>\n<\/ul>\n\n<p>Las cookies pueden ser cookies \u00abpersistentes\u00bb o de \u00absesi\u00f3n\u00bb. Las cookies persistentes permanecen en su computadora personal o dispositivo m\u00f3vil despu\u00e9s de desconectarse, mientras que las cookies de sesi\u00f3n se eliminan inmediatamente cuando cierra su navegador web. Puede encontrar m\u00e1s informaci\u00f3n sobre las cookies en <a href=\"https:\/\/www.termsfeed.com\/blog\/cookies\/#What_Are_Cookies\" target=\"_blank\" rel=\"noopener\">el sitio web de TermsFeed<\/a> .<\/p>\n\n<p>Utilizamos cookies de sesi\u00f3n y persistentes para los fines que se detallan a continuaci\u00f3n:<\/p>\n\n<ul class=\"wp-block-list\">\n<li><strong>Cookies estrictamente necesarias<\/strong>&#13;\n&#13;\nTipo: Cookies de sesi\u00f3n&#13;\n&#13;\nAdministrado por: Nosotros&#13;\n&#13;\nProp\u00f3sito: Estas cookies son necesarias para proporcionar los servicios disponibles a trav\u00e9s del sitio web y para permitir el uso de algunas de sus funciones. Ayudan a autenticar a los usuarios y evitar el uso fraudulento de cuentas de usuario. Sin estas cookies, no se pueden proporcionar los servicios que ha solicitado y solo utilizamos estas cookies para proporcionar esos servicios.<\/li>\n\n\n\n<li><strong>Pol\u00edtica de Cookies \/ Aviso Aceptaci\u00f3n de cookies<\/strong>&#13;\n&#13;\nTipo: Cookies persistentes&#13;\n&#13;\nAdministrado por: Nosotros&#13;\n&#13;\nProp\u00f3sito: Estas cookies identifican si los usuarios han aceptado el uso de cookies en el Sitio.<\/li>\n\n\n\n<li><strong>Cookies funcionales<\/strong>&#13;\n&#13;\nTipo: <span style=\"font-size: 1rem; color: var(--ast-global-color-3);\">Cookies persistentes<\/span>&#13;\n&#13;\nAdministrado por: Nosotros&#13;\n&#13;\nProp\u00f3sito: Estas cookies nos permiten recordar las elecciones que usted realiza al utilizar el Sitio, como recordar sus datos de inicio de sesi\u00f3n o sus preferencias de idioma. El prop\u00f3sito de estas cookies es brindarle una experiencia m\u00e1s personal y evitar que tenga que volver a ingresar sus preferencias cada vez que utiliza el Sitio.<\/li>\n<\/ul>\n\n<p>Para obtener m\u00e1s informaci\u00f3n sobre las cookies que utilizamos y sus opciones de cookies, visite nuestra Pol\u00edtica de cookies o la secci\u00f3n de Cookies de nuestra Pol\u00edtica de privacidad.<\/p>\n\n<h2 class=\"wp-block-heading\">Uso de sus datos personales<\/h2>\n\n<p>La Compa\u00f1\u00eda podr\u00e1 utilizar Datos Personales para los siguientes fines:<\/p>\n\n<ul class=\"wp-block-list\">\n<li><strong>Para proporcionar y mantener nuestro Servicio<\/strong> , incluido monitorear el uso de nuestro Servicio.<\/li>\n\n\n\n<li><strong>Gesti\u00f3n de Cuentas de Usuario:<\/strong> gestionar su registro como usuario del Servicio. La informaci\u00f3n personal que proporcione puede brindarle acceso a varias funciones del Servicio disponibles para usuarios registrados.<\/li>\n\n\n\n<li><strong>Para la ejecuci\u00f3n del contrato:<\/strong> el desarrollo, cumplimiento y ejecuci\u00f3n del contrato de compra de productos, art\u00edculos o servicios adquiridos por el Usuario o cualquier otro contrato celebrado con nosotros a trav\u00e9s del Servicio.<\/li>\n\n\n\n<li><strong>Para contactar al Usuario<\/strong> : Para contactar al Usuario a trav\u00e9s de correo electr\u00f3nico, llamada telef\u00f3nica, SMS u otras formas de comunicaci\u00f3n electr\u00f3nica equivalentes, como notificaciones push de aplicaciones m\u00f3viles sobre actualizaciones o mensajes informativos relacionados con funcionalidades, productos o servicios contratados, incluidas actualizaciones de seguridad como necesarios o razonables para su implementaci\u00f3n.<\/li>\n\n\n\n<li><strong>Brindarle noticias,<\/strong> ofertas especiales e informaci\u00f3n general sobre otros bienes, servicios y eventos que ofrecemos que son similares a los que ya compr\u00f3 o sobre los que realiz\u00f3 consultas, a menos que haya optado por no recibir dicha informaci\u00f3n.<\/li>\n\n\n\n<li><strong>Gesti\u00f3n de solicitudes de usuarios<\/strong> : Manejo y gesti\u00f3n de sus solicitudes dirigidas a nosotros.<\/li>\n\n\n\n<li><strong>Para transferencias comerciales:<\/strong> podemos utilizar su informaci\u00f3n para evaluar o efectuar una fusi\u00f3n, desinversi\u00f3n, reestructuraci\u00f3n, reorganizaci\u00f3n, disoluci\u00f3n u otra venta o transferencia de algunos o todos nuestros activos, ya sea como empresa en funcionamiento o como parte de una quiebra, liquidaci\u00f3n o similar. procedimiento, en el que los activos transferidos incluyen datos personales de los usuarios de nuestro sitio web almacenados por nosotros.<\/li>\n\n\n\n<li><strong>Para otros fines:<\/strong> podemos utilizar su informaci\u00f3n para otros fines, como an\u00e1lisis de datos, identificaci\u00f3n de tendencias de uso, determinaci\u00f3n de la efectividad de nuestras campa\u00f1as promocionales y para evaluar y mejorar nuestro Servicio, productos, servicios, marketing y experiencia del usuario.<\/li>\n<\/ul>\n\n<p>Podemos compartir su informaci\u00f3n personal en las siguientes situaciones:<\/p>\n\n<ul class=\"wp-block-list\">\n<li><strong>Con proveedores de servicios<\/strong> : podemos compartir su informaci\u00f3n personal con proveedores de servicios con el fin de monitorear y analizar el uso de nuestro Servicio y comunicarnos con usted.<\/li>\n\n\n\n<li><strong>Para transferencias comerciales:<\/strong> podemos compartir o transferir su informaci\u00f3n personal en relaci\u00f3n con, o durante negociaciones de, una fusi\u00f3n, venta de activos de la Compa\u00f1\u00eda, financiamiento o adquisici\u00f3n de todo o una parte de nuestro negocio por parte de otra compa\u00f1\u00eda.<\/li>\n\n\n\n<li><strong>Con afiliados:<\/strong> podemos compartir su informaci\u00f3n con nuestros afiliados, en cuyo caso les exigiremos que cumplan con esta Pol\u00edtica de privacidad. Las afiliadas incluyen nuestra empresa matriz y cualquier otra subsidiaria, socios de empresas conjuntas u otras empresas que controlamos o que est\u00e1n bajo control com\u00fan con nosotros.<\/li>\n\n\n\n<li><strong>Con socios comerciales:<\/strong> podemos compartir su informaci\u00f3n con nuestros socios comerciales para ofrecerle ciertos productos, servicios o promociones.<\/li>\n\n\n\n<li><strong>Con otros usuarios:<\/strong> cuando comparte informaci\u00f3n personal o interact\u00faa de otro modo en \u00e1reas p\u00fablicas con otros usuarios, dicha informaci\u00f3n puede ser vista por todos los usuarios y puede distribuirse p\u00fablicamente de forma externa.<\/li>\n\n\n\n<li><strong>Con su consentimiento:<\/strong> Podemos divulgar su informaci\u00f3n personal para cualquier otro prop\u00f3sito con su consentimiento.<\/li>\n<\/ul>\n\n<h2 class=\"wp-block-heading\">Almacenamiento de sus datos personales<\/h2>\n\n<p>La Compa\u00f1\u00eda conservar\u00e1 su informaci\u00f3n personal solo durante el tiempo necesario para los fines establecidos en esta Pol\u00edtica de Privacidad. Conservaremos y utilizaremos su informaci\u00f3n personal en la medida necesaria para cumplir con nuestras obligaciones legales (por ejemplo, si se nos exige conservar su informaci\u00f3n para cumplir con las leyes aplicables), resolver disputas y hacer cumplir nuestros acuerdos y pol\u00edticas legales.<\/p>\n\n<p>La Compa\u00f1\u00eda tambi\u00e9n conservar\u00e1 los Datos de uso para fines de an\u00e1lisis interno. Los datos de uso generalmente se conservan durante un per\u00edodo de tiempo m\u00e1s corto, excepto cuando los datos se utilizan para mejorar la seguridad o la funcionalidad de nuestro Servicio o cuando estamos obligados legalmente a conservar los datos durante un per\u00edodo de tiempo m\u00e1s largo.<\/p>\n\n<h2 class=\"wp-block-heading\">Transferencia de sus datos personales<\/h2>\n\n<p>La informaci\u00f3n del usuario, incluidos los datos personales, se procesa en las oficinas operativas de la Compa\u00f1\u00eda y en otros lugares donde se encuentran las partes involucradas en el procesamiento. Esto significa que esta informaci\u00f3n puede transferirse y mantenerse en computadoras ubicadas fuera de su estado, provincia, pa\u00eds u otra jurisdicci\u00f3n gubernamental donde las leyes de protecci\u00f3n de datos pueden diferir de las de su jurisdicci\u00f3n.<\/p>\n\n<p>Su consentimiento a esta Pol\u00edtica de Privacidad seguido del env\u00edo de dicha informaci\u00f3n constituye su consentimiento a dicha transferencia.<\/p>\n\n<p>La Compa\u00f1\u00eda tomar\u00e1 todas las medidas razonablemente necesarias para garantizar que sus datos sean tratados de forma segura y de acuerdo con esta Pol\u00edtica de Privacidad, y no se realizar\u00e1 ninguna transferencia de sus datos personales a una organizaci\u00f3n o pa\u00eds a menos que existan controles adecuados, incluida la seguridad de sus datos y otros datos personales.<\/p>\n\n<h2 class=\"wp-block-heading\">Eliminaci\u00f3n de datos personales<\/h2>\n\n<p>Tiene derecho a eliminar o solicitar nuestra ayuda para eliminar los datos personales que hemos recopilado.<\/p>\n\n<p>Nuestro Servicio puede brindarle la oportunidad de eliminar cierta informaci\u00f3n sobre usted desde dentro del Servicio.<\/p>\n\n<p>Puede actualizar, corregir o eliminar su informaci\u00f3n en cualquier momento iniciando sesi\u00f3n en su cuenta, si tiene una, y visitando la secci\u00f3n de configuraci\u00f3n de la cuenta donde puede administrar su informaci\u00f3n personal. Tambi\u00e9n puede contactarnos para acceder, corregir o eliminar sus datos personales.<\/p>\n\n<p>Sin embargo, tenga en cuenta que es posible que necesitemos conservar cierta informaci\u00f3n cuando tengamos una obligaci\u00f3n legal o una base legal para hacerlo.<\/p>\n\n<h2 class=\"wp-block-heading\">Divulgaci\u00f3n de su informaci\u00f3n personal<\/h2>\n\n<h3 class=\"wp-block-heading\">Transacciones de negocios<\/h3>\n\n<p>Si la Compa\u00f1\u00eda est\u00e1 involucrada en una fusi\u00f3n, adquisici\u00f3n o venta de activos, sus Datos personales pueden ser transferidos. La Compa\u00f1\u00eda le notificar\u00e1 antes de que sus Datos personales sean transferidos y queden sujetos a una Pol\u00edtica de privacidad diferente.<\/p>\n\n<h3 class=\"wp-block-heading\">Cumplimiento de la ley<\/h3>\n\n<p>En determinadas circunstancias, es posible que se le solicite a la Compa\u00f1\u00eda que divulgue sus Datos personales si as\u00ed lo exige la ley o en respuesta a solicitudes v\u00e1lidas de autoridades p\u00fablicas (por ejemplo, un tribunal o una agencia gubernamental).<\/p>\n\n<h3 class=\"wp-block-heading\">Otros requisitos legales<\/h3>\n\n<p>La Compa\u00f1\u00eda puede divulgar sus Datos personales de buena fe cuando considere que dicha acci\u00f3n es necesaria para:<\/p>\n\n<ul class=\"wp-block-list\">\n<li>Cumplimiento de obligaci\u00f3n legal<\/li>\n\n\n\n<li>Proteger y defender los derechos o bienes de la Empresa<\/li>\n\n\n\n<li>Prevenir o investigar posibles irregularidades en relaci\u00f3n con el Servicio<\/li>\n\n\n\n<li>Proteger la seguridad personal de los usuarios del sitio web o del p\u00fablico<\/li>\n\n\n\n<li>Protecci\u00f3n contra responsabilidad legal<\/li>\n<\/ul>\n\n<h2 class=\"wp-block-heading\">Seguridad de los datos personales<\/h2>\n\n<p>La seguridad de su informaci\u00f3n personal es importante para nosotros, pero recuerde que ning\u00fan m\u00e9todo de transmisi\u00f3n a trav\u00e9s de Internet o m\u00e9todo de almacenamiento electr\u00f3nico es 100% seguro. Si bien nos esforzamos por utilizar medios comercialmente aceptables para proteger su informaci\u00f3n personal, no podemos garantizar su seguridad absoluta.<\/p>\n\n<h2 class=\"wp-block-heading\">Sus derechos de protecci\u00f3n de datos seg\u00fan el RGPD<\/h2>\n\n<p>Si es residente del Espacio Econ\u00f3mico Europeo (EEE), tiene ciertos derechos de protecci\u00f3n de datos. \u00c9stas incluyen:<\/p>\n\n<ul class=\"wp-block-list\">\n<li>El derecho a acceder, actualizar o eliminar la informaci\u00f3n que tenemos sobre usted.<\/li>\n<\/ul>\n\n<ul class=\"wp-block-list\">\n<li>Derecho a rectificar datos.<\/li>\n<\/ul>\n\n<ul class=\"wp-block-list\">\n<li>Derecho a oponerse.<\/li>\n<\/ul>\n\n<ul class=\"wp-block-list\">\n<li>Derecho a la restricci\u00f3n.<\/li>\n<\/ul>\n\n<ul class=\"wp-block-list\">\n<li>El derecho a transferir datos.<\/li>\n<\/ul>\n\n<ul class=\"wp-block-list\">\n<li>Derecho a retirar el consentimiento.<\/li>\n<\/ul>\n\n<h1 class=\"wp-block-heading\">privacidad de los ni\u00f1os<\/h1>\n\n<p>Nuestro Servicio no est\u00e1 dirigido a personas menores de 13 a\u00f1os. No recopilamos intencionadamente informaci\u00f3n personal de ninguna persona menor de 13 a\u00f1os. Si es padre o tutor y sabe que su hijo nos ha proporcionado informaci\u00f3n personal, comun\u00edquese con nosotros. Si descubrimos que hemos recopilado informaci\u00f3n personal de cualquier persona menor de 13 a\u00f1os sin verificar el consentimiento de los padres, tomaremos medidas para eliminar esa informaci\u00f3n de nuestros servidores.<\/p>\n\n<p>Si necesitamos confiar en el consentimiento como base legal para procesar su informaci\u00f3n y su pa\u00eds requiere el consentimiento de sus padres, es posible que necesitemos el consentimiento de sus padres antes de recopilar y utilizar esa informaci\u00f3n.<\/p>\n\n<h1 class=\"wp-block-heading\">Enlaces a otros sitios web<\/h1>\n\n<p>Nuestro Servicio puede contener enlaces a otros sitios web que no son operados por nosotros. Si hace clic en un enlace de un tercero, ser\u00e1 dirigido al sitio de ese tercero. Le recomendamos encarecidamente que lea la Pol\u00edtica de privacidad de cada sitio web que visite.<\/p>\n\n<p>No tenemos control ni asumimos ninguna responsabilidad por el contenido, las pol\u00edticas de privacidad o las pr\u00e1cticas de sitios o servicios de terceros.<\/p>\n\n<h1 class=\"wp-block-heading\">Cambios a esta Pol\u00edtica de Privacidad<\/h1>\n\n<p>Podemos actualizar nuestra Pol\u00edtica de Privacidad de vez en cuando. Le notificaremos cualquier cambio publicando la nueva Pol\u00edtica de Privacidad en esta p\u00e1gina.<\/p>\n\n<p>Se le recomienda consultar esta Pol\u00edtica de Privacidad peri\u00f3dicamente para detectar cualquier cambio. Los cambios a esta Pol\u00edtica de Privacidad entran en vigencia al publicarse en esta p\u00e1gina.<\/p>\n\n<h1 class=\"wp-block-heading\">Contacto<\/h1>\n\n<p>Si tiene alguna pregunta sobre esta Pol\u00edtica de Privacidad, puede contactarnos:<\/p>\n\n<ul class=\"wp-block-list\">\n<li>Por correo electr\u00f3nico: info@qsrconsulting.info<\/li>\n<\/ul>\n","protected":false},"excerpt":{"rendered":"<p>pol\u00edtica de privacidad \u00daltima actualizaci\u00f3n: 24 de julio de 2024 Esta Pol\u00edtica de Privacidad describe nuestras pol\u00edticas y procedimientos sobre la recopilaci\u00f3n, uso y divulgaci\u00f3n de su informaci\u00f3n cuando utiliza el Servicio y le informa sobre sus derechos de privacidad y c\u00f3mo la ley lo protege. Utilizamos su informaci\u00f3n personal para proporcionar y mejorar el [&hellip;]<\/p>\n","protected":false},"author":2,"featured_media":0,"parent":0,"menu_order":0,"comment_status":"closed","ping_status":"closed","template":"","meta":{"_uag_custom_page_level_css":"","site-sidebar-layout":"default","site-content-layout":"","ast-site-content-layout":"default","site-content-style":"default","site-sidebar-style":"default","ast-global-header-display":"","ast-banner-title-visibility":"","ast-main-header-display":"","ast-hfb-above-header-display":"","ast-hfb-below-header-display":"","ast-hfb-mobile-header-display":"","site-post-title":"disabled","ast-breadcrumbs-content":"","ast-featured-img":"","footer-sml-layout":"","theme-transparent-header-meta":"disabled","adv-header-id-meta":"","stick-header-meta":"","header-above-stick-meta":"","header-main-stick-meta":"","header-below-stick-meta":"","astra-migrate-meta-layouts":"default","ast-page-background-enabled":"default","ast-page-background-meta":{"desktop":{"background-color":"","background-image":"","background-repeat":"repeat","background-position":"center center","background-size":"auto","background-attachment":"scroll","background-type":"","background-media":"","overlay-type":"","overlay-color":"","overlay-opacity":"","overlay-gradient":""},"tablet":{"background-color":"","background-image":"","background-repeat":"repeat","background-position":"center center","background-size":"auto","background-attachment":"scroll","background-type":"","background-media":"","overlay-type":"","overlay-color":"","overlay-opacity":"","overlay-gradient":""},"mobile":{"background-color":"","background-image":"","background-repeat":"repeat","background-position":"center center","background-size":"auto","background-attachment":"scroll","background-type":"","background-media":"","overlay-type":"","overlay-color":"","overlay-opacity":"","overlay-gradient":""}},"ast-content-background-meta":{"desktop":{"background-color":"var(--ast-global-color-5)","background-image":"","background-repeat":"repeat","background-position":"center center","background-size":"auto","background-attachment":"scroll","background-type":"","background-media":"","overlay-type":"","overlay-color":"","overlay-opacity":"","overlay-gradient":""},"tablet":{"background-color":"var(--ast-global-color-5)","background-image":"","background-repeat":"repeat","background-position":"center center","background-size":"auto","background-attachment":"scroll","background-type":"","background-media":"","overlay-type":"","overlay-color":"","overlay-opacity":"","overlay-gradient":""},"mobile":{"background-color":"var(--ast-global-color-5)","background-image":"","background-repeat":"repeat","background-position":"center center","background-size":"auto","background-attachment":"scroll","background-type":"","background-media":"","overlay-type":"","overlay-color":"","overlay-opacity":"","overlay-gradient":""}},"footnotes":""},"class_list":["post-21551","page","type-page","status-publish","hentry"],"aioseo_notices":[],"uagb_featured_image_src":{"full":false,"thumbnail":false,"medium":false,"medium_large":false,"large":false,"1536x1536":false,"2048x2048":false},"uagb_author_info":{"display_name":"Bartek","author_link":"https:\/\/qsrconsulting.info\/es\/author\/bartek\/"},"uagb_comment_info":0,"uagb_excerpt":"pol\u00edtica de privacidad \u00daltima actualizaci\u00f3n: 24 de julio de 2024 Esta Pol\u00edtica de Privacidad describe nuestras pol\u00edticas y procedimientos sobre la recopilaci\u00f3n, uso y divulgaci\u00f3n de su informaci\u00f3n cuando utiliza el Servicio y le informa sobre sus derechos de privacidad y c\u00f3mo la ley lo protege. Utilizamos su informaci\u00f3n personal para proporcionar y mejorar el&hellip;","_links":{"self":[{"href":"https:\/\/qsrconsulting.info\/es\/wp-json\/wp\/v2\/pages\/21551"}],"collection":[{"href":"https:\/\/qsrconsulting.info\/es\/wp-json\/wp\/v2\/pages"}],"about":[{"href":"https:\/\/qsrconsulting.info\/es\/wp-json\/wp\/v2\/types\/page"}],"author":[{"embeddable":true,"href":"https:\/\/qsrconsulting.info\/es\/wp-json\/wp\/v2\/users\/2"}],"replies":[{"embeddable":true,"href":"https:\/\/qsrconsulting.info\/es\/wp-json\/wp\/v2\/comments?post=21551"}],"version-history":[{"count":3,"href":"https:\/\/qsrconsulting.info\/es\/wp-json\/wp\/v2\/pages\/21551\/revisions"}],"predecessor-version":[{"id":21593,"href":"https:\/\/qsrconsulting.info\/es\/wp-json\/wp\/v2\/pages\/21551\/revisions\/21593"}],"wp:attachment":[{"href":"https:\/\/qsrconsulting.info\/es\/wp-json\/wp\/v2\/media?parent=21551"}],"curies":[{"name":"wp","href":"https:\/\/api.w.org\/{rel}","templated":true}]}}