{"id":21554,"date":"2023-11-13T09:58:34","date_gmt":"2023-11-13T08:58:34","guid":{"rendered":"https:\/\/qsrconsulting.info\/caso-de-estudio-2\/"},"modified":"2024-07-25T18:53:47","modified_gmt":"2024-07-25T16:53:47","slug":"caso-de-estudio-2","status":"publish","type":"page","link":"https:\/\/qsrconsulting.info\/es\/caso-de-estudio\/caso-de-estudio-2\/","title":{"rendered":"Caso de estudio 2"},"content":{"rendered":"\t\t<div data-elementor-type=\"wp-page\" data-elementor-id=\"21554\" class=\"elementor elementor-21554 elementor-2984\">\n\t\t\t\t\t\t<section class=\"elementor-section elementor-top-section elementor-element elementor-element-0334f6c elementor-section-height-min-height elementor-section-boxed elementor-section-height-default elementor-section-items-middle\" data-id=\"0334f6c\" data-element_type=\"section\" data-settings=\"{&quot;background_background&quot;:&quot;classic&quot;}\">\n\t\t\t\t\t\t\t<div class=\"elementor-background-overlay\"><\/div>\n\t\t\t\t\t\t\t<div class=\"elementor-container elementor-column-gap-no\">\n\t\t\t\t\t<div class=\"elementor-column elementor-col-100 elementor-top-column elementor-element elementor-element-91b67b4\" data-id=\"91b67b4\" data-element_type=\"column\">\n\t\t\t<div class=\"elementor-widget-wrap elementor-element-populated\">\n\t\t\t\t\t\t<div class=\"elementor-element elementor-element-2443ab6 elementor-widget elementor-widget-heading\" data-id=\"2443ab6\" data-element_type=\"widget\" data-widget_type=\"heading.default\">\n\t\t\t\t<div class=\"elementor-widget-container\">\n\t\t\t<h6 class=\"elementor-heading-title elementor-size-default\">estudio de caso 2<\/h6>\t\t<\/div>\n\t\t\t\t<\/div>\n\t\t\t\t<div class=\"elementor-element elementor-element-8518466 elementor-widget elementor-widget-heading\" data-id=\"8518466\" data-element_type=\"widget\" data-widget_type=\"heading.default\">\n\t\t\t\t<div class=\"elementor-widget-container\">\n\t\t\t<h1 class=\"elementor-heading-title elementor-size-default\">\"\u00c9xito que se puede medir\"<\/h1>\t\t<\/div>\n\t\t\t\t<\/div>\n\t\t\t\t\t<\/div>\n\t\t<\/div>\n\t\t\t\t\t<\/div>\n\t\t<\/section>\n\t\t\t\t<section class=\"elementor-section elementor-top-section elementor-element elementor-element-f721338 elementor-section-content-bottom elementor-section-boxed elementor-section-height-default elementor-section-height-default\" data-id=\"f721338\" data-element_type=\"section\">\n\t\t\t\t\t\t<div class=\"elementor-container elementor-column-gap-default\">\n\t\t\t\t\t<div class=\"elementor-column elementor-col-100 elementor-top-column elementor-element elementor-element-462271c\" data-id=\"462271c\" data-element_type=\"column\" data-settings=\"{&quot;background_background&quot;:&quot;classic&quot;}\">\n\t\t\t<div class=\"elementor-widget-wrap elementor-element-populated\">\n\t\t\t\t\t\t<div class=\"elementor-element elementor-element-8ecb127 elementor-widget elementor-widget-icon-box\" data-id=\"8ecb127\" data-element_type=\"widget\" data-widget_type=\"icon-box.default\">\n\t\t\t\t<div class=\"elementor-widget-container\">\n\t\t\t\t\t<div class=\"elementor-icon-box-wrapper\">\n\n\t\t\t\n\t\t\t\t\t\t<div class=\"elementor-icon-box-content\">\n\n\t\t\t\t\t\t\t\t\t<h3 class=\"elementor-icon-box-title\">\n\t\t\t\t\t\t<span  >\n\t\t\t\t\t\t\tDescripci\u00f3n del problema:\t\t\t\t\t\t<\/span>\n\t\t\t\t\t<\/h3>\n\t\t\t\t\n\t\t\t\t\t\t\t\t\t<p class=\"elementor-icon-box-description\">\n\t\t\t\t\t\tEn la era de la informaci\u00f3n, donde todo el mundo tiene acceso a enormes cantidades de datos, la diferencia es c\u00f3mo utilizarlos de forma eficaz. En un entorno donde se miden y analizan todos los aspectos de los negocios, resulta parad\u00f3jicamente dif\u00edcil centrarse en lo que realmente importa. Los equipos est\u00e1n preocupados por la abundancia de datos y, a menudo, carecen de un camino claro para lograr resultados reales y mensurables.\t\t\t\t\t<\/p>\n\t\t\t\t\n\t\t\t<\/div>\n\t\t\t\n\t\t<\/div>\n\t\t\t\t<\/div>\n\t\t\t\t<\/div>\n\t\t\t\t<div class=\"elementor-element elementor-element-ec0f21d elementor-widget elementor-widget-icon-box\" data-id=\"ec0f21d\" data-element_type=\"widget\" data-widget_type=\"icon-box.default\">\n\t\t\t\t<div class=\"elementor-widget-container\">\n\t\t\t\t\t<div class=\"elementor-icon-box-wrapper\">\n\n\t\t\t\n\t\t\t\t\t\t<div class=\"elementor-icon-box-content\">\n\n\t\t\t\t\t\t\t\t\t<h3 class=\"elementor-icon-box-title\">\n\t\t\t\t\t\t<span  >\n\t\t\t\t\t\t\tSoluci\u00f3n:\t\t\t\t\t\t<\/span>\n\t\t\t\t\t<\/h3>\n\t\t\t\t\n\t\t\t\t\t\t\t\t\t<p class=\"elementor-icon-box-description\">\n\t\t\t\t\t\tEn nuestra cooperaci\u00f3n, nos centramos en un enfoque anal\u00edtico y de procesos, respaldado por herramientas avanzadas de inteligencia artificial y automatizaci\u00f3n, para brindar a nuestros clientes una ventaja competitiva. Ya no se trata s\u00f3lo de ser r\u00e1pido, sino de ser inteligente y decidido en tus acciones. Nuestro enfoque ante este problema es redefinir el \u00e9xito. Nos centramos en los componentes del crecimiento de las ventas y con esta f\u00f3rmula, los equipos pueden identificar los elementos clave que impulsan su \u00e9xito. Implementamos herramientas anal\u00edticas y paneles que rastrean estos indicadores en tiempo real, lo que permite a los equipos reaccionar y ajustar estrategias r\u00e1pidamente.\t\t\t\t\t<\/p>\n\t\t\t\t\n\t\t\t<\/div>\n\t\t\t\n\t\t<\/div>\n\t\t\t\t<\/div>\n\t\t\t\t<\/div>\n\t\t\t\t<div class=\"elementor-element elementor-element-c15f2a2 elementor-widget elementor-widget-icon-box\" data-id=\"c15f2a2\" data-element_type=\"widget\" data-widget_type=\"icon-box.default\">\n\t\t\t\t<div class=\"elementor-widget-container\">\n\t\t\t\t\t<div class=\"elementor-icon-box-wrapper\">\n\n\t\t\t\n\t\t\t\t\t\t<div class=\"elementor-icon-box-content\">\n\n\t\t\t\t\t\t\t\t\t<h3 class=\"elementor-icon-box-title\">\n\t\t\t\t\t\t<span  >\n\t\t\t\t\t\t\tResultado:\t\t\t\t\t\t<\/span>\n\t\t\t\t\t<\/h3>\n\t\t\t\t\n\t\t\t\t\t\t\t\t\t<p class=\"elementor-icon-box-description\">\n\t\t\t\t\t\tLa introducci\u00f3n de este enfoque tuvo un impacto inmediato y duradero en la eficiencia de nuestros clientes. Los equipos se volvieron m\u00e1s organizados y orientados a objetivos y, lo m\u00e1s importante, comenzaron a tomar decisiones basadas en datos en lugar de en la intuici\u00f3n. Gracias a m\u00e9tricas claras y un seguimiento continuo, las empresas han experimentado un crecimiento significativo en \u00e1reas clave.\t\t\t\t\t<\/p>\n\t\t\t\t\n\t\t\t<\/div>\n\t\t\t\n\t\t<\/div>\n\t\t\t\t<\/div>\n\t\t\t\t<\/div>\n\t\t\t\t\t<\/div>\n\t\t<\/div>\n\t\t\t\t\t<\/div>\n\t\t<\/section>\n\t\t\t\t<section class=\"elementor-section elementor-top-section elementor-element elementor-element-9f33f5d elementor-section-boxed elementor-section-height-default elementor-section-height-default\" data-id=\"9f33f5d\" data-element_type=\"section\" data-settings=\"{&quot;background_background&quot;:&quot;classic&quot;}\">\n\t\t\t\t\t\t<div class=\"elementor-container elementor-column-gap-no\">\n\t\t\t\t\t<div class=\"elementor-column elementor-col-50 elementor-top-column elementor-element elementor-element-058d3c0\" data-id=\"058d3c0\" data-element_type=\"column\" data-settings=\"{&quot;background_background&quot;:&quot;classic&quot;}\">\n\t\t\t<div class=\"elementor-widget-wrap elementor-element-populated\">\n\t\t\t\t\t\t<div class=\"elementor-element elementor-element-c4546cb elementor-widget elementor-widget-image\" data-id=\"c4546cb\" data-element_type=\"widget\" data-widget_type=\"image.default\">\n\t\t\t\t<div class=\"elementor-widget-container\">\n\t\t\t\t\t\t\t\t\t\t\t\t\t<img fetchpriority=\"high\" decoding=\"async\" width=\"620\" height=\"515\" src=\"https:\/\/qsrconsulting.info\/wp-content\/uploads\/2024\/07\/qsr-talk-to-us-4.webp\" class=\"attachment-full size-full wp-image-20036\" alt=\"\" srcset=\"https:\/\/qsrconsulting.info\/wp-content\/uploads\/2024\/07\/qsr-talk-to-us-4.webp 620w, https:\/\/qsrconsulting.info\/wp-content\/uploads\/2024\/07\/qsr-talk-to-us-4-300x249.webp 300w\" sizes=\"(max-width: 620px) 100vw, 620px\" \/>\t\t\t\t\t\t\t\t\t\t\t\t\t<\/div>\n\t\t\t\t<\/div>\n\t\t\t\t\t<\/div>\n\t\t<\/div>\n\t\t\t\t<div class=\"elementor-column elementor-col-50 elementor-top-column elementor-element elementor-element-2920f5d\" data-id=\"2920f5d\" data-element_type=\"column\" data-settings=\"{&quot;background_background&quot;:&quot;classic&quot;}\">\n\t\t\t<div class=\"elementor-widget-wrap elementor-element-populated\">\n\t\t\t\t\t\t<div class=\"elementor-element elementor-element-1af1ebe elementor-widget elementor-widget-heading\" data-id=\"1af1ebe\" data-element_type=\"widget\" data-widget_type=\"heading.default\">\n\t\t\t\t<div class=\"elementor-widget-container\">\n\t\t\t<h2 class=\"elementor-heading-title elementor-size-default\">como podemos ayudarte?<\/h2>\t\t<\/div>\n\t\t\t\t<\/div>\n\t\t\t\t<div class=\"elementor-element elementor-element-bf7ecf1 elementor-widget elementor-widget-heading\" data-id=\"bf7ecf1\" data-element_type=\"widget\" data-widget_type=\"heading.default\">\n\t\t\t\t<div class=\"elementor-widget-container\">\n\t\t\t<h5 class=\"elementor-heading-title elementor-size-default\">Estamos con usted en cada etapa, desde la idea hasta la implementaci\u00f3n y el desarrollo posterior.<\/h5>\t\t<\/div>\n\t\t\t\t<\/div>\n\t\t\t\t<div class=\"elementor-element elementor-element-e063a48 elementor-widget elementor-widget-button\" data-id=\"e063a48\" data-element_type=\"widget\" data-widget_type=\"button.default\">\n\t\t\t\t<div class=\"elementor-widget-container\">\n\t\t\t\t\t<div class=\"elementor-button-wrapper\">\n\t\t\t<a class=\"elementor-button elementor-button-link elementor-size-sm\" href=\"https:\/\/qsrconsulting.info\/es\/pongase-en-contacto-con\/\">\n\t\t\t\t\t\t<span class=\"elementor-button-content-wrapper\">\n\t\t\t\t\t\t\t\t\t<span class=\"elementor-button-text\">H\u00e1blanos<\/span>\n\t\t\t\t\t<\/span>\n\t\t\t\t\t<\/a>\n\t\t<\/div>\n\t\t\t\t<\/div>\n\t\t\t\t<\/div>\n\t\t\t\t\t<\/div>\n\t\t<\/div>\n\t\t\t\t\t<\/div>\n\t\t<\/section>\n\t\t\t\t<\/div>\n\t\t","protected":false},"excerpt":{"rendered":"<p>estudio de caso 2 \u00ab\u00c9xito que se puede medir\u00bb Descripci\u00f3n del problema: En la era de la informaci\u00f3n, donde todo el mundo tiene acceso a enormes cantidades de datos, la diferencia es c\u00f3mo utilizarlos de forma eficaz. En un entorno donde se miden y analizan todos los aspectos de los negocios, resulta parad\u00f3jicamente dif\u00edcil centrarse [&hellip;]<\/p>\n","protected":false},"author":2,"featured_media":0,"parent":21560,"menu_order":0,"comment_status":"closed","ping_status":"closed","template":"","meta":{"_uag_custom_page_level_css":"","site-sidebar-layout":"no-sidebar","site-content-layout":"page-builder","ast-site-content-layout":"","site-content-style":"default","site-sidebar-style":"default","ast-global-header-display":"","ast-banner-title-visibility":"","ast-main-header-display":"","ast-hfb-above-header-display":"","ast-hfb-below-header-display":"","ast-hfb-mobile-header-display":"","site-post-title":"disabled","ast-breadcrumbs-content":"disabled","ast-featured-img":"disabled","footer-sml-layout":"","theme-transparent-header-meta":"enabled","adv-header-id-meta":"","stick-header-meta":"","header-above-stick-meta":"","header-main-stick-meta":"","header-below-stick-meta":"","astra-migrate-meta-layouts":"default","ast-page-background-enabled":"default","ast-page-background-meta":{"desktop":{"background-color":"","background-image":"","background-repeat":"repeat","background-position":"center center","background-size":"auto","background-attachment":"scroll","background-type":"","background-media":"","overlay-type":"","overlay-color":"","overlay-opacity":"","overlay-gradient":""},"tablet":{"background-color":"","background-image":"","background-repeat":"repeat","background-position":"center center","background-size":"auto","background-attachment":"scroll","background-type":"","background-media":"","overlay-type":"","overlay-color":"","overlay-opacity":"","overlay-gradient":""},"mobile":{"background-color":"","background-image":"","background-repeat":"repeat","background-position":"center center","background-size":"auto","background-attachment":"scroll","background-type":"","background-media":"","overlay-type":"","overlay-color":"","overlay-opacity":"","overlay-gradient":""}},"ast-content-background-meta":{"desktop":{"background-color":"var(--ast-global-color-5)","background-image":"","background-repeat":"repeat","background-position":"center center","background-size":"auto","background-attachment":"scroll","background-type":"","background-media":"","overlay-type":"","overlay-color":"","overlay-opacity":"","overlay-gradient":""},"tablet":{"background-color":"var(--ast-global-color-5)","background-image":"","background-repeat":"repeat","background-position":"center center","background-size":"auto","background-attachment":"scroll","background-type":"","background-media":"","overlay-type":"","overlay-color":"","overlay-opacity":"","overlay-gradient":""},"mobile":{"background-color":"var(--ast-global-color-5)","background-image":"","background-repeat":"repeat","background-position":"center center","background-size":"auto","background-attachment":"scroll","background-type":"","background-media":"","overlay-type":"","overlay-color":"","overlay-opacity":"","overlay-gradient":""}},"footnotes":""},"class_list":["post-21554","page","type-page","status-publish","hentry"],"aioseo_notices":[],"uagb_featured_image_src":{"full":false,"thumbnail":false,"medium":false,"medium_large":false,"large":false,"1536x1536":false,"2048x2048":false},"uagb_author_info":{"display_name":"Bartek","author_link":"https:\/\/qsrconsulting.info\/es\/author\/bartek\/"},"uagb_comment_info":0,"uagb_excerpt":"estudio de caso 2 \u00ab\u00c9xito que se puede medir\u00bb Descripci\u00f3n del problema: En la era de la informaci\u00f3n, donde todo el mundo tiene acceso a enormes cantidades de datos, la diferencia es c\u00f3mo utilizarlos de forma eficaz. En un entorno donde se miden y analizan todos los aspectos de los negocios, resulta parad\u00f3jicamente dif\u00edcil centrarse&hellip;","_links":{"self":[{"href":"https:\/\/qsrconsulting.info\/es\/wp-json\/wp\/v2\/pages\/21554"}],"collection":[{"href":"https:\/\/qsrconsulting.info\/es\/wp-json\/wp\/v2\/pages"}],"about":[{"href":"https:\/\/qsrconsulting.info\/es\/wp-json\/wp\/v2\/types\/page"}],"author":[{"embeddable":true,"href":"https:\/\/qsrconsulting.info\/es\/wp-json\/wp\/v2\/users\/2"}],"replies":[{"embeddable":true,"href":"https:\/\/qsrconsulting.info\/es\/wp-json\/wp\/v2\/comments?post=21554"}],"version-history":[{"count":6,"href":"https:\/\/qsrconsulting.info\/es\/wp-json\/wp\/v2\/pages\/21554\/revisions"}],"predecessor-version":[{"id":21673,"href":"https:\/\/qsrconsulting.info\/es\/wp-json\/wp\/v2\/pages\/21554\/revisions\/21673"}],"up":[{"embeddable":true,"href":"https:\/\/qsrconsulting.info\/es\/wp-json\/wp\/v2\/pages\/21560"}],"wp:attachment":[{"href":"https:\/\/qsrconsulting.info\/es\/wp-json\/wp\/v2\/media?parent=21554"}],"curies":[{"name":"wp","href":"https:\/\/api.w.org\/{rel}","templated":true}]}}