{"id":21701,"date":"2024-07-25T19:46:57","date_gmt":"2024-07-25T17:46:57","guid":{"rendered":"https:\/\/qsrconsulting.info\/politica-de-privacidad\/politica-de-cookies\/"},"modified":"2024-07-25T19:53:39","modified_gmt":"2024-07-25T17:53:39","slug":"politica-de-cookies","status":"publish","type":"page","link":"https:\/\/qsrconsulting.info\/es\/politica-de-privacidad\/politica-de-cookies\/","title":{"rendered":"Pol\u00edtica de cookies"},"content":{"rendered":"\n<h1 class=\"wp-block-heading\">Pol\u00edtica de cookies<\/h1>\n\n<p>\u00daltima actualizaci\u00f3n: 24 de julio de 2024<\/p>\n\n<p>Esta Pol\u00edtica de Cookies explica qu\u00e9 son las cookies y c\u00f3mo las utilizamos. Debe leer esta pol\u00edtica para comprender qu\u00e9 tipos de cookies utilizamos o qu\u00e9 informaci\u00f3n recopilamos mediante cookies y c\u00f3mo se utiliza esa informaci\u00f3n. Esta Pol\u00edtica de Cookies se cre\u00f3 con la ayuda del Generador de Pol\u00edticas de Cookies.<\/p>\n\n<p>Las cookies generalmente no contienen informaci\u00f3n que lo identifique personalmente, pero la informaci\u00f3n personal que almacenamos sobre usted puede estar vinculada a la informaci\u00f3n almacenada y obtenida de las cookies. Para obtener m\u00e1s informaci\u00f3n sobre c\u00f3mo utilizamos, almacenamos y protegemos sus datos personales, lea nuestra Pol\u00edtica de Privacidad.<\/p>\n\n<p>No almacenamos informaci\u00f3n personal sensible como direcciones postales, contrase\u00f1as de cuentas, etc. en las cookies que utilizamos.<\/p>\n\n<h1 class=\"wp-block-heading\">Interpretaci\u00f3n y definiciones<\/h1>\n\n<h2 class=\"wp-block-heading\">Interpretaci\u00f3n<\/h2>\n\n<p>Las palabras cuya primera letra est\u00e1 en may\u00fascula tienen significados definidos bajo las siguientes condiciones. Las siguientes definiciones tienen el mismo significado ya sean singulares o plurales.<\/p>\n\n<h2 class=\"wp-block-heading\">Definiciones<\/h2>\n\n<p>A los efectos de esta Pol\u00edtica de Cookies:<\/p>\n\n<ul class=\"wp-block-list\">\n<li>Empresa (denominada &quot;la Empresa&quot;, &quot;Nosotros&quot; o &quot;Nuestro&quot; en esta Pol\u00edtica de cookies) se refiere a QSR Consulting Ltd., Lordou Vyronos 61, 6023 Larnaca, Chipre.<\/li>\n\n\n\n<li>Las cookies son peque\u00f1os archivos colocados en su computadora, dispositivo m\u00f3vil u otro dispositivo por un sitio web, que contienen detalles de su historial de navegaci\u00f3n en ese sitio web, entre sus muchos usos.<\/li>\n\n\n\n<li>El sitio web se refiere a QSR Consulting, disponible en https:\/\/qsrconsulting.info<\/li>\n\n\n\n<li>Usted se refiere a la persona que accede o utiliza el Sitio, o la empresa o cualquier entidad legal en nombre de la cual dicha persona accede o utiliza el Sitio, seg\u00fan corresponda.<\/li>\n<\/ul>\n\n<h1 class=\"wp-block-heading\">Uso de cookies<\/h1>\n\n<h2 class=\"wp-block-heading\">El tipo de cookies que utilizamos<\/h2>\n\n<p>Las cookies pueden ser cookies &quot;persistentes&quot; o de &quot;sesi\u00f3n&quot;. Las cookies persistentes permanecen en su computadora personal o dispositivo m\u00f3vil cuando se desconecta, mientras que las cookies de sesi\u00f3n se eliminan inmediatamente cuando cierra su navegador web. Utilizamos cookies de sesi\u00f3n y persistentes para los fines que se detallan a continuaci\u00f3n:<\/p>\n\n<p><strong>Cookies necesarias\/necesarias<\/strong><\/p>\n\n<ul class=\"wp-block-list\">\n<li>Tipo: cookies de sesi\u00f3n<\/li>\n\n\n\n<li>Administrador: mi<\/li>\n\n\n\n<li>Finalidad: Estas cookies son necesarias para proporcionar los servicios disponibles a trav\u00e9s del sitio web y para permitir el uso de algunas de sus funciones. Ayudan a autenticar a los usuarios y evitar el uso fraudulento de cuentas de usuario. Sin estas cookies, los servicios que usted solicita no se pueden proporcionar y solo utilizamos estas cookies para brindarle estos servicios.<\/li>\n<\/ul>\n\n<p><strong>Cookies funcionales<\/strong><\/p>\n\n<ul class=\"wp-block-list\">\n<li>Tipo: cookies persistentes<\/li>\n\n\n\n<li>Administrador: mi<\/li>\n\n\n\n<li>Prop\u00f3sito: Estas cookies nos permiten recordar las elecciones que realiza al utilizar el sitio web, como recordar sus datos de inicio de sesi\u00f3n o sus preferencias de idioma. El prop\u00f3sito de estas cookies es brindarle una experiencia m\u00e1s personal y evitar que tenga que volver a ingresar sus preferencias cada vez que utiliza el sitio web.<\/li>\n<\/ul>\n\n<p><strong>Cookies anal\u00edticas y de rendimiento<\/strong><\/p>\n\n<ul class=\"wp-block-list\">\n<li>Tipo: cookies persistentes<\/li>\n\n\n\n<li>Administrador: terceros<\/li>\n\n\n\n<li>Finalidad: Estas cookies se utilizan para recopilar informaci\u00f3n sobre el tr\u00e1fico del sitio web y c\u00f3mo los usuarios utilizan el sitio web. La informaci\u00f3n recopilada a trav\u00e9s de estas cookies puede identificarlo directa o indirectamente como visitante individual. Esto se debe a que la informaci\u00f3n recopilada generalmente est\u00e1 asociada con un identificador seud\u00f3nimo asociado con el dispositivo que utiliza para acceder al Sitio. Para ello utilizamos Google Analytics, Mixpanel, Mouseflow y otras herramientas similares.<\/li>\n<\/ul>\n\n<p><strong>Cookies de publicidad y orientaci\u00f3n<\/strong><\/p>\n\n<ul class=\"wp-block-list\">\n<li>Tipo: Cookies persistentes<\/li>\n\n\n\n<li>Administradores: Terceros<\/li>\n\n\n\n<li>Prop\u00f3sito: Estas cookies se utilizan para hacer que los mensajes publicitarios sean m\u00e1s relevantes para usted. Realizan funciones como evitar que el mismo anuncio vuelva a aparecer continuamente, garantizar que los anuncios se muestren correctamente a los anunciantes y, en algunos casos, seleccionar anuncios seg\u00fan sus intereses. Utilizamos plataformas publicitarias como Google Ads y Facebook Ads, incluido el retargeting de usuarios.<\/li>\n<\/ul>\n\n<p><strong>Cookies de redes sociales<\/strong><\/p>\n\n<ul class=\"wp-block-list\">\n<li>Tipo: Cookies persistentes<\/li>\n\n\n\n<li>Administradores: Terceros<\/li>\n\n\n\n<li>Prop\u00f3sito: Adem\u00e1s de nuestras propias cookies, tambi\u00e9n podemos utilizar varias cookies de terceros para informar estad\u00edsticas de uso del Sitio, entregar publicidad en el Sitio y a trav\u00e9s de \u00e9l, etc. Estas cookies pueden rastrear actividades como iniciar sesi\u00f3n en cuentas de redes sociales (p. ej. &quot;Iniciar sesi\u00f3n con Facebook&quot;) o interacciones con botones de redes sociales (por ejemplo, botones Me gusta\/Seguir de Facebook).<\/li>\n<\/ul>\n\n<h1 class=\"wp-block-heading\">Sus opciones con respecto a las cookies<\/h1>\n\n<p>Si prefiere evitar el uso de cookies en el Sitio Web, primero deber\u00e1 desactivar el uso de cookies en su navegador y posteriormente eliminar las cookies almacenadas en el navegador asociado a este sitio web. Puede utilizar esta opci\u00f3n para impedir el uso de cookies en cualquier momento.<\/p>\n\n<p>Si no acepta nuestras cookies, puede experimentar algunos inconvenientes al utilizar el sitio web y es posible que algunas funciones no funcionen correctamente.<\/p>\n\n<p><strong>Si desea eliminar cookies o indicarle a su navegador web que elimine o rechace cookies, visite las p\u00e1ginas de ayuda de su navegador web.<\/strong><\/p>\n\n<ul class=\"wp-block-list\">\n<li>Para el navegador web Chrome, visite esta p\u00e1gina de Google: <a href=\"https:\/\/support.google.com\/accounts\/answer\/32050\">https:\/\/support.google.com\/accounts\/answer\/32050<\/a><\/li>\n\n\n\n<li>Para el navegador web Internet Explorer, visite este sitio web de Microsoft: <a href=\"http:\/\/support.microsoft.com\/kb\/278835\">http:\/\/support.microsoft.com\/kb\/278835<\/a><\/li>\n\n\n\n<li>Para el navegador web Firefox, visite este sitio web de Mozilla: <a href=\"https:\/\/support.mozilla.org\/en-US\/kb\/delete-cookies-remove-info-websites-stored\">https:\/\/support.mozilla.org\/en-US\/kb\/delete-cookies-remove-info-websites-stored<\/a><\/li>\n\n\n\n<li>Para el navegador web Safari, visite este sitio web de Apple: <a href=\"https:\/\/support.apple.com\/guide\/safari\/manage-cookies-and-website-data-sfri11471\/mac\">https:\/\/support.apple.com\/guide\/safari\/manage-cookies-and-website-data-sfri11471\/mac<\/a><\/li>\n\n\n\n<li>Para cualquier otro navegador web, visite sus sitios web oficiales.<\/li>\n<\/ul>\n\n<h2 class=\"wp-block-heading\">M\u00e1s informaci\u00f3n sobre las cookies<\/h2>\n\n<p>Puede encontrar m\u00e1s informaci\u00f3n sobre las cookies aqu\u00ed: <a href=\"https:\/\/www.termsfeed.com\/blog\/cookies\/\">Todo sobre las cookies de TermsFeed<\/a> .<\/p>\n\n<h2 class=\"wp-block-heading\">Cont\u00e1ctenos<\/h2>\n\n<p>Si tiene alguna pregunta sobre esta Pol\u00edtica de Cookies, puede contactar con nosotros:<\/p>\n\n<p>Por correo electr\u00f3nico: <a href=\"mailto:info@qsrconsulting.info\">info@qsrconsulting.info<\/a><\/p>\n","protected":false},"excerpt":{"rendered":"<p>Pol\u00edtica de cookies \u00daltima actualizaci\u00f3n: 24 de julio de 2024 Esta Pol\u00edtica de Cookies explica qu\u00e9 son las cookies y c\u00f3mo las utilizamos. Debe leer esta pol\u00edtica para comprender qu\u00e9 tipos de cookies utilizamos o qu\u00e9 informaci\u00f3n recopilamos mediante cookies y c\u00f3mo se utiliza esa informaci\u00f3n. Esta Pol\u00edtica de Cookies se cre\u00f3 con la ayuda [&hellip;]<\/p>\n","protected":false},"author":2,"featured_media":0,"parent":21551,"menu_order":0,"comment_status":"closed","ping_status":"closed","template":"","meta":{"_uag_custom_page_level_css":"","site-sidebar-layout":"default","site-content-layout":"","ast-site-content-layout":"default","site-content-style":"default","site-sidebar-style":"default","ast-global-header-display":"","ast-banner-title-visibility":"","ast-main-header-display":"","ast-hfb-above-header-display":"","ast-hfb-below-header-display":"","ast-hfb-mobile-header-display":"","site-post-title":"disabled","ast-breadcrumbs-content":"","ast-featured-img":"","footer-sml-layout":"","theme-transparent-header-meta":"disabled","adv-header-id-meta":"","stick-header-meta":"","header-above-stick-meta":"","header-main-stick-meta":"","header-below-stick-meta":"","astra-migrate-meta-layouts":"default","ast-page-background-enabled":"default","ast-page-background-meta":{"desktop":{"background-color":"","background-image":"","background-repeat":"repeat","background-position":"center center","background-size":"auto","background-attachment":"scroll","background-type":"","background-media":"","overlay-type":"","overlay-color":"","overlay-opacity":"","overlay-gradient":""},"tablet":{"background-color":"","background-image":"","background-repeat":"repeat","background-position":"center center","background-size":"auto","background-attachment":"scroll","background-type":"","background-media":"","overlay-type":"","overlay-color":"","overlay-opacity":"","overlay-gradient":""},"mobile":{"background-color":"","background-image":"","background-repeat":"repeat","background-position":"center center","background-size":"auto","background-attachment":"scroll","background-type":"","background-media":"","overlay-type":"","overlay-color":"","overlay-opacity":"","overlay-gradient":""}},"ast-content-background-meta":{"desktop":{"background-color":"var(--ast-global-color-5)","background-image":"","background-repeat":"repeat","background-position":"center center","background-size":"auto","background-attachment":"scroll","background-type":"","background-media":"","overlay-type":"","overlay-color":"","overlay-opacity":"","overlay-gradient":""},"tablet":{"background-color":"var(--ast-global-color-5)","background-image":"","background-repeat":"repeat","background-position":"center center","background-size":"auto","background-attachment":"scroll","background-type":"","background-media":"","overlay-type":"","overlay-color":"","overlay-opacity":"","overlay-gradient":""},"mobile":{"background-color":"var(--ast-global-color-5)","background-image":"","background-repeat":"repeat","background-position":"center center","background-size":"auto","background-attachment":"scroll","background-type":"","background-media":"","overlay-type":"","overlay-color":"","overlay-opacity":"","overlay-gradient":""}},"footnotes":""},"class_list":["post-21701","page","type-page","status-publish","hentry"],"aioseo_notices":[],"uagb_featured_image_src":{"full":false,"thumbnail":false,"medium":false,"medium_large":false,"large":false,"1536x1536":false,"2048x2048":false},"uagb_author_info":{"display_name":"Bartek","author_link":"https:\/\/qsrconsulting.info\/es\/author\/bartek\/"},"uagb_comment_info":0,"uagb_excerpt":"Pol\u00edtica de cookies \u00daltima actualizaci\u00f3n: 24 de julio de 2024 Esta Pol\u00edtica de Cookies explica qu\u00e9 son las cookies y c\u00f3mo las utilizamos. Debe leer esta pol\u00edtica para comprender qu\u00e9 tipos de cookies utilizamos o qu\u00e9 informaci\u00f3n recopilamos mediante cookies y c\u00f3mo se utiliza esa informaci\u00f3n. Esta Pol\u00edtica de Cookies se cre\u00f3 con la ayuda&hellip;","_links":{"self":[{"href":"https:\/\/qsrconsulting.info\/es\/wp-json\/wp\/v2\/pages\/21701"}],"collection":[{"href":"https:\/\/qsrconsulting.info\/es\/wp-json\/wp\/v2\/pages"}],"about":[{"href":"https:\/\/qsrconsulting.info\/es\/wp-json\/wp\/v2\/types\/page"}],"author":[{"embeddable":true,"href":"https:\/\/qsrconsulting.info\/es\/wp-json\/wp\/v2\/users\/2"}],"replies":[{"embeddable":true,"href":"https:\/\/qsrconsulting.info\/es\/wp-json\/wp\/v2\/comments?post=21701"}],"version-history":[{"count":1,"href":"https:\/\/qsrconsulting.info\/es\/wp-json\/wp\/v2\/pages\/21701\/revisions"}],"predecessor-version":[{"id":21702,"href":"https:\/\/qsrconsulting.info\/es\/wp-json\/wp\/v2\/pages\/21701\/revisions\/21702"}],"up":[{"embeddable":true,"href":"https:\/\/qsrconsulting.info\/es\/wp-json\/wp\/v2\/pages\/21551"}],"wp:attachment":[{"href":"https:\/\/qsrconsulting.info\/es\/wp-json\/wp\/v2\/media?parent=21701"}],"curies":[{"name":"wp","href":"https:\/\/api.w.org\/{rel}","templated":true}]}}