{"id":21347,"date":"2023-11-13T10:07:43","date_gmt":"2023-11-13T09:07:43","guid":{"rendered":"https:\/\/qsrconsulting.info\/etude-de-cas-cas-4\/"},"modified":"2024-07-25T12:38:26","modified_gmt":"2024-07-25T10:38:26","slug":"etude-de-cas-cas-4","status":"publish","type":"page","link":"https:\/\/qsrconsulting.info\/fr\/etude-de-cas\/etude-de-cas-cas-4\/","title":{"rendered":"\u00c9tude de cas cas 4"},"content":{"rendered":"\t\t<div data-elementor-type=\"wp-page\" data-elementor-id=\"21347\" class=\"elementor elementor-21347 elementor-2997\">\n\t\t\t\t\t\t<section class=\"elementor-section elementor-top-section elementor-element elementor-element-0334f6c elementor-section-height-min-height elementor-section-boxed elementor-section-height-default elementor-section-items-middle\" data-id=\"0334f6c\" data-element_type=\"section\" data-settings=\"{&quot;background_background&quot;:&quot;classic&quot;}\">\n\t\t\t\t\t\t\t<div class=\"elementor-background-overlay\"><\/div>\n\t\t\t\t\t\t\t<div class=\"elementor-container elementor-column-gap-no\">\n\t\t\t\t\t<div class=\"elementor-column elementor-col-100 elementor-top-column elementor-element elementor-element-91b67b4\" data-id=\"91b67b4\" data-element_type=\"column\">\n\t\t\t<div class=\"elementor-widget-wrap elementor-element-populated\">\n\t\t\t\t\t\t<div class=\"elementor-element elementor-element-2443ab6 elementor-widget elementor-widget-heading\" data-id=\"2443ab6\" data-element_type=\"widget\" data-widget_type=\"heading.default\">\n\t\t\t\t<div class=\"elementor-widget-container\">\n\t\t\t<h6 class=\"elementor-heading-title elementor-size-default\">\u00e9tude de cas 4<\/h6>\t\t<\/div>\n\t\t\t\t<\/div>\n\t\t\t\t<div class=\"elementor-element elementor-element-8518466 elementor-widget elementor-widget-heading\" data-id=\"8518466\" data-element_type=\"widget\" data-widget_type=\"heading.default\">\n\t\t\t\t<div class=\"elementor-widget-container\">\n\t\t\t<h1 class=\"elementor-heading-title elementor-size-default\">\"D\u00e9marquez-vous ou mourez.\"<\/h1>\t\t<\/div>\n\t\t\t\t<\/div>\n\t\t\t\t\t<\/div>\n\t\t<\/div>\n\t\t\t\t\t<\/div>\n\t\t<\/section>\n\t\t\t\t<section class=\"elementor-section elementor-top-section elementor-element elementor-element-f721338 elementor-section-content-bottom elementor-section-boxed elementor-section-height-default elementor-section-height-default\" data-id=\"f721338\" data-element_type=\"section\">\n\t\t\t\t\t\t<div class=\"elementor-container elementor-column-gap-default\">\n\t\t\t\t\t<div class=\"elementor-column elementor-col-100 elementor-top-column elementor-element elementor-element-462271c\" data-id=\"462271c\" data-element_type=\"column\" data-settings=\"{&quot;background_background&quot;:&quot;classic&quot;}\">\n\t\t\t<div class=\"elementor-widget-wrap elementor-element-populated\">\n\t\t\t\t\t\t<div class=\"elementor-element elementor-element-8ecb127 elementor-widget elementor-widget-icon-box\" data-id=\"8ecb127\" data-element_type=\"widget\" data-widget_type=\"icon-box.default\">\n\t\t\t\t<div class=\"elementor-widget-container\">\n\t\t\t\t\t<div class=\"elementor-icon-box-wrapper\">\n\n\t\t\t\n\t\t\t\t\t\t<div class=\"elementor-icon-box-content\">\n\n\t\t\t\t\t\t\t\t\t<h3 class=\"elementor-icon-box-title\">\n\t\t\t\t\t\t<span  >\n\t\t\t\t\t\t\tDescription du probl\u00e8me:\t\t\t\t\t\t<\/span>\n\t\t\t\t\t<\/h3>\n\t\t\t\t\n\t\t\t\t\t\t\t\t\t<p class=\"elementor-icon-box-description\">\n\t\t\t\t\t\tSur le march\u00e9 encombr\u00e9 du commerce \u00e9lectronique actuel, les entreprises ont souvent du mal \u00e0 diff\u00e9rencier leurs offres. Beaucoup d\u2019entre eux utilisent les m\u00eames outils marketing et strat\u00e9gies de vente, ce qui conduit \u00e0 la stagnation et au manque d\u2019innovation.\t\t\t\t\t<\/p>\n\t\t\t\t\n\t\t\t<\/div>\n\t\t\t\n\t\t<\/div>\n\t\t\t\t<\/div>\n\t\t\t\t<\/div>\n\t\t\t\t<div class=\"elementor-element elementor-element-ec0f21d elementor-widget elementor-widget-icon-box\" data-id=\"ec0f21d\" data-element_type=\"widget\" data-widget_type=\"icon-box.default\">\n\t\t\t\t<div class=\"elementor-widget-container\">\n\t\t\t\t\t<div class=\"elementor-icon-box-wrapper\">\n\n\t\t\t\n\t\t\t\t\t\t<div class=\"elementor-icon-box-content\">\n\n\t\t\t\t\t\t\t\t\t<h3 class=\"elementor-icon-box-title\">\n\t\t\t\t\t\t<span  >\n\t\t\t\t\t\t\tSolution:\t\t\t\t\t\t<\/span>\n\t\t\t\t\t<\/h3>\n\t\t\t\t\n\t\t\t\t\t\t\t\t\t<p class=\"elementor-icon-box-description\">\n\t\t\t\t\t\tContrairement aux entreprises traditionnelles qui s\u2019efforcent de maintenir le statu quo, nous abordons le commerce \u00e9lectronique dans une perspective d\u2019innovation. Nous n\u2019avons pas peur d\u2019exp\u00e9rimenter de nouvelles technologies, comme l\u2019intelligence artificielle et l\u2019analyse du Big Data, pour comprendre le comportement des consommateurs et adapter nos strat\u00e9gies.<br><br> <strong>Processus:<\/strong><br><br> <strong>1. Analyse et recherche\u00a0:<\/strong><br> Nous commen\u00e7ons par collecter et analyser des donn\u00e9es pour comprendre ce que veut r\u00e9ellement le client.<br><br> <strong>2. Strat\u00e9gie et planification :<\/strong> Sur la base d'analyses, nous cr\u00e9ons des strat\u00e9gies de marketing et de vente personnalis\u00e9es.<br><br> <strong>3. Mise en \u0153uvre et tests\u00a0:<\/strong> nous introduisons des innovations telles que les chatbots bas\u00e9s sur l'IA et la tarification dynamique et mesurons leur efficacit\u00e9.<br><br> <strong>4. Optimisation et mise \u00e0 l'\u00e9chelle\u00a0:<\/strong> sur la base des r\u00e9sultats, nous optimisons les activit\u00e9s et les adaptons \u00e0 l'ensemble de l'organisation.\t\t\t\t\t<\/p>\n\t\t\t\t\n\t\t\t<\/div>\n\t\t\t\n\t\t<\/div>\n\t\t\t\t<\/div>\n\t\t\t\t<\/div>\n\t\t\t\t<div class=\"elementor-element elementor-element-c15f2a2 elementor-widget elementor-widget-icon-box\" data-id=\"c15f2a2\" data-element_type=\"widget\" data-widget_type=\"icon-box.default\">\n\t\t\t\t<div class=\"elementor-widget-container\">\n\t\t\t\t\t<div class=\"elementor-icon-box-wrapper\">\n\n\t\t\t\n\t\t\t\t\t\t<div class=\"elementor-icon-box-content\">\n\n\t\t\t\t\t\t\t\t\t<h3 class=\"elementor-icon-box-title\">\n\t\t\t\t\t\t<span  >\n\t\t\t\t\t\t\tR\u00e9sultat:\t\t\t\t\t\t<\/span>\n\t\t\t\t\t<\/h3>\n\t\t\t\t\n\t\t\t\t\t\t\t\t\t<p class=\"elementor-icon-box-description\">\n\t\t\t\t\t\tGr\u00e2ce \u00e0 notre approche, nos clients constatent non seulement une augmentation significative des ventes, mais \u00e9galement de la satisfaction et de la fid\u00e9lit\u00e9 de leurs clients. Pour nous, l\u2019innovation n\u2019est pas un projet ponctuel, mais une pratique continue qui m\u00e8ne \u00e0 un d\u00e9veloppement et \u00e0 un succ\u00e8s continus.\t\t\t\t\t<\/p>\n\t\t\t\t\n\t\t\t<\/div>\n\t\t\t\n\t\t<\/div>\n\t\t\t\t<\/div>\n\t\t\t\t<\/div>\n\t\t\t\t\t<\/div>\n\t\t<\/div>\n\t\t\t\t\t<\/div>\n\t\t<\/section>\n\t\t\t\t<section class=\"elementor-section elementor-top-section elementor-element elementor-element-9f33f5d elementor-section-boxed elementor-section-height-default elementor-section-height-default\" data-id=\"9f33f5d\" data-element_type=\"section\" data-settings=\"{&quot;background_background&quot;:&quot;classic&quot;}\">\n\t\t\t\t\t\t<div class=\"elementor-container elementor-column-gap-no\">\n\t\t\t\t\t<div class=\"elementor-column elementor-col-50 elementor-top-column elementor-element elementor-element-058d3c0\" data-id=\"058d3c0\" data-element_type=\"column\" data-settings=\"{&quot;background_background&quot;:&quot;classic&quot;}\">\n\t\t\t<div class=\"elementor-widget-wrap elementor-element-populated\">\n\t\t\t\t\t\t<div class=\"elementor-element elementor-element-c4546cb elementor-widget elementor-widget-image\" data-id=\"c4546cb\" data-element_type=\"widget\" data-widget_type=\"image.default\">\n\t\t\t\t<div class=\"elementor-widget-container\">\n\t\t\t\t\t\t\t\t\t\t\t\t\t<img fetchpriority=\"high\" decoding=\"async\" width=\"620\" height=\"413\" src=\"https:\/\/qsrconsulting.info\/wp-content\/uploads\/2024\/07\/qsr-talk-to-us-3.webp\" class=\"attachment-full size-full wp-image-20015\" alt=\"qsr consulting\" srcset=\"https:\/\/qsrconsulting.info\/wp-content\/uploads\/2024\/07\/qsr-talk-to-us-3.webp 620w, https:\/\/qsrconsulting.info\/wp-content\/uploads\/2024\/07\/qsr-talk-to-us-3-300x200.webp 300w\" sizes=\"(max-width: 620px) 100vw, 620px\" \/>\t\t\t\t\t\t\t\t\t\t\t\t\t<\/div>\n\t\t\t\t<\/div>\n\t\t\t\t\t<\/div>\n\t\t<\/div>\n\t\t\t\t<div class=\"elementor-column elementor-col-50 elementor-top-column elementor-element elementor-element-2920f5d\" data-id=\"2920f5d\" data-element_type=\"column\" data-settings=\"{&quot;background_background&quot;:&quot;classic&quot;}\">\n\t\t\t<div class=\"elementor-widget-wrap elementor-element-populated\">\n\t\t\t\t\t\t<div class=\"elementor-element elementor-element-1af1ebe elementor-widget elementor-widget-heading\" data-id=\"1af1ebe\" data-element_type=\"widget\" data-widget_type=\"heading.default\">\n\t\t\t\t<div class=\"elementor-widget-container\">\n\t\t\t<h2 class=\"elementor-heading-title elementor-size-default\">Comment pouvons-nous vous aider?<\/h2>\t\t<\/div>\n\t\t\t\t<\/div>\n\t\t\t\t<div class=\"elementor-element elementor-element-bf7ecf1 elementor-widget elementor-widget-heading\" data-id=\"bf7ecf1\" data-element_type=\"widget\" data-widget_type=\"heading.default\">\n\t\t\t\t<div class=\"elementor-widget-container\">\n\t\t\t<h5 class=\"elementor-heading-title elementor-size-default\">Nous vous accompagnons \u00e0 chaque \u00e9tape - de l&#39;id\u00e9e \u00e0 la mise en \u0153uvre et au d\u00e9veloppement ult\u00e9rieur.<\/h5>\t\t<\/div>\n\t\t\t\t<\/div>\n\t\t\t\t<div class=\"elementor-element elementor-element-e063a48 elementor-widget elementor-widget-button\" data-id=\"e063a48\" data-element_type=\"widget\" data-widget_type=\"button.default\">\n\t\t\t\t<div class=\"elementor-widget-container\">\n\t\t\t\t\t<div class=\"elementor-button-wrapper\">\n\t\t\t<a class=\"elementor-button elementor-button-link elementor-size-sm\" href=\"https:\/\/qsrconsulting.info\/fr\/contact\/\">\n\t\t\t\t\t\t<span class=\"elementor-button-content-wrapper\">\n\t\t\t\t\t\t\t\t\t<span class=\"elementor-button-text\">Parle-nous<\/span>\n\t\t\t\t\t<\/span>\n\t\t\t\t\t<\/a>\n\t\t<\/div>\n\t\t\t\t<\/div>\n\t\t\t\t<\/div>\n\t\t\t\t\t<\/div>\n\t\t<\/div>\n\t\t\t\t\t<\/div>\n\t\t<\/section>\n\t\t\t\t<\/div>\n\t\t","protected":false},"excerpt":{"rendered":"<p>\u00e9tude de cas 4 \u00ab\u00a0D\u00e9marquez-vous ou mourez.\u00a0\u00bb Description du probl\u00e8me: Sur le march\u00e9 encombr\u00e9 du commerce \u00e9lectronique actuel, les entreprises ont souvent du mal \u00e0 diff\u00e9rencier leurs offres. Beaucoup d\u2019entre eux utilisent les m\u00eames outils marketing et strat\u00e9gies de vente, ce qui conduit \u00e0 la stagnation et au manque d\u2019innovation. Solution: Contrairement aux entreprises traditionnelles [&hellip;]<\/p>\n","protected":false},"author":2,"featured_media":0,"parent":21440,"menu_order":0,"comment_status":"closed","ping_status":"closed","template":"","meta":{"_uag_custom_page_level_css":"","site-sidebar-layout":"no-sidebar","site-content-layout":"page-builder","ast-site-content-layout":"","site-content-style":"default","site-sidebar-style":"default","ast-global-header-display":"","ast-banner-title-visibility":"","ast-main-header-display":"","ast-hfb-above-header-display":"","ast-hfb-below-header-display":"","ast-hfb-mobile-header-display":"","site-post-title":"disabled","ast-breadcrumbs-content":"disabled","ast-featured-img":"disabled","footer-sml-layout":"","theme-transparent-header-meta":"enabled","adv-header-id-meta":"","stick-header-meta":"","header-above-stick-meta":"","header-main-stick-meta":"","header-below-stick-meta":"","astra-migrate-meta-layouts":"default","ast-page-background-enabled":"default","ast-page-background-meta":{"desktop":{"background-color":"","background-image":"","background-repeat":"repeat","background-position":"center center","background-size":"auto","background-attachment":"scroll","background-type":"","background-media":"","overlay-type":"","overlay-color":"","overlay-opacity":"","overlay-gradient":""},"tablet":{"background-color":"","background-image":"","background-repeat":"repeat","background-position":"center center","background-size":"auto","background-attachment":"scroll","background-type":"","background-media":"","overlay-type":"","overlay-color":"","overlay-opacity":"","overlay-gradient":""},"mobile":{"background-color":"","background-image":"","background-repeat":"repeat","background-position":"center center","background-size":"auto","background-attachment":"scroll","background-type":"","background-media":"","overlay-type":"","overlay-color":"","overlay-opacity":"","overlay-gradient":""}},"ast-content-background-meta":{"desktop":{"background-color":"var(--ast-global-color-5)","background-image":"","background-repeat":"repeat","background-position":"center center","background-size":"auto","background-attachment":"scroll","background-type":"","background-media":"","overlay-type":"","overlay-color":"","overlay-opacity":"","overlay-gradient":""},"tablet":{"background-color":"var(--ast-global-color-5)","background-image":"","background-repeat":"repeat","background-position":"center center","background-size":"auto","background-attachment":"scroll","background-type":"","background-media":"","overlay-type":"","overlay-color":"","overlay-opacity":"","overlay-gradient":""},"mobile":{"background-color":"var(--ast-global-color-5)","background-image":"","background-repeat":"repeat","background-position":"center center","background-size":"auto","background-attachment":"scroll","background-type":"","background-media":"","overlay-type":"","overlay-color":"","overlay-opacity":"","overlay-gradient":""}},"footnotes":""},"class_list":["post-21347","page","type-page","status-publish","hentry"],"aioseo_notices":[],"uagb_featured_image_src":{"full":false,"thumbnail":false,"medium":false,"medium_large":false,"large":false,"1536x1536":false,"2048x2048":false},"uagb_author_info":{"display_name":"Bartek","author_link":"https:\/\/qsrconsulting.info\/fr\/author\/bartek\/"},"uagb_comment_info":0,"uagb_excerpt":"\u00e9tude de cas 4 \u00ab\u00a0D\u00e9marquez-vous ou mourez.\u00a0\u00bb Description du probl\u00e8me: Sur le march\u00e9 encombr\u00e9 du commerce \u00e9lectronique actuel, les entreprises ont souvent du mal \u00e0 diff\u00e9rencier leurs offres. Beaucoup d\u2019entre eux utilisent les m\u00eames outils marketing et strat\u00e9gies de vente, ce qui conduit \u00e0 la stagnation et au manque d\u2019innovation. Solution: Contrairement aux entreprises traditionnelles\u2026","_links":{"self":[{"href":"https:\/\/qsrconsulting.info\/fr\/wp-json\/wp\/v2\/pages\/21347"}],"collection":[{"href":"https:\/\/qsrconsulting.info\/fr\/wp-json\/wp\/v2\/pages"}],"about":[{"href":"https:\/\/qsrconsulting.info\/fr\/wp-json\/wp\/v2\/types\/page"}],"author":[{"embeddable":true,"href":"https:\/\/qsrconsulting.info\/fr\/wp-json\/wp\/v2\/users\/2"}],"replies":[{"embeddable":true,"href":"https:\/\/qsrconsulting.info\/fr\/wp-json\/wp\/v2\/comments?post=21347"}],"version-history":[{"count":8,"href":"https:\/\/qsrconsulting.info\/fr\/wp-json\/wp\/v2\/pages\/21347\/revisions"}],"predecessor-version":[{"id":21527,"href":"https:\/\/qsrconsulting.info\/fr\/wp-json\/wp\/v2\/pages\/21347\/revisions\/21527"}],"up":[{"embeddable":true,"href":"https:\/\/qsrconsulting.info\/fr\/wp-json\/wp\/v2\/pages\/21440"}],"wp:attachment":[{"href":"https:\/\/qsrconsulting.info\/fr\/wp-json\/wp\/v2\/media?parent=21347"}],"curies":[{"name":"wp","href":"https:\/\/api.w.org\/{rel}","templated":true}]}}