{"id":21354,"date":"2023-11-13T10:03:11","date_gmt":"2023-11-13T09:03:11","guid":{"rendered":"https:\/\/qsrconsulting.info\/etude-de-cas-cas-3\/"},"modified":"2024-07-25T12:37:42","modified_gmt":"2024-07-25T10:37:42","slug":"etude-de-cas-cas-3","status":"publish","type":"page","link":"https:\/\/qsrconsulting.info\/fr\/etude-de-cas\/etude-de-cas-cas-3\/","title":{"rendered":"\u00c9tude de cas cas 3"},"content":{"rendered":"\t\t<div data-elementor-type=\"wp-page\" data-elementor-id=\"21354\" class=\"elementor elementor-21354 elementor-2992\">\n\t\t\t\t\t\t<section class=\"elementor-section elementor-top-section elementor-element elementor-element-0334f6c elementor-section-height-min-height elementor-section-boxed elementor-section-height-default elementor-section-items-middle\" data-id=\"0334f6c\" data-element_type=\"section\" data-settings=\"{&quot;background_background&quot;:&quot;classic&quot;}\">\n\t\t\t\t\t\t\t<div class=\"elementor-background-overlay\"><\/div>\n\t\t\t\t\t\t\t<div class=\"elementor-container elementor-column-gap-no\">\n\t\t\t\t\t<div class=\"elementor-column elementor-col-100 elementor-top-column elementor-element elementor-element-91b67b4\" data-id=\"91b67b4\" data-element_type=\"column\">\n\t\t\t<div class=\"elementor-widget-wrap elementor-element-populated\">\n\t\t\t\t\t\t<div class=\"elementor-element elementor-element-2443ab6 elementor-widget elementor-widget-heading\" data-id=\"2443ab6\" data-element_type=\"widget\" data-widget_type=\"heading.default\">\n\t\t\t\t<div class=\"elementor-widget-container\">\n\t\t\t<h6 class=\"elementor-heading-title elementor-size-default\">\u00e9tude de cas 3<\/h6>\t\t<\/div>\n\t\t\t\t<\/div>\n\t\t\t\t<div class=\"elementor-element elementor-element-8518466 elementor-widget elementor-widget-heading\" data-id=\"8518466\" data-element_type=\"widget\" data-widget_type=\"heading.default\">\n\t\t\t\t<div class=\"elementor-widget-container\">\n\t\t\t<h1 class=\"elementor-heading-title elementor-size-default\">\"Une approche pratique de la th\u00e9orie.\"<\/h1>\t\t<\/div>\n\t\t\t\t<\/div>\n\t\t\t\t\t<\/div>\n\t\t<\/div>\n\t\t\t\t\t<\/div>\n\t\t<\/section>\n\t\t\t\t<section class=\"elementor-section elementor-top-section elementor-element elementor-element-f721338 elementor-section-content-bottom elementor-section-boxed elementor-section-height-default elementor-section-height-default\" data-id=\"f721338\" data-element_type=\"section\">\n\t\t\t\t\t\t<div class=\"elementor-container elementor-column-gap-default\">\n\t\t\t\t\t<div class=\"elementor-column elementor-col-100 elementor-top-column elementor-element elementor-element-462271c\" data-id=\"462271c\" data-element_type=\"column\" data-settings=\"{&quot;background_background&quot;:&quot;classic&quot;}\">\n\t\t\t<div class=\"elementor-widget-wrap elementor-element-populated\">\n\t\t\t\t\t\t<div class=\"elementor-element elementor-element-8ecb127 elementor-widget elementor-widget-icon-box\" data-id=\"8ecb127\" data-element_type=\"widget\" data-widget_type=\"icon-box.default\">\n\t\t\t\t<div class=\"elementor-widget-container\">\n\t\t\t\t\t<div class=\"elementor-icon-box-wrapper\">\n\n\t\t\t\n\t\t\t\t\t\t<div class=\"elementor-icon-box-content\">\n\n\t\t\t\t\t\t\t\t\t<h3 class=\"elementor-icon-box-title\">\n\t\t\t\t\t\t<span  >\n\t\t\t\t\t\t\tDescription du probl\u00e8me:\t\t\t\t\t\t<\/span>\n\t\t\t\t\t<\/h3>\n\t\t\t\t\n\t\t\t\t\t\t\t\t\t<p class=\"elementor-icon-box-description\">\n\t\t\t\t\t\tDans la th\u00e9orie du marketing et de la gestion de marque, il existe de nombreux concepts et mod\u00e8les visant \u00e0 accro\u00eetre la satisfaction des clients et les achats r\u00e9p\u00e9t\u00e9s. Toutefois, dans la pratique, nous constatons le probl\u00e8me de leur mise en \u0153uvre effective.\t\t\t\t\t<\/p>\n\t\t\t\t\n\t\t\t<\/div>\n\t\t\t\n\t\t<\/div>\n\t\t\t\t<\/div>\n\t\t\t\t<\/div>\n\t\t\t\t<div class=\"elementor-element elementor-element-ec0f21d elementor-widget elementor-widget-icon-box\" data-id=\"ec0f21d\" data-element_type=\"widget\" data-widget_type=\"icon-box.default\">\n\t\t\t\t<div class=\"elementor-widget-container\">\n\t\t\t\t\t<div class=\"elementor-icon-box-wrapper\">\n\n\t\t\t\n\t\t\t\t\t\t<div class=\"elementor-icon-box-content\">\n\n\t\t\t\t\t\t\t\t\t<h3 class=\"elementor-icon-box-title\">\n\t\t\t\t\t\t<span  >\n\t\t\t\t\t\t\tSolution:\t\t\t\t\t\t<\/span>\n\t\t\t\t\t<\/h3>\n\t\t\t\t\n\t\t\t\t\t\t\t\t\t<p class=\"elementor-icon-box-description\">\n\t\t\t\t\t\tAu lieu de traiter la th\u00e9orie comme un concept abstrait, nous commen\u00e7ons par comprendre les besoins et attentes r\u00e9els des clients.<br> <strong>Construire l'offre\u00a0:<\/strong> nous commen\u00e7ons par une analyse du march\u00e9 et de la concurrence pour comprendre o\u00f9 se trouvent les lacunes et quelles sont les opportunit\u00e9s inexploit\u00e9es. Ensuite, \u00e0 l\u2019aide d\u2019outils analytiques et du support de l\u2019IA, nous cr\u00e9ons une offre non seulement attractive, mais qui r\u00e9pond \u00e9galement aux besoins sp\u00e9cifiques des clients.<br> <strong>Gestion des cat\u00e9gories de produits\u00a0:<\/strong> nous ne nous limitons pas \u00e0 des produits uniques. Au lieu de cela, nous analysons l\u2019ensemble de la cat\u00e9gorie de produits, en identifiant les \u00e9l\u00e9ments cl\u00e9s qui influencent la satisfaction des clients et les achats r\u00e9p\u00e9t\u00e9s.<br> <strong>D\u00e9velopper la satisfaction et les achats r\u00e9p\u00e9t\u00e9s\u00a0:<\/strong> la cl\u00e9 ici est de comprendre l'ensemble du cycle de vie du client et quelles \u00e9tapes de ce cycle sont les plus importantes pour la satisfaction et la fid\u00e9lit\u00e9. Cela nous permet de nous concentrer sur les aspects qui comptent vraiment, au lieu de perdre du temps et des ressources sur des choses secondaires.\t\t\t\t\t<\/p>\n\t\t\t\t\n\t\t\t<\/div>\n\t\t\t\n\t\t<\/div>\n\t\t\t\t<\/div>\n\t\t\t\t<\/div>\n\t\t\t\t<div class=\"elementor-element elementor-element-c15f2a2 elementor-widget elementor-widget-icon-box\" data-id=\"c15f2a2\" data-element_type=\"widget\" data-widget_type=\"icon-box.default\">\n\t\t\t\t<div class=\"elementor-widget-container\">\n\t\t\t\t\t<div class=\"elementor-icon-box-wrapper\">\n\n\t\t\t\n\t\t\t\t\t\t<div class=\"elementor-icon-box-content\">\n\n\t\t\t\t\t\t\t\t\t<h3 class=\"elementor-icon-box-title\">\n\t\t\t\t\t\t<span  >\n\t\t\t\t\t\t\tR\u00e9sultat:\t\t\t\t\t\t<\/span>\n\t\t\t\t\t<\/h3>\n\t\t\t\t\n\t\t\t\t\t\t\t\t\t<p class=\"elementor-icon-box-description\">\n\t\t\t\t\t\tGr\u00e2ce \u00e0 une approche pratique de la th\u00e9orie, nous avons r\u00e9ussi non seulement \u00e0 augmenter la satisfaction des clients, mais \u00e9galement \u00e0 am\u00e9liorer consid\u00e9rablement les taux de r\u00e9achat. De plus, nos activit\u00e9s sont constamment surveill\u00e9es et optimis\u00e9es, gr\u00e2ce auxquelles nous pouvons r\u00e9pondre rapidement aux changements du march\u00e9 et aux besoins des clients.\t\t\t\t\t<\/p>\n\t\t\t\t\n\t\t\t<\/div>\n\t\t\t\n\t\t<\/div>\n\t\t\t\t<\/div>\n\t\t\t\t<\/div>\n\t\t\t\t\t<\/div>\n\t\t<\/div>\n\t\t\t\t\t<\/div>\n\t\t<\/section>\n\t\t\t\t<section class=\"elementor-section elementor-top-section elementor-element elementor-element-9f33f5d elementor-section-boxed elementor-section-height-default elementor-section-height-default\" data-id=\"9f33f5d\" data-element_type=\"section\" data-settings=\"{&quot;background_background&quot;:&quot;classic&quot;}\">\n\t\t\t\t\t\t<div class=\"elementor-container elementor-column-gap-no\">\n\t\t\t\t\t<div class=\"elementor-column elementor-col-50 elementor-top-column elementor-element elementor-element-058d3c0\" data-id=\"058d3c0\" data-element_type=\"column\" data-settings=\"{&quot;background_background&quot;:&quot;classic&quot;}\">\n\t\t\t<div class=\"elementor-widget-wrap elementor-element-populated\">\n\t\t\t\t\t\t<div class=\"elementor-element elementor-element-c4546cb elementor-widget elementor-widget-image\" data-id=\"c4546cb\" data-element_type=\"widget\" data-widget_type=\"image.default\">\n\t\t\t\t<div class=\"elementor-widget-container\">\n\t\t\t\t\t\t\t\t\t\t\t\t\t<img fetchpriority=\"high\" decoding=\"async\" width=\"620\" height=\"429\" src=\"https:\/\/qsrconsulting.info\/wp-content\/uploads\/2024\/07\/qsr-talk-to-us-1.webp\" class=\"attachment-full size-full wp-image-19931\" alt=\"\" srcset=\"https:\/\/qsrconsulting.info\/wp-content\/uploads\/2024\/07\/qsr-talk-to-us-1.webp 620w, https:\/\/qsrconsulting.info\/wp-content\/uploads\/2024\/07\/qsr-talk-to-us-1-300x208.webp 300w\" sizes=\"(max-width: 620px) 100vw, 620px\" \/>\t\t\t\t\t\t\t\t\t\t\t\t\t<\/div>\n\t\t\t\t<\/div>\n\t\t\t\t\t<\/div>\n\t\t<\/div>\n\t\t\t\t<div class=\"elementor-column elementor-col-50 elementor-top-column elementor-element elementor-element-2920f5d\" data-id=\"2920f5d\" data-element_type=\"column\" data-settings=\"{&quot;background_background&quot;:&quot;classic&quot;}\">\n\t\t\t<div class=\"elementor-widget-wrap elementor-element-populated\">\n\t\t\t\t\t\t<div class=\"elementor-element elementor-element-1af1ebe elementor-widget elementor-widget-heading\" data-id=\"1af1ebe\" data-element_type=\"widget\" data-widget_type=\"heading.default\">\n\t\t\t\t<div class=\"elementor-widget-container\">\n\t\t\t<h2 class=\"elementor-heading-title elementor-size-default\">Comment pouvons-nous vous aider?<\/h2>\t\t<\/div>\n\t\t\t\t<\/div>\n\t\t\t\t<div class=\"elementor-element elementor-element-bf7ecf1 elementor-widget elementor-widget-heading\" data-id=\"bf7ecf1\" data-element_type=\"widget\" data-widget_type=\"heading.default\">\n\t\t\t\t<div class=\"elementor-widget-container\">\n\t\t\t<h5 class=\"elementor-heading-title elementor-size-default\">Nous vous accompagnons \u00e0 chaque \u00e9tape \u2013 de l&#39;id\u00e9e \u00e0 la mise en \u0153uvre et au d\u00e9veloppement ult\u00e9rieur.<\/h5>\t\t<\/div>\n\t\t\t\t<\/div>\n\t\t\t\t<div class=\"elementor-element elementor-element-e063a48 elementor-widget elementor-widget-button\" data-id=\"e063a48\" data-element_type=\"widget\" data-widget_type=\"button.default\">\n\t\t\t\t<div class=\"elementor-widget-container\">\n\t\t\t\t\t<div class=\"elementor-button-wrapper\">\n\t\t\t<a class=\"elementor-button elementor-button-link elementor-size-sm\" href=\"https:\/\/qsrconsulting.info\/fr\/contact\/\">\n\t\t\t\t\t\t<span class=\"elementor-button-content-wrapper\">\n\t\t\t\t\t\t\t\t\t<span class=\"elementor-button-text\">Parle-nous<\/span>\n\t\t\t\t\t<\/span>\n\t\t\t\t\t<\/a>\n\t\t<\/div>\n\t\t\t\t<\/div>\n\t\t\t\t<\/div>\n\t\t\t\t\t<\/div>\n\t\t<\/div>\n\t\t\t\t\t<\/div>\n\t\t<\/section>\n\t\t\t\t<\/div>\n\t\t","protected":false},"excerpt":{"rendered":"<p>\u00e9tude de cas 3 \u00ab\u00a0Une approche pratique de la th\u00e9orie.\u00a0\u00bb Description du probl\u00e8me: Dans la th\u00e9orie du marketing et de la gestion de marque, il existe de nombreux concepts et mod\u00e8les visant \u00e0 accro\u00eetre la satisfaction des clients et les achats r\u00e9p\u00e9t\u00e9s. Toutefois, dans la pratique, nous constatons le probl\u00e8me de leur mise en \u0153uvre [&hellip;]<\/p>\n","protected":false},"author":2,"featured_media":0,"parent":21440,"menu_order":0,"comment_status":"closed","ping_status":"closed","template":"","meta":{"_uag_custom_page_level_css":"","site-sidebar-layout":"no-sidebar","site-content-layout":"page-builder","ast-site-content-layout":"","site-content-style":"default","site-sidebar-style":"default","ast-global-header-display":"","ast-banner-title-visibility":"","ast-main-header-display":"","ast-hfb-above-header-display":"","ast-hfb-below-header-display":"","ast-hfb-mobile-header-display":"","site-post-title":"disabled","ast-breadcrumbs-content":"disabled","ast-featured-img":"disabled","footer-sml-layout":"","theme-transparent-header-meta":"enabled","adv-header-id-meta":"","stick-header-meta":"","header-above-stick-meta":"","header-main-stick-meta":"","header-below-stick-meta":"","astra-migrate-meta-layouts":"default","ast-page-background-enabled":"default","ast-page-background-meta":{"desktop":{"background-color":"","background-image":"","background-repeat":"repeat","background-position":"center center","background-size":"auto","background-attachment":"scroll","background-type":"","background-media":"","overlay-type":"","overlay-color":"","overlay-opacity":"","overlay-gradient":""},"tablet":{"background-color":"","background-image":"","background-repeat":"repeat","background-position":"center center","background-size":"auto","background-attachment":"scroll","background-type":"","background-media":"","overlay-type":"","overlay-color":"","overlay-opacity":"","overlay-gradient":""},"mobile":{"background-color":"","background-image":"","background-repeat":"repeat","background-position":"center center","background-size":"auto","background-attachment":"scroll","background-type":"","background-media":"","overlay-type":"","overlay-color":"","overlay-opacity":"","overlay-gradient":""}},"ast-content-background-meta":{"desktop":{"background-color":"var(--ast-global-color-5)","background-image":"","background-repeat":"repeat","background-position":"center center","background-size":"auto","background-attachment":"scroll","background-type":"","background-media":"","overlay-type":"","overlay-color":"","overlay-opacity":"","overlay-gradient":""},"tablet":{"background-color":"var(--ast-global-color-5)","background-image":"","background-repeat":"repeat","background-position":"center center","background-size":"auto","background-attachment":"scroll","background-type":"","background-media":"","overlay-type":"","overlay-color":"","overlay-opacity":"","overlay-gradient":""},"mobile":{"background-color":"var(--ast-global-color-5)","background-image":"","background-repeat":"repeat","background-position":"center center","background-size":"auto","background-attachment":"scroll","background-type":"","background-media":"","overlay-type":"","overlay-color":"","overlay-opacity":"","overlay-gradient":""}},"footnotes":""},"class_list":["post-21354","page","type-page","status-publish","hentry"],"aioseo_notices":[],"uagb_featured_image_src":{"full":false,"thumbnail":false,"medium":false,"medium_large":false,"large":false,"1536x1536":false,"2048x2048":false},"uagb_author_info":{"display_name":"Bartek","author_link":"https:\/\/qsrconsulting.info\/fr\/author\/bartek\/"},"uagb_comment_info":0,"uagb_excerpt":"\u00e9tude de cas 3 \u00ab\u00a0Une approche pratique de la th\u00e9orie.\u00a0\u00bb Description du probl\u00e8me: Dans la th\u00e9orie du marketing et de la gestion de marque, il existe de nombreux concepts et mod\u00e8les visant \u00e0 accro\u00eetre la satisfaction des clients et les achats r\u00e9p\u00e9t\u00e9s. Toutefois, dans la pratique, nous constatons le probl\u00e8me de leur mise en \u0153uvre\u2026","_links":{"self":[{"href":"https:\/\/qsrconsulting.info\/fr\/wp-json\/wp\/v2\/pages\/21354"}],"collection":[{"href":"https:\/\/qsrconsulting.info\/fr\/wp-json\/wp\/v2\/pages"}],"about":[{"href":"https:\/\/qsrconsulting.info\/fr\/wp-json\/wp\/v2\/types\/page"}],"author":[{"embeddable":true,"href":"https:\/\/qsrconsulting.info\/fr\/wp-json\/wp\/v2\/users\/2"}],"replies":[{"embeddable":true,"href":"https:\/\/qsrconsulting.info\/fr\/wp-json\/wp\/v2\/comments?post=21354"}],"version-history":[{"count":7,"href":"https:\/\/qsrconsulting.info\/fr\/wp-json\/wp\/v2\/pages\/21354\/revisions"}],"predecessor-version":[{"id":21524,"href":"https:\/\/qsrconsulting.info\/fr\/wp-json\/wp\/v2\/pages\/21354\/revisions\/21524"}],"up":[{"embeddable":true,"href":"https:\/\/qsrconsulting.info\/fr\/wp-json\/wp\/v2\/pages\/21440"}],"wp:attachment":[{"href":"https:\/\/qsrconsulting.info\/fr\/wp-json\/wp\/v2\/media?parent=21354"}],"curies":[{"name":"wp","href":"https:\/\/api.w.org\/{rel}","templated":true}]}}