{"id":21432,"date":"2021-06-10T08:43:33","date_gmt":"2021-06-10T06:43:33","guid":{"rendered":"https:\/\/qsrconsulting.info\/a-propos\/"},"modified":"2024-09-26T14:33:40","modified_gmt":"2024-09-26T12:33:40","slug":"a-propos","status":"publish","type":"page","link":"https:\/\/qsrconsulting.info\/fr\/a-propos\/","title":{"rendered":"\u00c0 propos"},"content":{"rendered":"\t\t<div data-elementor-type=\"wp-page\" data-elementor-id=\"21432\" class=\"elementor elementor-21432 elementor-18\">\n\t\t\t\t\t\t<section class=\"elementor-section elementor-top-section elementor-element elementor-element-e0dea4f elementor-section-height-min-height elementor-section-boxed elementor-section-height-default elementor-section-items-middle\" data-id=\"e0dea4f\" data-element_type=\"section\" data-settings=\"{&quot;background_background&quot;:&quot;classic&quot;}\">\n\t\t\t\t\t\t\t<div class=\"elementor-background-overlay\"><\/div>\n\t\t\t\t\t\t\t<div class=\"elementor-container elementor-column-gap-no\">\n\t\t\t\t\t<div class=\"elementor-column elementor-col-100 elementor-top-column elementor-element elementor-element-547a54b\" data-id=\"547a54b\" data-element_type=\"column\">\n\t\t\t<div class=\"elementor-widget-wrap elementor-element-populated\">\n\t\t\t\t\t\t<div class=\"elementor-element elementor-element-164feb4 elementor-widget elementor-widget-heading\" data-id=\"164feb4\" data-element_type=\"widget\" data-widget_type=\"heading.default\">\n\t\t\t\t<div class=\"elementor-widget-container\">\n\t\t\t<h6 class=\"elementor-heading-title elementor-size-default\">QSR Consulting<\/h6>\t\t<\/div>\n\t\t\t\t<\/div>\n\t\t\t\t<div class=\"elementor-element elementor-element-2f6750d elementor-widget elementor-widget-heading\" data-id=\"2f6750d\" data-element_type=\"widget\" data-widget_type=\"heading.default\">\n\t\t\t\t<div class=\"elementor-widget-container\">\n\t\t\t<h1 class=\"elementor-heading-title elementor-size-default\">Qualit\u00e9, Strat\u00e9gie, R\u00e9sultats.<\/h1>\t\t<\/div>\n\t\t\t\t<\/div>\n\t\t\t\t\t<\/div>\n\t\t<\/div>\n\t\t\t\t\t<\/div>\n\t\t<\/section>\n\t\t\t\t<section class=\"elementor-section elementor-top-section elementor-element elementor-element-66f6c6a elementor-reverse-mobile elementor-section-boxed elementor-section-height-default elementor-section-height-default\" data-id=\"66f6c6a\" data-element_type=\"section\">\n\t\t\t\t\t\t<div class=\"elementor-container elementor-column-gap-no\">\n\t\t\t\t\t<div class=\"elementor-column elementor-col-50 elementor-top-column elementor-element elementor-element-4c94939\" data-id=\"4c94939\" data-element_type=\"column\" data-settings=\"{&quot;background_background&quot;:&quot;classic&quot;}\">\n\t\t\t<div class=\"elementor-widget-wrap elementor-element-populated\">\n\t\t\t\t\t<div class=\"elementor-background-overlay\"><\/div>\n\t\t\t\t\t\t<div class=\"elementor-element elementor-element-ad0d470 elementor-widget elementor-widget-spacer\" data-id=\"ad0d470\" data-element_type=\"widget\" data-widget_type=\"spacer.default\">\n\t\t\t\t<div class=\"elementor-widget-container\">\n\t\t\t\t\t<div class=\"elementor-spacer\">\n\t\t\t<div class=\"elementor-spacer-inner\"><\/div>\n\t\t<\/div>\n\t\t\t\t<\/div>\n\t\t\t\t<\/div>\n\t\t\t\t\t<\/div>\n\t\t<\/div>\n\t\t\t\t<div class=\"elementor-column elementor-col-50 elementor-top-column elementor-element elementor-element-bb91f2b\" data-id=\"bb91f2b\" data-element_type=\"column\" data-settings=\"{&quot;background_background&quot;:&quot;classic&quot;}\">\n\t\t\t<div class=\"elementor-widget-wrap elementor-element-populated\">\n\t\t\t\t\t\t<div class=\"elementor-element elementor-element-3e3b076 elementor-widget elementor-widget-heading\" data-id=\"3e3b076\" data-element_type=\"widget\" data-widget_type=\"heading.default\">\n\t\t\t\t<div class=\"elementor-widget-container\">\n\t\t\t<h6 class=\"elementor-heading-title elementor-size-default\">qui nous sommes<\/h6>\t\t<\/div>\n\t\t\t\t<\/div>\n\t\t\t\t<div class=\"elementor-element elementor-element-a997ddc elementor-widget elementor-widget-heading\" data-id=\"a997ddc\" data-element_type=\"widget\" data-widget_type=\"heading.default\">\n\t\t\t\t<div class=\"elementor-widget-container\">\n\t\t\t<h2 class=\"elementor-heading-title elementor-size-default\">Nous sommes un partenaire moderne sur le march\u00e9 des produits alimentaires, op\u00e9rant en tant que courtier \u00e0 valeur ajout\u00e9e.<\/h2>\t\t<\/div>\n\t\t\t\t<\/div>\n\t\t\t\t<div class=\"elementor-element elementor-element-7d848e4 elementor-widget elementor-widget-text-editor\" data-id=\"7d848e4\" data-element_type=\"widget\" data-widget_type=\"text-editor.default\">\n\t\t\t\t<div class=\"elementor-widget-container\">\n\t\t\t\t\t\t\t<p>Dans notre travail, nous sommes guid\u00e9s par la cr\u00e9ation de valeur pour les producteurs et les d\u00e9taillants de produits alimentaires. Nous sommes sp\u00e9cialis\u00e9s dans le conseil en produits, la conception de produits et leur mise en \u0153uvre en production. Nous sommes passionn\u00e9s par la vente, avec de nombreuses ann\u00e9es d&#39;exp\u00e9rience dans le commerce de d\u00e9tail, les produits de grande consommation, l&#39;alimentation de voyage, la restauration, le commerce \u00e9lectronique et la commodit\u00e9.<\/p>\n\t\t\t\t\t\t<\/div>\n\t\t\t\t<\/div>\n\t\t\t\t\t<\/div>\n\t\t<\/div>\n\t\t\t\t\t<\/div>\n\t\t<\/section>\n\t\t\t\t<section class=\"elementor-section elementor-top-section elementor-element elementor-element-3e6fb3b elementor-section-boxed elementor-section-height-default elementor-section-height-default\" data-id=\"3e6fb3b\" data-element_type=\"section\">\n\t\t\t\t\t\t<div class=\"elementor-container elementor-column-gap-no\">\n\t\t\t\t\t<div class=\"elementor-column elementor-col-50 elementor-top-column elementor-element elementor-element-bfb13b9\" data-id=\"bfb13b9\" data-element_type=\"column\" data-settings=\"{&quot;background_background&quot;:&quot;classic&quot;}\">\n\t\t\t<div class=\"elementor-widget-wrap elementor-element-populated\">\n\t\t\t\t\t\t<div class=\"elementor-element elementor-element-a19e8d8 elementor-widget elementor-widget-heading\" data-id=\"a19e8d8\" data-element_type=\"widget\" data-widget_type=\"heading.default\">\n\t\t\t\t<div class=\"elementor-widget-container\">\n\t\t\t<h6 class=\"elementor-heading-title elementor-size-default\">Notre histoire<\/h6>\t\t<\/div>\n\t\t\t\t<\/div>\n\t\t\t\t<div class=\"elementor-element elementor-element-c1de13b elementor-widget elementor-widget-heading\" data-id=\"c1de13b\" data-element_type=\"widget\" data-widget_type=\"heading.default\">\n\t\t\t\t<div class=\"elementor-widget-container\">\n\t\t\t<h2 class=\"elementor-heading-title elementor-size-default\">Un parcours riche en exp\u00e9riences et en r\u00e9ussites<\/h2>\t\t<\/div>\n\t\t\t\t<\/div>\n\t\t\t\t<div class=\"elementor-element elementor-element-caf1af5 elementor-widget elementor-widget-text-editor\" data-id=\"caf1af5\" data-element_type=\"widget\" data-widget_type=\"text-editor.default\">\n\t\t\t\t<div class=\"elementor-widget-container\">\n\t\t\t\t\t\t\t<div>\n<div>\n<p><a name=\"OLE_LINK1\"><\/a><a name=\"OLE_LINK2\"><\/a>Nous sommes une \u00e9quipe d\u2019experts exp\u00e9riment\u00e9s sp\u00e9cialis\u00e9s dans divers domaines d\u2019activit\u00e9. Nous poss\u00e9dons une vaste exp\u00e9rience dans la cr\u00e9ation de concepts de produits, la mise en \u0153uvre et les processus de production, d&#39;achat et de vente. Nous utilisons notre exp\u00e9rience pratique dans le commerce et le marketing pour aider nos clients \u00e0 atteindre leurs objectifs commerciaux.<\/p>\n<p> Chacun de nous apporte des connaissances, une exp\u00e9rience et des comp\u00e9tences sp\u00e9cifiques qui nous permettent de cr\u00e9er des solutions innovantes et efficaces. Gr\u00e2ce \u00e0 cela, en coop\u00e9ration avec nos partenaires, nous construisons des r\u00e9sultats concrets et de r\u00e9els b\u00e9n\u00e9fices.<\/p>\n<p> Nous basons nos activit\u00e9s sur des donn\u00e9es, que nous traduisons en processus et activit\u00e9s sp\u00e9cifiques qui mettent en \u0153uvre les objectifs de nos partenaires. Nous suivons constamment les derni\u00e8res tendances et adaptons nos strat\u00e9gies pour \u00eatre aussi efficaces que possible. Notre objectif n&#39;est pas seulement de r\u00e9ussir, mais \u00e9galement de construire des relations durables et pr\u00e9cieuses avec nos clients.<\/p>\n<p> Dans notre travail, nous combinons l&#39;exp\u00e9rience du commerce de d\u00e9tail, du commerce \u00e9lectronique, du commerce de proximit\u00e9 et du travel retail avec une approche moderne, qui nous permet de toujours avoir une longueur d&#39;avance sur la concurrence et de r\u00e9pondre efficacement aux conditions changeantes du march\u00e9.<\/p>\n<\/div>\n<\/div>\n\t\t\t\t\t\t<\/div>\n\t\t\t\t<\/div>\n\t\t\t\t\t<\/div>\n\t\t<\/div>\n\t\t\t\t<div class=\"elementor-column elementor-col-50 elementor-top-column elementor-element elementor-element-aeefb64\" data-id=\"aeefb64\" data-element_type=\"column\" data-settings=\"{&quot;background_background&quot;:&quot;classic&quot;}\">\n\t\t\t<div class=\"elementor-widget-wrap elementor-element-populated\">\n\t\t\t\t\t<div class=\"elementor-background-overlay\"><\/div>\n\t\t\t\t\t\t<div class=\"elementor-element elementor-element-da01a49 elementor-widget elementor-widget-spacer\" data-id=\"da01a49\" data-element_type=\"widget\" data-widget_type=\"spacer.default\">\n\t\t\t\t<div class=\"elementor-widget-container\">\n\t\t\t\t\t<div class=\"elementor-spacer\">\n\t\t\t<div class=\"elementor-spacer-inner\"><\/div>\n\t\t<\/div>\n\t\t\t\t<\/div>\n\t\t\t\t<\/div>\n\t\t\t\t\t<\/div>\n\t\t<\/div>\n\t\t\t\t\t<\/div>\n\t\t<\/section>\n\t\t\t\t<section class=\"elementor-section elementor-top-section elementor-element elementor-element-86d54aa elementor-section-content-top elementor-section-boxed elementor-section-height-default elementor-section-height-default\" data-id=\"86d54aa\" data-element_type=\"section\" data-settings=\"{&quot;background_background&quot;:&quot;classic&quot;}\">\n\t\t\t\t\t\t<div class=\"elementor-container elementor-column-gap-no\">\n\t\t\t\t\t<div class=\"elementor-column elementor-col-100 elementor-top-column elementor-element elementor-element-efe1ac5\" data-id=\"efe1ac5\" data-element_type=\"column\">\n\t\t\t<div class=\"elementor-widget-wrap elementor-element-populated\">\n\t\t\t\t\t\t<div class=\"elementor-element elementor-element-1aa989c elementor-widget elementor-widget-heading\" data-id=\"1aa989c\" data-element_type=\"widget\" data-widget_type=\"heading.default\">\n\t\t\t\t<div class=\"elementor-widget-container\">\n\t\t\t<h6 class=\"elementor-heading-title elementor-size-default\">Le but de notre travail<\/h6>\t\t<\/div>\n\t\t\t\t<\/div>\n\t\t\t\t<div class=\"elementor-element elementor-element-7fa5446 elementor-widget elementor-widget-heading\" data-id=\"7fa5446\" data-element_type=\"widget\" data-widget_type=\"heading.default\">\n\t\t\t\t<div class=\"elementor-widget-container\">\n\t\t\t<h2 class=\"elementor-heading-title elementor-size-default\">Nous agissons uniquement dans l'int\u00e9r\u00eat de nos partenaires.<\/h2>\t\t<\/div>\n\t\t\t\t<\/div>\n\t\t\t\t<div class=\"elementor-element elementor-element-f74303b elementor-widget elementor-widget-text-editor\" data-id=\"f74303b\" data-element_type=\"widget\" data-widget_type=\"text-editor.default\">\n\t\t\t\t<div class=\"elementor-widget-container\">\n\t\t\t\t\t\t\t<p>Nous nous concentrons sur la maximisation de votre entreprise. Notre flexibilit\u00e9 et notre ind\u00e9pendance nous permettent de nous adapter aux besoins individuels de chaque client, en proposant des solutions adapt\u00e9es \u00e0 vos objectifs et d\u00e9fis uniques.<\/p>\n\t\t\t\t\t\t<\/div>\n\t\t\t\t<\/div>\n\t\t\t\t\t<\/div>\n\t\t<\/div>\n\t\t\t\t\t<\/div>\n\t\t<\/section>\n\t\t\t\t<section class=\"elementor-section elementor-top-section elementor-element elementor-element-102622f elementor-section-boxed elementor-section-height-default elementor-section-height-default\" data-id=\"102622f\" data-element_type=\"section\" data-settings=\"{&quot;background_background&quot;:&quot;classic&quot;}\">\n\t\t\t\t\t\t<div class=\"elementor-container elementor-column-gap-no\">\n\t\t\t\t\t<div class=\"elementor-column elementor-col-50 elementor-top-column elementor-element elementor-element-a06da17\" data-id=\"a06da17\" data-element_type=\"column\" data-settings=\"{&quot;background_background&quot;:&quot;classic&quot;}\">\n\t\t\t<div class=\"elementor-widget-wrap elementor-element-populated\">\n\t\t\t\t\t\t<div class=\"elementor-element elementor-element-512ba65 elementor-widget elementor-widget-spacer\" data-id=\"512ba65\" data-element_type=\"widget\" data-widget_type=\"spacer.default\">\n\t\t\t\t<div class=\"elementor-widget-container\">\n\t\t\t\t\t<div class=\"elementor-spacer\">\n\t\t\t<div class=\"elementor-spacer-inner\"><\/div>\n\t\t<\/div>\n\t\t\t\t<\/div>\n\t\t\t\t<\/div>\n\t\t\t\t\t<\/div>\n\t\t<\/div>\n\t\t\t\t<div class=\"elementor-column elementor-col-50 elementor-top-column elementor-element elementor-element-fdfde7c\" data-id=\"fdfde7c\" data-element_type=\"column\">\n\t\t\t<div class=\"elementor-widget-wrap elementor-element-populated\">\n\t\t\t\t\t\t<div class=\"elementor-element elementor-element-38e737b elementor-widget elementor-widget-heading\" data-id=\"38e737b\" data-element_type=\"widget\" data-widget_type=\"heading.default\">\n\t\t\t\t<div class=\"elementor-widget-container\">\n\t\t\t<h6 class=\"elementor-heading-title elementor-size-default\">Contact<\/h6>\t\t<\/div>\n\t\t\t\t<\/div>\n\t\t\t\t<div class=\"elementor-element elementor-element-f00d906 elementor-widget elementor-widget-heading\" data-id=\"f00d906\" data-element_type=\"widget\" data-widget_type=\"heading.default\">\n\t\t\t\t<div class=\"elementor-widget-container\">\n\t\t\t<h2 class=\"elementor-heading-title elementor-size-default\">Nous vous invitons \u00e0 coop\u00e9rer\u00a0!<\/h2>\t\t<\/div>\n\t\t\t\t<\/div>\n\t\t\t\t<div class=\"elementor-element elementor-element-0b082f8 elementor-widget elementor-widget-button\" data-id=\"0b082f8\" data-element_type=\"widget\" data-widget_type=\"button.default\">\n\t\t\t\t<div class=\"elementor-widget-container\">\n\t\t\t\t\t<div class=\"elementor-button-wrapper\">\n\t\t\t<a class=\"elementor-button elementor-button-link elementor-size-sm\" href=\"https:\/\/qsrconsulting.info\/fr\/contact\/\">\n\t\t\t\t\t\t<span class=\"elementor-button-content-wrapper\">\n\t\t\t\t\t\t\t\t\t<span class=\"elementor-button-text\">Contact<\/span>\n\t\t\t\t\t<\/span>\n\t\t\t\t\t<\/a>\n\t\t<\/div>\n\t\t\t\t<\/div>\n\t\t\t\t<\/div>\n\t\t\t\t\t<\/div>\n\t\t<\/div>\n\t\t\t\t\t<\/div>\n\t\t<\/section>\n\t\t\t\t<\/div>\n\t\t","protected":false},"excerpt":{"rendered":"<p>QSR Consulting Qualit\u00e9, Strat\u00e9gie, R\u00e9sultats. qui nous sommes Nous sommes un partenaire moderne sur le march\u00e9 des produits alimentaires, op\u00e9rant en tant que courtier \u00e0 valeur ajout\u00e9e. Dans notre travail, nous sommes guid\u00e9s par la cr\u00e9ation de valeur pour les producteurs et les d\u00e9taillants de produits alimentaires. Nous sommes sp\u00e9cialis\u00e9s dans le conseil en produits, [&hellip;]<\/p>\n","protected":false},"author":2,"featured_media":0,"parent":0,"menu_order":0,"comment_status":"closed","ping_status":"closed","template":"","meta":{"_uag_custom_page_level_css":"","site-sidebar-layout":"no-sidebar","site-content-layout":"page-builder","ast-site-content-layout":"full-width-container","site-content-style":"unboxed","site-sidebar-style":"unboxed","ast-global-header-display":"","ast-banner-title-visibility":"","ast-main-header-display":"","ast-hfb-above-header-display":"","ast-hfb-below-header-display":"","ast-hfb-mobile-header-display":"","site-post-title":"disabled","ast-breadcrumbs-content":"disabled","ast-featured-img":"disabled","footer-sml-layout":"","theme-transparent-header-meta":"enabled","adv-header-id-meta":"","stick-header-meta":"","header-above-stick-meta":"","header-main-stick-meta":"","header-below-stick-meta":"","astra-migrate-meta-layouts":"default","ast-page-background-enabled":"default","ast-page-background-meta":{"desktop":{"background-color":"","background-image":"","background-repeat":"repeat","background-position":"center center","background-size":"auto","background-attachment":"scroll","background-type":"","background-media":"","overlay-type":"","overlay-color":"","overlay-opacity":"","overlay-gradient":""},"tablet":{"background-color":"","background-image":"","background-repeat":"repeat","background-position":"center center","background-size":"auto","background-attachment":"scroll","background-type":"","background-media":"","overlay-type":"","overlay-color":"","overlay-opacity":"","overlay-gradient":""},"mobile":{"background-color":"","background-image":"","background-repeat":"repeat","background-position":"center center","background-size":"auto","background-attachment":"scroll","background-type":"","background-media":"","overlay-type":"","overlay-color":"","overlay-opacity":"","overlay-gradient":""}},"ast-content-background-meta":{"desktop":{"background-color":"var(--ast-global-color-5)","background-image":"","background-repeat":"repeat","background-position":"center center","background-size":"auto","background-attachment":"scroll","background-type":"","background-media":"","overlay-type":"","overlay-color":"","overlay-opacity":"","overlay-gradient":""},"tablet":{"background-color":"var(--ast-global-color-5)","background-image":"","background-repeat":"repeat","background-position":"center center","background-size":"auto","background-attachment":"scroll","background-type":"","background-media":"","overlay-type":"","overlay-color":"","overlay-opacity":"","overlay-gradient":""},"mobile":{"background-color":"var(--ast-global-color-5)","background-image":"","background-repeat":"repeat","background-position":"center center","background-size":"auto","background-attachment":"scroll","background-type":"","background-media":"","overlay-type":"","overlay-color":"","overlay-opacity":"","overlay-gradient":""}},"footnotes":""},"class_list":["post-21432","page","type-page","status-publish","hentry"],"aioseo_notices":[],"uagb_featured_image_src":{"full":false,"thumbnail":false,"medium":false,"medium_large":false,"large":false,"1536x1536":false,"2048x2048":false},"uagb_author_info":{"display_name":"Bartek","author_link":"https:\/\/qsrconsulting.info\/fr\/author\/bartek\/"},"uagb_comment_info":0,"uagb_excerpt":"QSR Consulting Qualit\u00e9, Strat\u00e9gie, R\u00e9sultats. qui nous sommes Nous sommes un partenaire moderne sur le march\u00e9 des produits alimentaires, op\u00e9rant en tant que courtier \u00e0 valeur ajout\u00e9e. Dans notre travail, nous sommes guid\u00e9s par la cr\u00e9ation de valeur pour les producteurs et les d\u00e9taillants de produits alimentaires. Nous sommes sp\u00e9cialis\u00e9s dans le conseil en produits,\u2026","_links":{"self":[{"href":"https:\/\/qsrconsulting.info\/fr\/wp-json\/wp\/v2\/pages\/21432"}],"collection":[{"href":"https:\/\/qsrconsulting.info\/fr\/wp-json\/wp\/v2\/pages"}],"about":[{"href":"https:\/\/qsrconsulting.info\/fr\/wp-json\/wp\/v2\/types\/page"}],"author":[{"embeddable":true,"href":"https:\/\/qsrconsulting.info\/fr\/wp-json\/wp\/v2\/users\/2"}],"replies":[{"embeddable":true,"href":"https:\/\/qsrconsulting.info\/fr\/wp-json\/wp\/v2\/comments?post=21432"}],"version-history":[{"count":10,"href":"https:\/\/qsrconsulting.info\/fr\/wp-json\/wp\/v2\/pages\/21432\/revisions"}],"predecessor-version":[{"id":25355,"href":"https:\/\/qsrconsulting.info\/fr\/wp-json\/wp\/v2\/pages\/21432\/revisions\/25355"}],"wp:attachment":[{"href":"https:\/\/qsrconsulting.info\/fr\/wp-json\/wp\/v2\/media?parent=21432"}],"curies":[{"name":"wp","href":"https:\/\/api.w.org\/{rel}","templated":true}]}}