{"id":21693,"date":"2024-07-25T19:46:57","date_gmt":"2024-07-25T17:46:57","guid":{"rendered":"https:\/\/qsrconsulting.info\/politique-de-confidentialite\/politique-en-matiere-de-cookies\/"},"modified":"2024-07-25T19:55:04","modified_gmt":"2024-07-25T17:55:04","slug":"politique-en-matiere-de-cookies","status":"publish","type":"page","link":"https:\/\/qsrconsulting.info\/fr\/politique-de-confidentialite\/politique-en-matiere-de-cookies\/","title":{"rendered":"Politique en mati\u00e8re de cookies"},"content":{"rendered":"\n<h1 class=\"wp-block-heading\">Politique de cookies<\/h1>\n\n<p>Derni\u00e8re mise \u00e0 jour : 24 juillet 2024<\/p>\n\n<p>Cette politique en mati\u00e8re de cookies explique ce que sont les cookies et comment nous les utilisons. Vous devez lire cette politique pour comprendre quels types de cookies nous utilisons ou quelles informations nous collectons \u00e0 l&rsquo;aide de cookies et comment ces informations sont utilis\u00e9es. Cette politique en mati\u00e8re de cookies a \u00e9t\u00e9 cr\u00e9\u00e9e \u00e0 l&rsquo;aide du g\u00e9n\u00e9rateur de politique en mati\u00e8re de cookies.<\/p>\n\n<p>Les cookies ne contiennent g\u00e9n\u00e9ralement aucune information permettant de vous identifier personnellement, mais les informations personnelles que nous stockons \u00e0 votre sujet peuvent \u00eatre li\u00e9es \u00e0 des informations stock\u00e9es dans et obtenues \u00e0 partir des cookies. Pour plus d&rsquo;informations sur la mani\u00e8re dont nous utilisons, stockons et prot\u00e9geons vos donn\u00e9es personnelles, veuillez lire notre Politique de confidentialit\u00e9.<\/p>\n\n<p>Nous ne stockons pas d&rsquo;informations personnelles sensibles telles que les adresses postales, les mots de passe des comptes, etc. dans les cookies que nous utilisons.<\/p>\n\n<h1 class=\"wp-block-heading\">Interpr\u00e9tation et d\u00e9finitions<\/h1>\n\n<h2 class=\"wp-block-heading\">Interpr\u00e9tation<\/h2>\n\n<p>Les mots dont la premi\u00e8re lettre est en majuscule ont des significations d\u00e9finies dans les conditions suivantes. Les d\u00e9finitions suivantes ont la m\u00eame signification qu\u2019elles soient au singulier ou au pluriel.<\/p>\n\n<h2 class=\"wp-block-heading\">D\u00e9finitions<\/h2>\n\n<p>Aux fins de la pr\u00e9sente politique en mati\u00e8re de cookies\u00a0:<\/p>\n\n<ul class=\"wp-block-list\">\n<li>La soci\u00e9t\u00e9 (d\u00e9sign\u00e9e par \u00ab la Soci\u00e9t\u00e9 \u00bb, \u00ab Nous \u00bb, \u00ab Notre \u00bb ou \u00ab Notre \u00bb dans la pr\u00e9sente Politique en mati\u00e8re de cookies) fait r\u00e9f\u00e9rence \u00e0 QSR Consulting Ltd., Lordou Vyronos 61, 6023 Larnaca, Chypre.<\/li>\n\n\n\n<li>Les cookies d\u00e9signent de petits fichiers plac\u00e9s sur votre ordinateur, appareil mobile ou autre appareil par un site Web, contenant des d\u00e9tails de votre historique de navigation sur ce site Web parmi ses nombreuses utilisations.<\/li>\n\n\n\n<li>Le site Web fait r\u00e9f\u00e9rence \u00e0 QSR Consulting, disponible sur https:\/\/qsrconsulting.info<\/li>\n\n\n\n<li>Vous d\u00e9signez la personne acc\u00e9dant ou utilisant le Site, ou la soci\u00e9t\u00e9, ou toute entit\u00e9 juridique au nom de laquelle cette personne acc\u00e8de ou utilise le Site, selon le cas.<\/li>\n<\/ul>\n\n<h1 class=\"wp-block-heading\">Utilisation de cookies<\/h1>\n\n<h2 class=\"wp-block-heading\">Le type de cookies que nous utilisons<\/h2>\n\n<p>Les cookies peuvent \u00eatre des cookies \u00ab persistants \u00bb ou \u00ab de session \u00bb. Les cookies persistants restent sur votre ordinateur personnel ou appareil mobile lorsque vous vous d\u00e9connectez, tandis que les cookies de session sont imm\u00e9diatement supprim\u00e9s lorsque vous fermez votre navigateur Web. Nous utilisons des cookies de session et des cookies persistants aux fins \u00e9nonc\u00e9es ci-dessous\u00a0:<\/p>\n\n<p><strong>Cookies n\u00e9cessaires\/n\u00e9cessaires<\/strong><\/p>\n\n<ul class=\"wp-block-list\">\n<li>Type\u00a0: cookies de session<\/li>\n\n\n\n<li>Administrateur\u00a0: mon<\/li>\n\n\n\n<li>Finalit\u00e9 : Ces cookies sont n\u00e9cessaires pour fournir les services disponibles sur le site Web et pour permettre l&rsquo;utilisation de certaines de ses fonctionnalit\u00e9s. Ils aident \u00e0 authentifier les utilisateurs et \u00e0 pr\u00e9venir l&rsquo;utilisation frauduleuse des comptes d&rsquo;utilisateurs. Sans ces cookies, les services que vous demandez ne peuvent pas \u00eatre fournis et nous utilisons ces cookies uniquement pour vous fournir ces services.<\/li>\n<\/ul>\n\n<p><strong>Cookies fonctionnels<\/strong><\/p>\n\n<ul class=\"wp-block-list\">\n<li>Type\u00a0: cookies persistants<\/li>\n\n\n\n<li>Administrateur\u00a0: mon<\/li>\n\n\n\n<li>Objectif\u00a0: Ces cookies nous permettent de m\u00e9moriser les choix que vous faites lors de l&rsquo;utilisation du site Web, tels que la m\u00e9morisation de vos informations de connexion ou de vos pr\u00e9f\u00e9rences linguistiques. Le but de ces cookies est de vous offrir une exp\u00e9rience plus personnelle et de vous \u00e9viter de devoir saisir \u00e0 nouveau vos pr\u00e9f\u00e9rences \u00e0 chaque fois que vous utilisez le site Internet.<\/li>\n<\/ul>\n\n<p><strong>Cookies d&rsquo;analyse et de performance<\/strong><\/p>\n\n<ul class=\"wp-block-list\">\n<li>Type\u00a0: cookies persistants<\/li>\n\n\n\n<li>Administrateur\u00a0: tiers<\/li>\n\n\n\n<li>Objectif\u00a0: Ces cookies sont utilis\u00e9s pour collecter des informations sur le trafic du site Web et sur la mani\u00e8re dont les utilisateurs utilisent le site Web. Les informations collect\u00e9es via ces cookies peuvent vous identifier directement ou indirectement en tant que visiteur individuel. En effet, les informations collect\u00e9es sont g\u00e9n\u00e9ralement associ\u00e9es \u00e0 un identifiant pseudonyme associ\u00e9 \u00e0 l&rsquo;appareil que vous utilisez pour acc\u00e9der au Site. \u00c0 cette fin, nous utilisons Google Analytics, Mixpanel, Mouseflow et d&rsquo;autres outils similaires.<\/li>\n<\/ul>\n\n<p><strong>Cookies de publicit\u00e9 et de ciblage<\/strong><\/p>\n\n<ul class=\"wp-block-list\">\n<li>Type\u00a0: Cookies persistants<\/li>\n\n\n\n<li>Administrateurs\u00a0: tiers<\/li>\n\n\n\n<li>Finalit\u00e9\u00a0: Ces cookies sont utilis\u00e9s pour rendre les messages publicitaires plus pertinents pour vous. Ils remplissent des fonctions telles qu&#8217;emp\u00eacher la m\u00eame annonce de r\u00e9appara\u00eetre continuellement, garantir que les annonces s&rsquo;affichent correctement aupr\u00e8s des annonceurs et, dans certains cas, s\u00e9lectionner les annonces en fonction de vos int\u00e9r\u00eats. Nous utilisons des plateformes publicitaires telles que Google Ads et Facebook Ads, y compris le reciblage des utilisateurs.<\/li>\n<\/ul>\n\n<p><strong>Cookies de r\u00e9seaux sociaux<\/strong><\/p>\n\n<ul class=\"wp-block-list\">\n<li>Type\u00a0: Cookies persistants<\/li>\n\n\n\n<li>Administrateurs\u00a0: tiers<\/li>\n\n\n\n<li>Objectif : En plus de nos propres cookies, nous pouvons \u00e9galement utiliser divers cookies tiers pour rapporter des statistiques d&rsquo;utilisation du Site, diffuser de la publicit\u00e9 sur et via le Site, etc. Ces cookies peuvent suivre des activit\u00e9s telles que la connexion \u00e0 des comptes de r\u00e9seaux sociaux (par ex. \u00ab\u00a0Connectez-vous avec Facebook\u00a0\u00bb) ou interactions avec les boutons des r\u00e9seaux sociaux (par exemple les boutons J&rsquo;aime\/Suivre de Facebook).<\/li>\n<\/ul>\n\n<h1 class=\"wp-block-heading\">Vos choix concernant les cookies<\/h1>\n\n<p>Si vous pr\u00e9f\u00e9rez \u00e9viter l&rsquo;utilisation de cookies sur le site Web, vous devez d&rsquo;abord d\u00e9sactiver l&rsquo;utilisation de cookies dans votre navigateur, puis supprimer les cookies stock\u00e9s dans le navigateur associ\u00e9 \u00e0 ce site Web. Vous pouvez utiliser cette option pour emp\u00eacher l&rsquo;utilisation de cookies \u00e0 tout moment.<\/p>\n\n<p>Si vous n&rsquo;acceptez pas nos cookies, vous pourriez rencontrer des d\u00e9sagr\u00e9ments lors de l&rsquo;utilisation du site Web et certaines fonctions pourraient ne pas fonctionner correctement.<\/p>\n\n<p><strong>Si vous souhaitez supprimer les cookies ou demander \u00e0 votre navigateur Web de supprimer ou de rejeter les cookies, veuillez visiter les pages d&rsquo;aide de votre navigateur Web.<\/strong><\/p>\n\n<ul class=\"wp-block-list\">\n<li>Pour le navigateur Web Chrome, veuillez visiter cette page Google\u00a0: <a href=\"https:\/\/support.google.com\/accounts\/answer\/32050\">https:\/\/support.google.com\/accounts\/answer\/32050<\/a><\/li>\n\n\n\n<li>Pour le navigateur Web Internet Explorer, visitez ce site Web de Microsoft\u00a0: <a href=\"http:\/\/support.microsoft.com\/kb\/278835\">http:\/\/support.microsoft.com\/kb\/278835<\/a><\/li>\n\n\n\n<li>Pour le navigateur Web Firefox, veuillez visiter ce site Web de Mozilla\u00a0: <a href=\"https:\/\/support.mozilla.org\/en-US\/kb\/delete-cookies-remove-info-websites-stored\">https:\/\/support.mozilla.org\/en-US\/kb\/delete-cookies-remove-info-websites-stored<\/a><\/li>\n\n\n\n<li>Pour le navigateur Web Safari, veuillez visiter ce site Web Apple\u00a0: <a href=\"https:\/\/support.apple.com\/guide\/safari\/manage-cookies-and-website-data-sfri11471\/mac\">https:\/\/support.apple.com\/guide\/safari\/manage-cookies-and-website-data-sfri11471\/mac<\/a><\/li>\n\n\n\n<li>Pour tout autre navigateur Web, visitez ses sites Web officiels.<\/li>\n<\/ul>\n\n<h2 class=\"wp-block-heading\">Plus d&rsquo;informations sur les cookies<\/h2>\n\n<p>Vous pouvez trouver plus d&rsquo;informations sur les cookies ici : <a href=\"https:\/\/www.termsfeed.com\/blog\/cookies\/\">Tout sur les cookies par TermsFeed<\/a> .<\/p>\n\n<h2 class=\"wp-block-heading\">Contactez-nous<\/h2>\n\n<p>Si vous avez des questions concernant cette politique en mati\u00e8re de cookies, vous pouvez nous contacter\u00a0:<\/p>\n\n<p>Par email : <a href=\"mailto:info@qsrconsulting.info\">info@qsrconsulting.info<\/a><\/p>\n","protected":false},"excerpt":{"rendered":"<p>Politique de cookies Derni\u00e8re mise \u00e0 jour : 24 juillet 2024 Cette politique en mati\u00e8re de cookies explique ce que sont les cookies et comment nous les utilisons. Vous devez lire cette politique pour comprendre quels types de cookies nous utilisons ou quelles informations nous collectons \u00e0 l&rsquo;aide de cookies et comment ces informations sont [&hellip;]<\/p>\n","protected":false},"author":2,"featured_media":0,"parent":21294,"menu_order":0,"comment_status":"closed","ping_status":"closed","template":"","meta":{"_uag_custom_page_level_css":"","site-sidebar-layout":"default","site-content-layout":"","ast-site-content-layout":"default","site-content-style":"default","site-sidebar-style":"default","ast-global-header-display":"","ast-banner-title-visibility":"","ast-main-header-display":"","ast-hfb-above-header-display":"","ast-hfb-below-header-display":"","ast-hfb-mobile-header-display":"","site-post-title":"disabled","ast-breadcrumbs-content":"","ast-featured-img":"","footer-sml-layout":"","theme-transparent-header-meta":"disabled","adv-header-id-meta":"","stick-header-meta":"","header-above-stick-meta":"","header-main-stick-meta":"","header-below-stick-meta":"","astra-migrate-meta-layouts":"default","ast-page-background-enabled":"default","ast-page-background-meta":{"desktop":{"background-color":"","background-image":"","background-repeat":"repeat","background-position":"center center","background-size":"auto","background-attachment":"scroll","background-type":"","background-media":"","overlay-type":"","overlay-color":"","overlay-opacity":"","overlay-gradient":""},"tablet":{"background-color":"","background-image":"","background-repeat":"repeat","background-position":"center center","background-size":"auto","background-attachment":"scroll","background-type":"","background-media":"","overlay-type":"","overlay-color":"","overlay-opacity":"","overlay-gradient":""},"mobile":{"background-color":"","background-image":"","background-repeat":"repeat","background-position":"center center","background-size":"auto","background-attachment":"scroll","background-type":"","background-media":"","overlay-type":"","overlay-color":"","overlay-opacity":"","overlay-gradient":""}},"ast-content-background-meta":{"desktop":{"background-color":"var(--ast-global-color-5)","background-image":"","background-repeat":"repeat","background-position":"center center","background-size":"auto","background-attachment":"scroll","background-type":"","background-media":"","overlay-type":"","overlay-color":"","overlay-opacity":"","overlay-gradient":""},"tablet":{"background-color":"var(--ast-global-color-5)","background-image":"","background-repeat":"repeat","background-position":"center center","background-size":"auto","background-attachment":"scroll","background-type":"","background-media":"","overlay-type":"","overlay-color":"","overlay-opacity":"","overlay-gradient":""},"mobile":{"background-color":"var(--ast-global-color-5)","background-image":"","background-repeat":"repeat","background-position":"center center","background-size":"auto","background-attachment":"scroll","background-type":"","background-media":"","overlay-type":"","overlay-color":"","overlay-opacity":"","overlay-gradient":""}},"footnotes":""},"class_list":["post-21693","page","type-page","status-publish","hentry"],"aioseo_notices":[],"uagb_featured_image_src":{"full":false,"thumbnail":false,"medium":false,"medium_large":false,"large":false,"1536x1536":false,"2048x2048":false},"uagb_author_info":{"display_name":"Bartek","author_link":"https:\/\/qsrconsulting.info\/fr\/author\/bartek\/"},"uagb_comment_info":0,"uagb_excerpt":"Politique de cookies Derni\u00e8re mise \u00e0 jour : 24 juillet 2024 Cette politique en mati\u00e8re de cookies explique ce que sont les cookies et comment nous les utilisons. Vous devez lire cette politique pour comprendre quels types de cookies nous utilisons ou quelles informations nous collectons \u00e0 l&rsquo;aide de cookies et comment ces informations sont\u2026","_links":{"self":[{"href":"https:\/\/qsrconsulting.info\/fr\/wp-json\/wp\/v2\/pages\/21693"}],"collection":[{"href":"https:\/\/qsrconsulting.info\/fr\/wp-json\/wp\/v2\/pages"}],"about":[{"href":"https:\/\/qsrconsulting.info\/fr\/wp-json\/wp\/v2\/types\/page"}],"author":[{"embeddable":true,"href":"https:\/\/qsrconsulting.info\/fr\/wp-json\/wp\/v2\/users\/2"}],"replies":[{"embeddable":true,"href":"https:\/\/qsrconsulting.info\/fr\/wp-json\/wp\/v2\/comments?post=21693"}],"version-history":[{"count":3,"href":"https:\/\/qsrconsulting.info\/fr\/wp-json\/wp\/v2\/pages\/21693\/revisions"}],"predecessor-version":[{"id":21706,"href":"https:\/\/qsrconsulting.info\/fr\/wp-json\/wp\/v2\/pages\/21693\/revisions\/21706"}],"up":[{"embeddable":true,"href":"https:\/\/qsrconsulting.info\/fr\/wp-json\/wp\/v2\/pages\/21294"}],"wp:attachment":[{"href":"https:\/\/qsrconsulting.info\/fr\/wp-json\/wp\/v2\/media?parent=21693"}],"curies":[{"name":"wp","href":"https:\/\/api.w.org\/{rel}","templated":true}]}}