{"id":21697,"date":"2024-07-25T19:46:57","date_gmt":"2024-07-25T17:46:57","guid":{"rendered":"https:\/\/qsrconsulting.info\/fridhelgisstefna\/vafrakokurstefna\/"},"modified":"2024-07-25T19:53:39","modified_gmt":"2024-07-25T17:53:39","slug":"vafrakokurstefna","status":"publish","type":"page","link":"https:\/\/qsrconsulting.info\/is\/fridhelgisstefna\/vafrakokurstefna\/","title":{"rendered":"Vafrak\u00f6kurstefna"},"content":{"rendered":"\n<h1 class=\"wp-block-heading\">Cookie stefna<\/h1>\n\n<p>S\u00ed\u00f0ast uppf\u00e6rt: 24. j\u00fal\u00ed 2024<\/p>\n\n<p>\u00deessi vafrak\u00f6kustefna \u00fatsk\u00fdrir hva\u00f0 vafrak\u00f6kur eru og hvernig vi\u00f0 notum \u00fe\u00e6r. \u00de\u00fa \u00e6ttir a\u00f0 lesa \u00feessa stefnu til a\u00f0 skilja hva\u00f0a tegundir af vafrak\u00f6kum vi\u00f0 notum e\u00f0a hva\u00f0a uppl\u00fdsingum vi\u00f0 s\u00f6fnum me\u00f0 vafrak\u00f6kum og hvernig \u00fe\u00e6r uppl\u00fdsingar eru nota\u00f0ar. \u00deessi vafrak\u00f6kustefna var b\u00fain til me\u00f0 hj\u00e1lp vafrak\u00f6kustefnunnar.<\/p>\n\n<p>Vafrak\u00f6kur innihalda venjulega engar uppl\u00fdsingar sem au\u00f0kenna \u00feig pers\u00f3nulega, en pers\u00f3nuuppl\u00fdsingar sem vi\u00f0 geymum um \u00feig g\u00e6tu veri\u00f0 tengdar vi\u00f0 uppl\u00fdsingar sem eru geymdar \u00ed og fengnar \u00far vafrak\u00f6kum. Fyrir frekari uppl\u00fdsingar um hvernig vi\u00f0 notum, geymum og vernda pers\u00f3nuuppl\u00fdsingar \u00fe\u00ednar, vinsamlegast lestu pers\u00f3nuverndarstefnu okkar.<\/p>\n\n<p>Vi\u00f0 geymum ekki vi\u00f0kv\u00e6mar pers\u00f3nuuppl\u00fdsingar eins og p\u00f3stf\u00f6ng, lykilor\u00f0 reikninga osfrv. \u00ed vafrak\u00f6kum sem vi\u00f0 notum.<\/p>\n\n<h1 class=\"wp-block-heading\">T\u00falkun og skilgreiningar<\/h1>\n\n<h2 class=\"wp-block-heading\">T\u00falkun<\/h2>\n\n<p>Or\u00f0 \u00fear sem fyrsti stafurinn er st\u00f3r hafa merkingu skilgreind vi\u00f0 eftirfarandi skilyr\u00f0i. Eftirfarandi skilgreiningar hafa s\u00f6mu merkingu hvort sem \u00fe\u00e6r eru eint\u00f6lu e\u00f0a fleirt\u00f6lu.<\/p>\n\n<h2 class=\"wp-block-heading\">Skilgreiningar<\/h2>\n\n<p>A\u00f0 \u00fev\u00ed er var\u00f0ar \u00feessa vafrak\u00f6kustefnu:<\/p>\n\n<ul class=\"wp-block-list\">\n<li>Fyrirt\u00e6ki (v\u00edsa\u00f0 til sem \u201eFyrirt\u00e6ki\u00f0\u201c, \u201eVi\u00f0\u201c, \u201eVi\u00f0\u201c e\u00f0a \u201eokkar\u201c \u00ed \u00feessari vafrak\u00f6kustefnu) v\u00edsar til QSR Consulting Ltd., Lordou Vyronos 61, 6023 Larnaca, K\u00fdpur.<\/li>\n\n\n\n<li>Vafrak\u00f6kur merkja litlar skr\u00e1r sem vefs\u00ed\u00f0a setur \u00e1 t\u00f6lvuna \u00fe\u00edna, fars\u00edma e\u00f0a \u00f6nnur t\u00e6ki, sem innihalda uppl\u00fdsingar um vafraferil \u00feinn \u00e1 \u00feeirri vefs\u00ed\u00f0u me\u00f0al margra nota \u00feess.<\/li>\n\n\n\n<li>\u00c1 vefs\u00ed\u00f0unni er v\u00edsa\u00f0 til QSR Consulting, sem er a\u00f0gengilegt \u00e1 https:\/\/qsrconsulting.info<\/li>\n\n\n\n<li>\u00de\u00fa \u00e1tt vi\u00f0 einstaklinginn sem hefur a\u00f0gang a\u00f0 e\u00f0a notar s\u00ed\u00f0una, e\u00f0a fyrirt\u00e6ki\u00f0, e\u00f0a hva\u00f0a l\u00f6ga\u00f0ila sem sl\u00edkur einstaklingur hefur a\u00f0gang a\u00f0 e\u00f0a notar s\u00ed\u00f0una fyrir h\u00f6nd, eftir \u00fev\u00ed sem vi\u00f0 \u00e1.<\/li>\n<\/ul>\n\n<h1 class=\"wp-block-heading\">Notkun \u00e1 vafrak\u00f6kum<\/h1>\n\n<h2 class=\"wp-block-heading\">Tegund f\u00f3tspora sem vi\u00f0 notum<\/h2>\n\n<p>Vafrak\u00f6kur geta veri\u00f0 &quot;vi\u00f0varandi&quot; e\u00f0a &quot;lotu&quot; vafrak\u00f6kur. Vi\u00f0varandi vafrak\u00f6kur ver\u00f0a \u00e1fram \u00e1 einkat\u00f6lvunni \u00feinni e\u00f0a fart\u00e6kinu \u00feegar \u00fe\u00fa fer\u00f0 \u00e1n nettengingar \u00e1 me\u00f0an setuk\u00f6kur eru eytt strax \u00feegar \u00fe\u00fa lokar vafranum \u00fe\u00ednum. Vi\u00f0 notum b\u00e6\u00f0i lotu og vi\u00f0varandi vafrak\u00f6kur \u00ed \u00feeim tilgangi sem l\u00fdst er h\u00e9r a\u00f0 ne\u00f0an:<\/p>\n\n<p><strong>Nau\u00f0synlegar\/nau\u00f0synlegar vafrak\u00f6kur<\/strong><\/p>\n\n<ul class=\"wp-block-list\">\n<li>Tegund: session cookies<\/li>\n\n\n\n<li>Stj\u00f3rnandi: m\u00edn<\/li>\n\n\n\n<li>Tilgangur: \u00deessar vafrak\u00f6kur eru nau\u00f0synlegar til a\u00f0 veita \u00fej\u00f3nustu sem er \u00ed bo\u00f0i \u00ed gegnum vefs\u00ed\u00f0una og til a\u00f0 gera kleift a\u00f0 nota suma eiginleika hennar. \u00deeir hj\u00e1lpa til vi\u00f0 a\u00f0 au\u00f0kenna notendur og koma \u00ed veg fyrir sviksamlega notkun notendareikninga. \u00c1n \u00feessara vafrakaka er ekki h\u00e6gt a\u00f0 veita \u00fej\u00f3nustuna sem \u00fe\u00fa bi\u00f0ur um og vi\u00f0 notum \u00feessar vafrak\u00f6kur eing\u00f6ngu til a\u00f0 veita \u00fe\u00e9r \u00feessa \u00fej\u00f3nustu.<\/li>\n<\/ul>\n\n<p><strong>Hagn\u00fdtar vafrak\u00f6kur<\/strong><\/p>\n\n<ul class=\"wp-block-list\">\n<li>Tegund: vi\u00f0varandi vafrak\u00f6kur<\/li>\n\n\n\n<li>Stj\u00f3rnandi: m\u00edn<\/li>\n\n\n\n<li>Tilgangur: \u00deessar vafrak\u00f6kur gera okkur kleift a\u00f0 muna val sem \u00fe\u00fa tekur \u00feegar \u00fe\u00fa notar vefs\u00ed\u00f0una, svo sem a\u00f0 muna innskr\u00e1ningaruppl\u00fdsingar \u00fe\u00ednar e\u00f0a tungum\u00e1lastillingar. Tilgangurinn me\u00f0 \u00feessum vafrak\u00f6kum er a\u00f0 veita \u00fe\u00e9r pers\u00f3nulegri upplifun og for\u00f0ast a\u00f0 \u00fe\u00fa \u00feurfir a\u00f0 sl\u00e1 inn \u00f3skir \u00fe\u00ednar aftur \u00ed hvert sinn sem \u00fe\u00fa notar vefs\u00ed\u00f0una.<\/li>\n<\/ul>\n\n<p><strong>Greiningar- og frammist\u00f6\u00f0uk\u00f6kur<\/strong><\/p>\n\n<ul class=\"wp-block-list\">\n<li>Tegund: vi\u00f0varandi vafrak\u00f6kur<\/li>\n\n\n\n<li>Stj\u00f3rnandi: \u00feri\u00f0ju a\u00f0ilar<\/li>\n\n\n\n<li>Tilgangur: \u00deessar vafrak\u00f6kur eru nota\u00f0ar til a\u00f0 safna uppl\u00fdsingum um umfer\u00f0 \u00e1 vefs\u00ed\u00f0unni og hvernig notendur nota vefs\u00ed\u00f0una. Uppl\u00fdsingarnar sem safna\u00f0 er \u00ed gegnum \u00feessar vafrak\u00f6kur g\u00e6tu beint e\u00f0a \u00f3beint au\u00f0kennt \u00feig sem einstakan gest. \u00deetta er vegna \u00feess a\u00f0 uppl\u00fdsingarnar sem safna\u00f0 er eru venjulega tengdar dulnefnisau\u00f0kenni sem tengist t\u00e6kinu sem \u00fe\u00fa notar til a\u00f0 f\u00e1 a\u00f0gang a\u00f0 s\u00ed\u00f0unni. \u00cd \u00feessu skyni notum vi\u00f0 Google Analytics, Mixpanel, Mouseflow og \u00f6nnur svipu\u00f0 verkf\u00e6ri.<\/li>\n<\/ul>\n\n<p><strong>Augl\u00fdsingar og mi\u00f0un \u00e1 vafrak\u00f6kur<\/strong><\/p>\n\n<ul class=\"wp-block-list\">\n<li>Tegund: Vi\u00f0varandi sm\u00e1k\u00f6kur<\/li>\n\n\n\n<li>Stj\u00f3rnendur: \u00deri\u00f0ju a\u00f0ilar<\/li>\n\n\n\n<li>Tilgangur: \u00deessar vafrak\u00f6kur eru nota\u00f0ar til a\u00f0 gera augl\u00fdsingaskilabo\u00f0 meira vi\u00f0eigandi fyrir \u00feig. \u00deeir framkv\u00e6ma a\u00f0ger\u00f0ir eins og a\u00f0 koma \u00ed veg fyrir a\u00f0 sama augl\u00fdsing birtist st\u00f6\u00f0ugt aftur, tryggja a\u00f0 augl\u00fdsingar s\u00e9u birtar r\u00e9tt fyrir augl\u00fdsendum og \u00ed sumum tilfellum a\u00f0 velja augl\u00fdsingar \u00fat fr\u00e1 \u00e1hugam\u00e1lum \u00fe\u00ednum. Vi\u00f0 notum augl\u00fdsingapalla eins og Google Ads og Facebook Ads, \u00fear \u00e1 me\u00f0al endurmi\u00f0un notenda.<\/li>\n<\/ul>\n\n<p><strong>Vefk\u00f6kur \u00e1 samf\u00e9lagsmi\u00f0lum<\/strong><\/p>\n\n<ul class=\"wp-block-list\">\n<li>Tegund: Vi\u00f0varandi sm\u00e1k\u00f6kur<\/li>\n\n\n\n<li>Stj\u00f3rnendur: \u00deri\u00f0ju a\u00f0ilar<\/li>\n\n\n\n<li>Tilgangur: Til vi\u00f0b\u00f3tar vi\u00f0 okkar eigin vafrak\u00f6kur g\u00e6tum vi\u00f0 einnig nota\u00f0 \u00fdmsar vafrak\u00f6kur fr\u00e1 \u00feri\u00f0ja a\u00f0ila til a\u00f0 tilkynna t\u00f6lfr\u00e6\u00f0i um notkun s\u00ed\u00f0unnar, birta augl\u00fdsingar \u00e1 og \u00ed gegnum s\u00ed\u00f0una o.s.frv. \u00deessar vafrak\u00f6kur g\u00e6tu fylgst me\u00f0 starfsemi eins og innskr\u00e1ningu \u00e1 samf\u00e9lagsmi\u00f0lareikninga (t.d. . \u201eSkr\u00e1\u00f0u \u00feig inn me\u00f0 Facebook\u201c) e\u00f0a samskipti vi\u00f0 hnappa \u00e1 samf\u00e9lagsmi\u00f0lum (t.d. Facebook Like\/Follow hnappar).<\/li>\n<\/ul>\n\n<h1 class=\"wp-block-heading\">Val \u00feitt var\u00f0andi vafrak\u00f6kur<\/h1>\n\n<p>Ef \u00fe\u00fa vilt frekar for\u00f0ast notkun \u00e1 vafrak\u00f6kum \u00e1 vefs\u00ed\u00f0unni ver\u00f0ur \u00fe\u00fa fyrst a\u00f0 sl\u00f6kkva \u00e1 notkun vafrak\u00f6kum \u00ed vafranum \u00fe\u00ednum og ey\u00f0a s\u00ed\u00f0an vafrak\u00f6kum sem geymdar eru \u00ed vafranum sem tengist \u00feessari vefs\u00ed\u00f0u. \u00de\u00fa getur nota\u00f0 \u00feennan m\u00f6guleika til a\u00f0 koma \u00ed veg fyrir notkun \u00e1 vafrak\u00f6kum hven\u00e6r sem er.<\/p>\n\n<p>Ef \u00fe\u00fa sam\u00feykkir ekki vafrak\u00f6kur okkar g\u00e6tir\u00f0u fundi\u00f0 fyrir einhverjum \u00f3\u00fe\u00e6gindum vi\u00f0 notkun vefs\u00ed\u00f0unnar og sumar a\u00f0ger\u00f0ir virka ekki r\u00e9tt.<\/p>\n\n<p><strong>Ef \u00fe\u00fa vilt ey\u00f0a vafrak\u00f6kum e\u00f0a lei\u00f0beina vafranum \u00fe\u00ednum um a\u00f0 fjarl\u00e6gja e\u00f0a hafna vafrak\u00f6kum skaltu fara \u00e1 hj\u00e1lpars\u00ed\u00f0ur vafrans \u00fe\u00edns.<\/strong><\/p>\n\n<ul class=\"wp-block-list\">\n<li>Fyrir Chrome vafra skaltu fara \u00e1 \u00feessa Google s\u00ed\u00f0u: <a href=\"https:\/\/support.google.com\/accounts\/answer\/32050\">https:\/\/support.google.com\/accounts\/answer\/32050<\/a><\/li>\n\n\n\n<li>Fyrir Internet Explorer vafra skaltu fara \u00e1 \u00feessa Microsoft vefs\u00ed\u00f0u: <a href=\"http:\/\/support.microsoft.com\/kb\/278835\">http:\/\/support.microsoft.com\/kb\/278835<\/a><\/li>\n\n\n\n<li>Fyrir Firefox vafra skaltu fara \u00e1 \u00feessa Mozilla vefs\u00ed\u00f0u: <a href=\"https:\/\/support.mozilla.org\/en-US\/kb\/delete-cookies-remove-info-websites-stored\">https:\/\/support.mozilla.org\/en-US\/kb\/delete-cookies-remove-info-websites-stored<\/a><\/li>\n\n\n\n<li>Far\u00f0u \u00e1 \u00feessa Apple vefs\u00ed\u00f0u fyrir Safari vafra: <a href=\"https:\/\/support.apple.com\/guide\/safari\/manage-cookies-and-website-data-sfri11471\/mac\">https:\/\/support.apple.com\/guide\/safari\/manage-cookies-and-website-data-sfri11471\/mac<\/a><\/li>\n\n\n\n<li>Far\u00f0u \u00e1 opinberar vefs\u00ed\u00f0ur hans fyrir a\u00f0ra vafra.<\/li>\n<\/ul>\n\n<h2 class=\"wp-block-heading\">Frekari uppl\u00fdsingar um vafrak\u00f6kur<\/h2>\n\n<p>\u00de\u00fa getur fundi\u00f0 frekari uppl\u00fdsingar um vafrak\u00f6kur h\u00e9r: <a href=\"https:\/\/www.termsfeed.com\/blog\/cookies\/\">Allt um vafrak\u00f6kur eftir TermsFeed<\/a> .<\/p>\n\n<h2 class=\"wp-block-heading\">Haf\u00f0u samband vi\u00f0 okkur<\/h2>\n\n<p>Ef \u00fe\u00fa hefur einhverjar spurningar um \u00feessa vafrak\u00f6kustefnu getur\u00f0u haft samband vi\u00f0 okkur:<\/p>\n\n<p>Me\u00f0 t\u00f6lvup\u00f3sti: <a href=\"mailto:info@qsrconsulting.info\">info@qsrconsulting.info<\/a><\/p>\n","protected":false},"excerpt":{"rendered":"<p>Cookie stefna S\u00ed\u00f0ast uppf\u00e6rt: 24. j\u00fal\u00ed 2024 \u00deessi vafrak\u00f6kustefna \u00fatsk\u00fdrir hva\u00f0 vafrak\u00f6kur eru og hvernig vi\u00f0 notum \u00fe\u00e6r. \u00de\u00fa \u00e6ttir a\u00f0 lesa \u00feessa stefnu til a\u00f0 skilja hva\u00f0a tegundir af vafrak\u00f6kum vi\u00f0 notum e\u00f0a hva\u00f0a uppl\u00fdsingum vi\u00f0 s\u00f6fnum me\u00f0 vafrak\u00f6kum og hvernig \u00fe\u00e6r uppl\u00fdsingar eru nota\u00f0ar. \u00deessi vafrak\u00f6kustefna var b\u00fain til me\u00f0 hj\u00e1lp vafrak\u00f6kustefnunnar. Vafrak\u00f6kur [&hellip;]<\/p>\n","protected":false},"author":2,"featured_media":0,"parent":21280,"menu_order":0,"comment_status":"closed","ping_status":"closed","template":"","meta":{"_uag_custom_page_level_css":"","site-sidebar-layout":"default","site-content-layout":"","ast-site-content-layout":"default","site-content-style":"default","site-sidebar-style":"default","ast-global-header-display":"","ast-banner-title-visibility":"","ast-main-header-display":"","ast-hfb-above-header-display":"","ast-hfb-below-header-display":"","ast-hfb-mobile-header-display":"","site-post-title":"disabled","ast-breadcrumbs-content":"","ast-featured-img":"","footer-sml-layout":"","theme-transparent-header-meta":"disabled","adv-header-id-meta":"","stick-header-meta":"","header-above-stick-meta":"","header-main-stick-meta":"","header-below-stick-meta":"","astra-migrate-meta-layouts":"default","ast-page-background-enabled":"default","ast-page-background-meta":{"desktop":{"background-color":"","background-image":"","background-repeat":"repeat","background-position":"center center","background-size":"auto","background-attachment":"scroll","background-type":"","background-media":"","overlay-type":"","overlay-color":"","overlay-opacity":"","overlay-gradient":""},"tablet":{"background-color":"","background-image":"","background-repeat":"repeat","background-position":"center center","background-size":"auto","background-attachment":"scroll","background-type":"","background-media":"","overlay-type":"","overlay-color":"","overlay-opacity":"","overlay-gradient":""},"mobile":{"background-color":"","background-image":"","background-repeat":"repeat","background-position":"center center","background-size":"auto","background-attachment":"scroll","background-type":"","background-media":"","overlay-type":"","overlay-color":"","overlay-opacity":"","overlay-gradient":""}},"ast-content-background-meta":{"desktop":{"background-color":"var(--ast-global-color-5)","background-image":"","background-repeat":"repeat","background-position":"center center","background-size":"auto","background-attachment":"scroll","background-type":"","background-media":"","overlay-type":"","overlay-color":"","overlay-opacity":"","overlay-gradient":""},"tablet":{"background-color":"var(--ast-global-color-5)","background-image":"","background-repeat":"repeat","background-position":"center center","background-size":"auto","background-attachment":"scroll","background-type":"","background-media":"","overlay-type":"","overlay-color":"","overlay-opacity":"","overlay-gradient":""},"mobile":{"background-color":"var(--ast-global-color-5)","background-image":"","background-repeat":"repeat","background-position":"center center","background-size":"auto","background-attachment":"scroll","background-type":"","background-media":"","overlay-type":"","overlay-color":"","overlay-opacity":"","overlay-gradient":""}},"footnotes":""},"class_list":["post-21697","page","type-page","status-publish","hentry"],"aioseo_notices":[],"uagb_featured_image_src":{"full":false,"thumbnail":false,"medium":false,"medium_large":false,"large":false,"1536x1536":false,"2048x2048":false},"uagb_author_info":{"display_name":"Bartek","author_link":"https:\/\/qsrconsulting.info\/is\/author\/bartek\/"},"uagb_comment_info":0,"uagb_excerpt":"Cookie stefna S\u00ed\u00f0ast uppf\u00e6rt: 24. j\u00fal\u00ed 2024 \u00deessi vafrak\u00f6kustefna \u00fatsk\u00fdrir hva\u00f0 vafrak\u00f6kur eru og hvernig vi\u00f0 notum \u00fe\u00e6r. \u00de\u00fa \u00e6ttir a\u00f0 lesa \u00feessa stefnu til a\u00f0 skilja hva\u00f0a tegundir af vafrak\u00f6kum vi\u00f0 notum e\u00f0a hva\u00f0a uppl\u00fdsingum vi\u00f0 s\u00f6fnum me\u00f0 vafrak\u00f6kum og hvernig \u00fe\u00e6r uppl\u00fdsingar eru nota\u00f0ar. \u00deessi vafrak\u00f6kustefna var b\u00fain til me\u00f0 hj\u00e1lp vafrak\u00f6kustefnunnar. Vafrak\u00f6kur&hellip;","_links":{"self":[{"href":"https:\/\/qsrconsulting.info\/is\/wp-json\/wp\/v2\/pages\/21697"}],"collection":[{"href":"https:\/\/qsrconsulting.info\/is\/wp-json\/wp\/v2\/pages"}],"about":[{"href":"https:\/\/qsrconsulting.info\/is\/wp-json\/wp\/v2\/types\/page"}],"author":[{"embeddable":true,"href":"https:\/\/qsrconsulting.info\/is\/wp-json\/wp\/v2\/users\/2"}],"replies":[{"embeddable":true,"href":"https:\/\/qsrconsulting.info\/is\/wp-json\/wp\/v2\/comments?post=21697"}],"version-history":[{"count":1,"href":"https:\/\/qsrconsulting.info\/is\/wp-json\/wp\/v2\/pages\/21697\/revisions"}],"predecessor-version":[{"id":21698,"href":"https:\/\/qsrconsulting.info\/is\/wp-json\/wp\/v2\/pages\/21697\/revisions\/21698"}],"up":[{"embeddable":true,"href":"https:\/\/qsrconsulting.info\/is\/wp-json\/wp\/v2\/pages\/21280"}],"wp:attachment":[{"href":"https:\/\/qsrconsulting.info\/is\/wp-json\/wp\/v2\/media?parent=21697"}],"curies":[{"name":"wp","href":"https:\/\/api.w.org\/{rel}","templated":true}]}}