{"id":4316,"date":"2021-06-10T08:42:49","date_gmt":"2021-06-10T06:42:49","guid":{"rendered":"https:\/\/qsrconsulting.info\/daemirannsokn\/"},"modified":"2024-09-26T14:37:49","modified_gmt":"2024-09-26T12:37:49","slug":"daemirannsokn","status":"publish","type":"page","link":"https:\/\/qsrconsulting.info\/is\/daemirannsokn\/","title":{"rendered":"D\u00e6miranns\u00f3kn"},"content":{"rendered":"\t\t<div data-elementor-type=\"wp-page\" data-elementor-id=\"4316\" class=\"elementor elementor-4316 elementor-16\">\n\t\t\t\t\t\t<section class=\"elementor-section elementor-top-section elementor-element elementor-element-a657f68 elementor-section-height-min-height elementor-section-boxed elementor-section-height-default elementor-section-items-middle\" data-id=\"a657f68\" data-element_type=\"section\" data-settings=\"{&quot;background_background&quot;:&quot;classic&quot;}\">\n\t\t\t\t\t\t\t<div class=\"elementor-background-overlay\"><\/div>\n\t\t\t\t\t\t\t<div class=\"elementor-container elementor-column-gap-no\">\n\t\t\t\t\t<div class=\"elementor-column elementor-col-100 elementor-top-column elementor-element elementor-element-20e9160\" data-id=\"20e9160\" data-element_type=\"column\">\n\t\t\t<div class=\"elementor-widget-wrap elementor-element-populated\">\n\t\t\t\t\t\t<div class=\"elementor-element elementor-element-7c9f8df elementor-widget elementor-widget-heading\" data-id=\"7c9f8df\" data-element_type=\"widget\" data-widget_type=\"heading.default\">\n\t\t\t\t<div class=\"elementor-widget-container\">\n\t\t\t<h6 class=\"elementor-heading-title elementor-size-default\">\u00c1rangurss\u00f6gur<\/h6>\t\t<\/div>\n\t\t\t\t<\/div>\n\t\t\t\t<div class=\"elementor-element elementor-element-858b51b elementor-widget elementor-widget-heading\" data-id=\"858b51b\" data-element_type=\"widget\" data-widget_type=\"heading.default\">\n\t\t\t\t<div class=\"elementor-widget-container\">\n\t\t\t<h1 class=\"elementor-heading-title elementor-size-default\">\"Sk\u00f6punarg\u00e1fa er greind sem skemmtir s\u00e9r.\" <\/h1>\t\t<\/div>\n\t\t\t\t<\/div>\n\t\t\t\t<div class=\"elementor-element elementor-element-0731ec7 elementor-widget elementor-widget-heading\" data-id=\"0731ec7\" data-element_type=\"widget\" data-widget_type=\"heading.default\">\n\t\t\t\t<div class=\"elementor-widget-container\">\n\t\t\t<h3 class=\"elementor-heading-title elementor-size-default\">Albert Einstein<\/h3>\t\t<\/div>\n\t\t\t\t<\/div>\n\t\t\t\t\t<\/div>\n\t\t<\/div>\n\t\t\t\t\t<\/div>\n\t\t<\/section>\n\t\t\t\t<section class=\"elementor-section elementor-top-section elementor-element elementor-element-ae25579 elementor-section-boxed elementor-section-height-default elementor-section-height-default\" data-id=\"ae25579\" data-element_type=\"section\">\n\t\t\t\t\t\t<div class=\"elementor-container elementor-column-gap-no\">\n\t\t\t\t\t<div class=\"elementor-column elementor-col-100 elementor-top-column elementor-element elementor-element-bcd1328\" data-id=\"bcd1328\" data-element_type=\"column\">\n\t\t\t<div class=\"elementor-widget-wrap elementor-element-populated\">\n\t\t\t\t\t\t<div class=\"elementor-element elementor-element-1cc3a53 elementor-widget elementor-widget-heading\" data-id=\"1cc3a53\" data-element_type=\"widget\" data-widget_type=\"heading.default\">\n\t\t\t\t<div class=\"elementor-widget-container\">\n\t\t\t<h6 class=\"elementor-heading-title elementor-size-default\">D\u00e6mi \u00far raunveruleikanum<\/h6>\t\t<\/div>\n\t\t\t\t<\/div>\n\t\t\t\t<div class=\"elementor-element elementor-element-a6752b6 elementor-widget elementor-widget-heading\" data-id=\"a6752b6\" data-element_type=\"widget\" data-widget_type=\"heading.default\">\n\t\t\t\t<div class=\"elementor-widget-container\">\n\t\t\t<h2 class=\"elementor-heading-title elementor-size-default\">\u00c1rangurss\u00f6gur<\/h2>\t\t<\/div>\n\t\t\t\t<\/div>\n\t\t\t\t<section class=\"elementor-section elementor-inner-section elementor-element elementor-element-485d6ca elementor-section-boxed elementor-section-height-default elementor-section-height-default\" data-id=\"485d6ca\" data-element_type=\"section\">\n\t\t\t\t\t\t<div class=\"elementor-container elementor-column-gap-no\">\n\t\t\t\t\t<div class=\"elementor-column elementor-col-25 elementor-inner-column elementor-element elementor-element-957b50f\" data-id=\"957b50f\" data-element_type=\"column\">\n\t\t\t<div class=\"elementor-widget-wrap elementor-element-populated\">\n\t\t\t\t\t\t<div class=\"elementor-element elementor-element-026ed9b elementor-position-top elementor-widget elementor-widget-image-box\" data-id=\"026ed9b\" data-element_type=\"widget\" data-widget_type=\"image-box.default\">\n\t\t\t\t<div class=\"elementor-widget-container\">\n\t\t\t<div class=\"elementor-image-box-wrapper\"><figure class=\"elementor-image-box-img\"><img fetchpriority=\"high\" decoding=\"async\" width=\"380\" height=\"240\" src=\"https:\/\/qsrconsulting.info\/wp-content\/uploads\/2021\/06\/results-04-free-img.jpg\" class=\"attachment-full size-full wp-image-438\" alt=\"\" srcset=\"https:\/\/qsrconsulting.info\/wp-content\/uploads\/2021\/06\/results-04-free-img.jpg 380w, https:\/\/qsrconsulting.info\/wp-content\/uploads\/2021\/06\/results-04-free-img-300x189.jpg 300w\" sizes=\"(max-width: 380px) 100vw, 380px\" \/><\/figure><div class=\"elementor-image-box-content\"><h6 class=\"elementor-image-box-title\">\"Vi\u00f0 giskum ekki \u00e1 \u00fea\u00f0. Vi\u00f0 vitum sv\u00f6rin \u00fev\u00ed vi\u00f0 \u00feekkjum g\u00f6gnin.\"<\/h6><p class=\"elementor-image-box-description\">\u00c1 t\u00edmum st\u00f3rra gagna safna m\u00f6rg fyrirt\u00e6ki gr\u00ed\u00f0arlegu magni uppl\u00fdsinga en eiga \u00ed erfi\u00f0leikum me\u00f0 a\u00f0 nota \u00fe\u00e6r \u00e1 \u00e1hrifar\u00edkan h\u00e1tt. <\/p><\/div><\/div>\t\t<\/div>\n\t\t\t\t<\/div>\n\t\t\t\t<div class=\"elementor-element elementor-element-7ff9c68 elementor-align-center elementor-widget elementor-widget-button\" data-id=\"7ff9c68\" data-element_type=\"widget\" data-widget_type=\"button.default\">\n\t\t\t\t<div class=\"elementor-widget-container\">\n\t\t\t\t\t<div class=\"elementor-button-wrapper\">\n\t\t\t<a class=\"elementor-button elementor-button-link elementor-size-sm\" href=\"https:\/\/qsrconsulting.info\/is\/daemirannsokn\/daemi-um-daemi-1\/\">\n\t\t\t\t\t\t<span class=\"elementor-button-content-wrapper\">\n\t\t\t\t\t\t\t\t\t<span class=\"elementor-button-text\">Finndu Meira \u00fat<\/span>\n\t\t\t\t\t<\/span>\n\t\t\t\t\t<\/a>\n\t\t<\/div>\n\t\t\t\t<\/div>\n\t\t\t\t<\/div>\n\t\t\t\t\t<\/div>\n\t\t<\/div>\n\t\t\t\t<div class=\"elementor-column elementor-col-25 elementor-inner-column elementor-element elementor-element-978fc20\" data-id=\"978fc20\" data-element_type=\"column\">\n\t\t\t<div class=\"elementor-widget-wrap elementor-element-populated\">\n\t\t\t\t\t\t<div class=\"elementor-element elementor-element-912ab80 elementor-position-top elementor-widget elementor-widget-image-box\" data-id=\"912ab80\" data-element_type=\"widget\" data-widget_type=\"image-box.default\">\n\t\t\t\t<div class=\"elementor-widget-container\">\n\t\t\t<div class=\"elementor-image-box-wrapper\"><figure class=\"elementor-image-box-img\"><img decoding=\"async\" width=\"380\" height=\"240\" src=\"https:\/\/qsrconsulting.info\/wp-content\/uploads\/2021\/06\/results-03-free-img.jpg\" class=\"attachment-full size-full wp-image-437\" alt=\"\" srcset=\"https:\/\/qsrconsulting.info\/wp-content\/uploads\/2021\/06\/results-03-free-img.jpg 380w, https:\/\/qsrconsulting.info\/wp-content\/uploads\/2021\/06\/results-03-free-img-300x189.jpg 300w\" sizes=\"(max-width: 380px) 100vw, 380px\" \/><\/figure><div class=\"elementor-image-box-content\"><h6 class=\"elementor-image-box-title\"> \"\u00c1rangur sem h\u00e6gt er a\u00f0 m\u00e6la.\"<\/h6><p class=\"elementor-image-box-description\">\u00c1 fj\u00f6lmennum marka\u00f0i n\u00fat\u00edmans skiptir h\u00e6fileikinn til a\u00f0 taka \u00e1kvar\u00f0anir hratt og \u00f6rugglega sk\u00f6pum.<\/p><\/div><\/div>\t\t<\/div>\n\t\t\t\t<\/div>\n\t\t\t\t<div class=\"elementor-element elementor-element-eaf9d8d elementor-align-center elementor-widget elementor-widget-button\" data-id=\"eaf9d8d\" data-element_type=\"widget\" data-widget_type=\"button.default\">\n\t\t\t\t<div class=\"elementor-widget-container\">\n\t\t\t\t\t<div class=\"elementor-button-wrapper\">\n\t\t\t<a class=\"elementor-button elementor-button-link elementor-size-sm\" href=\"https:\/\/qsrconsulting.info\/is\/daemirannsokn\/daemi-um-daemi-2\/\">\n\t\t\t\t\t\t<span class=\"elementor-button-content-wrapper\">\n\t\t\t\t\t\t\t\t\t<span class=\"elementor-button-text\">Finndu Meira \u00fat<\/span>\n\t\t\t\t\t<\/span>\n\t\t\t\t\t<\/a>\n\t\t<\/div>\n\t\t\t\t<\/div>\n\t\t\t\t<\/div>\n\t\t\t\t\t<\/div>\n\t\t<\/div>\n\t\t\t\t<div class=\"elementor-column elementor-col-25 elementor-inner-column elementor-element elementor-element-23aed84\" data-id=\"23aed84\" data-element_type=\"column\">\n\t\t\t<div class=\"elementor-widget-wrap elementor-element-populated\">\n\t\t\t\t\t\t<div class=\"elementor-element elementor-element-b7f7680 elementor-position-top elementor-widget elementor-widget-image-box\" data-id=\"b7f7680\" data-element_type=\"widget\" data-widget_type=\"image-box.default\">\n\t\t\t\t<div class=\"elementor-widget-container\">\n\t\t\t<div class=\"elementor-image-box-wrapper\"><figure class=\"elementor-image-box-img\"><img decoding=\"async\" width=\"380\" height=\"240\" src=\"https:\/\/qsrconsulting.info\/wp-content\/uploads\/2021\/06\/results-02-free-img.jpg\" class=\"attachment-full size-full wp-image-436\" alt=\"\" srcset=\"https:\/\/qsrconsulting.info\/wp-content\/uploads\/2021\/06\/results-02-free-img.jpg 380w, https:\/\/qsrconsulting.info\/wp-content\/uploads\/2021\/06\/results-02-free-img-300x189.jpg 300w\" sizes=\"(max-width: 380px) 100vw, 380px\" \/><\/figure><div class=\"elementor-image-box-content\"><h6 class=\"elementor-image-box-title\">\"Hagn\u00fdt n\u00e1lgun \u00e1 fr\u00e6\u00f0i.\"<\/h6><p class=\"elementor-image-box-description\">\u00dea\u00f0 eru fullt af hugt\u00f6kum \u00ed marka\u00f0ssetningu og v\u00f6rumerkjastj\u00f3rnunarkenningum.<\/p><\/div><\/div>\t\t<\/div>\n\t\t\t\t<\/div>\n\t\t\t\t<div class=\"elementor-element elementor-element-2c68e47 elementor-align-center elementor-widget elementor-widget-button\" data-id=\"2c68e47\" data-element_type=\"widget\" data-widget_type=\"button.default\">\n\t\t\t\t<div class=\"elementor-widget-container\">\n\t\t\t\t\t<div class=\"elementor-button-wrapper\">\n\t\t\t<a class=\"elementor-button elementor-button-link elementor-size-sm\" href=\"https:\/\/qsrconsulting.info\/is\/daemirannsokn\/daemi-um-daemi-3\/\">\n\t\t\t\t\t\t<span class=\"elementor-button-content-wrapper\">\n\t\t\t\t\t\t\t\t\t<span class=\"elementor-button-text\">Finndu Meira \u00fat<\/span>\n\t\t\t\t\t<\/span>\n\t\t\t\t\t<\/a>\n\t\t<\/div>\n\t\t\t\t<\/div>\n\t\t\t\t<\/div>\n\t\t\t\t\t<\/div>\n\t\t<\/div>\n\t\t\t\t<div class=\"elementor-column elementor-col-25 elementor-inner-column elementor-element elementor-element-11c5b70\" data-id=\"11c5b70\" data-element_type=\"column\">\n\t\t\t<div class=\"elementor-widget-wrap elementor-element-populated\">\n\t\t\t\t\t\t<div class=\"elementor-element elementor-element-6172a18 elementor-position-top elementor-widget elementor-widget-image-box\" data-id=\"6172a18\" data-element_type=\"widget\" data-widget_type=\"image-box.default\">\n\t\t\t\t<div class=\"elementor-widget-container\">\n\t\t\t<div class=\"elementor-image-box-wrapper\"><figure class=\"elementor-image-box-img\"><img loading=\"lazy\" decoding=\"async\" width=\"380\" height=\"240\" src=\"https:\/\/qsrconsulting.info\/wp-content\/uploads\/2021\/06\/results-01-free-img.jpg\" class=\"attachment-full size-full wp-image-435\" alt=\"\" srcset=\"https:\/\/qsrconsulting.info\/wp-content\/uploads\/2021\/06\/results-01-free-img.jpg 380w, https:\/\/qsrconsulting.info\/wp-content\/uploads\/2021\/06\/results-01-free-img-300x189.jpg 300w\" sizes=\"(max-width: 380px) 100vw, 380px\" \/><\/figure><div class=\"elementor-image-box-content\"><h6 class=\"elementor-image-box-title\">Standa \u00fat e\u00f0a deyja<\/h6><p class=\"elementor-image-box-description\">\u00c1 fj\u00f6lmennum netverslunarmarka\u00f0i \u00ed dag eiga fyrirt\u00e6ki oft \u00ed erfi\u00f0leikum me\u00f0 a\u00f0 a\u00f0greina tilbo\u00f0 s\u00edn. <\/p><\/div><\/div>\t\t<\/div>\n\t\t\t\t<\/div>\n\t\t\t\t<div class=\"elementor-element elementor-element-ee5c3c3 elementor-align-center elementor-widget elementor-widget-button\" data-id=\"ee5c3c3\" data-element_type=\"widget\" data-widget_type=\"button.default\">\n\t\t\t\t<div class=\"elementor-widget-container\">\n\t\t\t\t\t<div class=\"elementor-button-wrapper\">\n\t\t\t<a class=\"elementor-button elementor-button-link elementor-size-sm\" href=\"https:\/\/qsrconsulting.info\/is\/daemirannsokn\/daemi-um-daemi-4\/\">\n\t\t\t\t\t\t<span class=\"elementor-button-content-wrapper\">\n\t\t\t\t\t\t\t\t\t<span class=\"elementor-button-text\">Finndu Meira \u00fat<\/span>\n\t\t\t\t\t<\/span>\n\t\t\t\t\t<\/a>\n\t\t<\/div>\n\t\t\t\t<\/div>\n\t\t\t\t<\/div>\n\t\t\t\t\t<\/div>\n\t\t<\/div>\n\t\t\t\t\t<\/div>\n\t\t<\/section>\n\t\t\t\t\t<\/div>\n\t\t<\/div>\n\t\t\t\t\t<\/div>\n\t\t<\/section>\n\t\t\t\t<section class=\"elementor-section elementor-top-section elementor-element elementor-element-5bd7d07 elementor-section-boxed elementor-section-height-default elementor-section-height-default\" data-id=\"5bd7d07\" data-element_type=\"section\" data-settings=\"{&quot;background_background&quot;:&quot;classic&quot;}\">\n\t\t\t\t\t\t<div class=\"elementor-container elementor-column-gap-no\">\n\t\t\t\t\t<div class=\"elementor-column elementor-col-100 elementor-top-column elementor-element elementor-element-65b5424\" data-id=\"65b5424\" data-element_type=\"column\">\n\t\t\t<div class=\"elementor-widget-wrap\">\n\t\t\t\t\t\t\t<\/div>\n\t\t<\/div>\n\t\t\t\t\t<\/div>\n\t\t<\/section>\n\t\t\t\t<section class=\"elementor-section elementor-top-section elementor-element elementor-element-6102fde elementor-section-boxed elementor-section-height-default elementor-section-height-default\" data-id=\"6102fde\" data-element_type=\"section\" data-settings=\"{&quot;background_background&quot;:&quot;classic&quot;}\">\n\t\t\t\t\t\t<div class=\"elementor-container elementor-column-gap-no\">\n\t\t\t\t\t<div class=\"elementor-column elementor-col-50 elementor-top-column elementor-element elementor-element-da369ef\" data-id=\"da369ef\" data-element_type=\"column\">\n\t\t\t<div class=\"elementor-widget-wrap elementor-element-populated\">\n\t\t\t\t\t\t<div class=\"elementor-element elementor-element-b041b81 elementor-widget elementor-widget-image\" data-id=\"b041b81\" data-element_type=\"widget\" data-widget_type=\"image.default\">\n\t\t\t\t<div class=\"elementor-widget-container\">\n\t\t\t\t\t\t\t\t\t\t\t\t\t<img loading=\"lazy\" decoding=\"async\" width=\"620\" height=\"429\" src=\"https:\/\/qsrconsulting.info\/wp-content\/uploads\/2024\/07\/qsr-talk-to-us-1.webp\" class=\"attachment-full size-full wp-image-19931\" alt=\"\" srcset=\"https:\/\/qsrconsulting.info\/wp-content\/uploads\/2024\/07\/qsr-talk-to-us-1.webp 620w, https:\/\/qsrconsulting.info\/wp-content\/uploads\/2024\/07\/qsr-talk-to-us-1-300x208.webp 300w\" sizes=\"(max-width: 620px) 100vw, 620px\" \/>\t\t\t\t\t\t\t\t\t\t\t\t\t<\/div>\n\t\t\t\t<\/div>\n\t\t\t\t\t<\/div>\n\t\t<\/div>\n\t\t\t\t<div class=\"elementor-column elementor-col-50 elementor-top-column elementor-element elementor-element-8d5a79c\" data-id=\"8d5a79c\" data-element_type=\"column\">\n\t\t\t<div class=\"elementor-widget-wrap elementor-element-populated\">\n\t\t\t\t\t\t<div class=\"elementor-element elementor-element-9762e15 elementor-widget elementor-widget-heading\" data-id=\"9762e15\" data-element_type=\"widget\" data-widget_type=\"heading.default\">\n\t\t\t\t<div class=\"elementor-widget-container\">\n\t\t\t<h2 class=\"elementor-heading-title elementor-size-default\">Haf\u00f0u samband vi\u00f0 okkur.<\/h2>\t\t<\/div>\n\t\t\t\t<\/div>\n\t\t\t\t<div class=\"elementor-element elementor-element-b159355 elementor-widget elementor-widget-heading\" data-id=\"b159355\" data-element_type=\"widget\" data-widget_type=\"heading.default\">\n\t\t\t\t<div class=\"elementor-widget-container\">\n\t\t\t<h5 class=\"elementor-heading-title elementor-size-default\">Vi\u00f0 skulum tala um n\u00e6sta verkefni \u00feitt.<\/h5>\t\t<\/div>\n\t\t\t\t<\/div>\n\t\t\t\t<div class=\"elementor-element elementor-element-f18933a elementor-widget elementor-widget-button\" data-id=\"f18933a\" data-element_type=\"widget\" data-widget_type=\"button.default\">\n\t\t\t\t<div class=\"elementor-widget-container\">\n\t\t\t\t\t<div class=\"elementor-button-wrapper\">\n\t\t\t<a class=\"elementor-button elementor-button-link elementor-size-sm\" href=\"https:\/\/qsrconsulting.info\/is\/hafdu-samband\/\">\n\t\t\t\t\t\t<span class=\"elementor-button-content-wrapper\">\n\t\t\t\t\t\t\t\t\t<span class=\"elementor-button-text\">Tala\u00f0u vi\u00f0 okkur<\/span>\n\t\t\t\t\t<\/span>\n\t\t\t\t\t<\/a>\n\t\t<\/div>\n\t\t\t\t<\/div>\n\t\t\t\t<\/div>\n\t\t\t\t\t<\/div>\n\t\t<\/div>\n\t\t\t\t\t<\/div>\n\t\t<\/section>\n\t\t\t\t<\/div>\n\t\t","protected":false},"excerpt":{"rendered":"<p>\u00c1rangurss\u00f6gur &#8222;Sk\u00f6punarg\u00e1fa er greind sem skemmtir s\u00e9r.&#8220; Albert Einstein D\u00e6mi \u00far raunveruleikanum \u00c1rangurss\u00f6gur &#8222;Vi\u00f0 giskum ekki \u00e1 \u00fea\u00f0. Vi\u00f0 vitum sv\u00f6rin \u00fev\u00ed vi\u00f0 \u00feekkjum g\u00f6gnin.&#8220; \u00c1 t\u00edmum st\u00f3rra gagna safna m\u00f6rg fyrirt\u00e6ki gr\u00ed\u00f0arlegu magni uppl\u00fdsinga en eiga \u00ed erfi\u00f0leikum me\u00f0 a\u00f0 nota \u00fe\u00e6r \u00e1 \u00e1hrifar\u00edkan h\u00e1tt. Finndu Meira \u00fat &#8222;\u00c1rangur sem h\u00e6gt er a\u00f0 m\u00e6la.&#8220; [&hellip;]<\/p>\n","protected":false},"author":2,"featured_media":20019,"parent":0,"menu_order":0,"comment_status":"closed","ping_status":"closed","template":"","meta":{"_uag_custom_page_level_css":"","site-sidebar-layout":"no-sidebar","site-content-layout":"page-builder","ast-site-content-layout":"full-width-container","site-content-style":"unboxed","site-sidebar-style":"unboxed","ast-global-header-display":"","ast-banner-title-visibility":"","ast-main-header-display":"","ast-hfb-above-header-display":"","ast-hfb-below-header-display":"","ast-hfb-mobile-header-display":"","site-post-title":"disabled","ast-breadcrumbs-content":"disabled","ast-featured-img":"disabled","footer-sml-layout":"","theme-transparent-header-meta":"enabled","adv-header-id-meta":"","stick-header-meta":"","header-above-stick-meta":"","header-main-stick-meta":"","header-below-stick-meta":"","astra-migrate-meta-layouts":"default","ast-page-background-enabled":"default","ast-page-background-meta":{"desktop":{"background-color":"","background-image":"","background-repeat":"repeat","background-position":"center center","background-size":"auto","background-attachment":"scroll","background-type":"","background-media":"","overlay-type":"","overlay-color":"","overlay-opacity":"","overlay-gradient":""},"tablet":{"background-color":"","background-image":"","background-repeat":"repeat","background-position":"center center","background-size":"auto","background-attachment":"scroll","background-type":"","background-media":"","overlay-type":"","overlay-color":"","overlay-opacity":"","overlay-gradient":""},"mobile":{"background-color":"","background-image":"","background-repeat":"repeat","background-position":"center center","background-size":"auto","background-attachment":"scroll","background-type":"","background-media":"","overlay-type":"","overlay-color":"","overlay-opacity":"","overlay-gradient":""}},"ast-content-background-meta":{"desktop":{"background-color":"var(--ast-global-color-5)","background-image":"","background-repeat":"repeat","background-position":"center center","background-size":"auto","background-attachment":"scroll","background-type":"","background-media":"","overlay-type":"","overlay-color":"","overlay-opacity":"","overlay-gradient":""},"tablet":{"background-color":"var(--ast-global-color-5)","background-image":"","background-repeat":"repeat","background-position":"center center","background-size":"auto","background-attachment":"scroll","background-type":"","background-media":"","overlay-type":"","overlay-color":"","overlay-opacity":"","overlay-gradient":""},"mobile":{"background-color":"var(--ast-global-color-5)","background-image":"","background-repeat":"repeat","background-position":"center center","background-size":"auto","background-attachment":"scroll","background-type":"","background-media":"","overlay-type":"","overlay-color":"","overlay-opacity":"","overlay-gradient":""}},"footnotes":""},"class_list":["post-4316","page","type-page","status-publish","has-post-thumbnail","hentry"],"aioseo_notices":[],"uagb_featured_image_src":{"full":["https:\/\/qsrconsulting.info\/wp-content\/uploads\/2024\/07\/qsr-talk-to-us-3.webp",620,413,false],"thumbnail":["https:\/\/qsrconsulting.info\/wp-content\/uploads\/2024\/07\/qsr-talk-to-us-3-150x150.webp",150,150,true],"medium":["https:\/\/qsrconsulting.info\/wp-content\/uploads\/2024\/07\/qsr-talk-to-us-3-300x200.webp",300,200,true],"medium_large":["https:\/\/qsrconsulting.info\/wp-content\/uploads\/2024\/07\/qsr-talk-to-us-3.webp",620,413,false],"large":["https:\/\/qsrconsulting.info\/wp-content\/uploads\/2024\/07\/qsr-talk-to-us-3.webp",620,413,false],"1536x1536":["https:\/\/qsrconsulting.info\/wp-content\/uploads\/2024\/07\/qsr-talk-to-us-3.webp",620,413,false],"2048x2048":["https:\/\/qsrconsulting.info\/wp-content\/uploads\/2024\/07\/qsr-talk-to-us-3.webp",620,413,false]},"uagb_author_info":{"display_name":"Bartek","author_link":"https:\/\/qsrconsulting.info\/is\/author\/bartek\/"},"uagb_comment_info":0,"uagb_excerpt":"\u00c1rangurss\u00f6gur &#8222;Sk\u00f6punarg\u00e1fa er greind sem skemmtir s\u00e9r.&#8220; Albert Einstein D\u00e6mi \u00far raunveruleikanum \u00c1rangurss\u00f6gur &#8222;Vi\u00f0 giskum ekki \u00e1 \u00fea\u00f0. Vi\u00f0 vitum sv\u00f6rin \u00fev\u00ed vi\u00f0 \u00feekkjum g\u00f6gnin.&#8220; \u00c1 t\u00edmum st\u00f3rra gagna safna m\u00f6rg fyrirt\u00e6ki gr\u00ed\u00f0arlegu magni uppl\u00fdsinga en eiga \u00ed erfi\u00f0leikum me\u00f0 a\u00f0 nota \u00fe\u00e6r \u00e1 \u00e1hrifar\u00edkan h\u00e1tt. Finndu Meira \u00fat &#8222;\u00c1rangur sem h\u00e6gt er a\u00f0 m\u00e6la.&#8220;&hellip;","_links":{"self":[{"href":"https:\/\/qsrconsulting.info\/is\/wp-json\/wp\/v2\/pages\/4316"}],"collection":[{"href":"https:\/\/qsrconsulting.info\/is\/wp-json\/wp\/v2\/pages"}],"about":[{"href":"https:\/\/qsrconsulting.info\/is\/wp-json\/wp\/v2\/types\/page"}],"author":[{"embeddable":true,"href":"https:\/\/qsrconsulting.info\/is\/wp-json\/wp\/v2\/users\/2"}],"replies":[{"embeddable":true,"href":"https:\/\/qsrconsulting.info\/is\/wp-json\/wp\/v2\/comments?post=4316"}],"version-history":[{"count":12,"href":"https:\/\/qsrconsulting.info\/is\/wp-json\/wp\/v2\/pages\/4316\/revisions"}],"predecessor-version":[{"id":25369,"href":"https:\/\/qsrconsulting.info\/is\/wp-json\/wp\/v2\/pages\/4316\/revisions\/25369"}],"wp:featuredmedia":[{"embeddable":true,"href":"https:\/\/qsrconsulting.info\/is\/wp-json\/wp\/v2\/media\/20019"}],"wp:attachment":[{"href":"https:\/\/qsrconsulting.info\/is\/wp-json\/wp\/v2\/media?parent=4316"}],"curies":[{"name":"wp","href":"https:\/\/api.w.org\/{rel}","templated":true}]}}