{"id":4319,"date":"2021-06-10T08:43:33","date_gmt":"2021-06-10T06:43:33","guid":{"rendered":"https:\/\/qsrconsulting.info\/um\/"},"modified":"2024-09-26T14:34:28","modified_gmt":"2024-09-26T12:34:28","slug":"um","status":"publish","type":"page","link":"https:\/\/qsrconsulting.info\/is\/um\/","title":{"rendered":"Um"},"content":{"rendered":"\t\t<div data-elementor-type=\"wp-page\" data-elementor-id=\"4319\" class=\"elementor elementor-4319 elementor-18\">\n\t\t\t\t\t\t<section class=\"elementor-section elementor-top-section elementor-element elementor-element-e0dea4f elementor-section-height-min-height elementor-section-boxed elementor-section-height-default elementor-section-items-middle\" data-id=\"e0dea4f\" data-element_type=\"section\" data-settings=\"{&quot;background_background&quot;:&quot;classic&quot;}\">\n\t\t\t\t\t\t\t<div class=\"elementor-background-overlay\"><\/div>\n\t\t\t\t\t\t\t<div class=\"elementor-container elementor-column-gap-no\">\n\t\t\t\t\t<div class=\"elementor-column elementor-col-100 elementor-top-column elementor-element elementor-element-547a54b\" data-id=\"547a54b\" data-element_type=\"column\">\n\t\t\t<div class=\"elementor-widget-wrap elementor-element-populated\">\n\t\t\t\t\t\t<div class=\"elementor-element elementor-element-164feb4 elementor-widget elementor-widget-heading\" data-id=\"164feb4\" data-element_type=\"widget\" data-widget_type=\"heading.default\">\n\t\t\t\t<div class=\"elementor-widget-container\">\n\t\t\t<h6 class=\"elementor-heading-title elementor-size-default\">QSR Consulting<\/h6>\t\t<\/div>\n\t\t\t\t<\/div>\n\t\t\t\t<div class=\"elementor-element elementor-element-2f6750d elementor-widget elementor-widget-heading\" data-id=\"2f6750d\" data-element_type=\"widget\" data-widget_type=\"heading.default\">\n\t\t\t\t<div class=\"elementor-widget-container\">\n\t\t\t<h1 class=\"elementor-heading-title elementor-size-default\">G\u00e6\u00f0i, stefna, \u00e1rangur.<\/h1>\t\t<\/div>\n\t\t\t\t<\/div>\n\t\t\t\t\t<\/div>\n\t\t<\/div>\n\t\t\t\t\t<\/div>\n\t\t<\/section>\n\t\t\t\t<section class=\"elementor-section elementor-top-section elementor-element elementor-element-66f6c6a elementor-reverse-mobile elementor-section-boxed elementor-section-height-default elementor-section-height-default\" data-id=\"66f6c6a\" data-element_type=\"section\">\n\t\t\t\t\t\t<div class=\"elementor-container elementor-column-gap-no\">\n\t\t\t\t\t<div class=\"elementor-column elementor-col-50 elementor-top-column elementor-element elementor-element-4c94939\" data-id=\"4c94939\" data-element_type=\"column\" data-settings=\"{&quot;background_background&quot;:&quot;classic&quot;}\">\n\t\t\t<div class=\"elementor-widget-wrap elementor-element-populated\">\n\t\t\t\t\t<div class=\"elementor-background-overlay\"><\/div>\n\t\t\t\t\t\t<div class=\"elementor-element elementor-element-ad0d470 elementor-widget elementor-widget-spacer\" data-id=\"ad0d470\" data-element_type=\"widget\" data-widget_type=\"spacer.default\">\n\t\t\t\t<div class=\"elementor-widget-container\">\n\t\t\t\t\t<div class=\"elementor-spacer\">\n\t\t\t<div class=\"elementor-spacer-inner\"><\/div>\n\t\t<\/div>\n\t\t\t\t<\/div>\n\t\t\t\t<\/div>\n\t\t\t\t\t<\/div>\n\t\t<\/div>\n\t\t\t\t<div class=\"elementor-column elementor-col-50 elementor-top-column elementor-element elementor-element-bb91f2b\" data-id=\"bb91f2b\" data-element_type=\"column\" data-settings=\"{&quot;background_background&quot;:&quot;classic&quot;}\">\n\t\t\t<div class=\"elementor-widget-wrap elementor-element-populated\">\n\t\t\t\t\t\t<div class=\"elementor-element elementor-element-3e3b076 elementor-widget elementor-widget-heading\" data-id=\"3e3b076\" data-element_type=\"widget\" data-widget_type=\"heading.default\">\n\t\t\t\t<div class=\"elementor-widget-container\">\n\t\t\t<h6 class=\"elementor-heading-title elementor-size-default\">hver vi\u00f0 erum<\/h6>\t\t<\/div>\n\t\t\t\t<\/div>\n\t\t\t\t<div class=\"elementor-element elementor-element-a997ddc elementor-widget elementor-widget-heading\" data-id=\"a997ddc\" data-element_type=\"widget\" data-widget_type=\"heading.default\">\n\t\t\t\t<div class=\"elementor-widget-container\">\n\t\t\t<h2 class=\"elementor-heading-title elementor-size-default\">Vi\u00f0 erum n\u00fat\u00edmalegur samstarfsa\u00f0ili \u00e1 matv\u00f6rumarka\u00f0i, starfandi sem vir\u00f0isaukandi mi\u00f0lari.<\/h2>\t\t<\/div>\n\t\t\t\t<\/div>\n\t\t\t\t<div class=\"elementor-element elementor-element-7d848e4 elementor-widget elementor-widget-text-editor\" data-id=\"7d848e4\" data-element_type=\"widget\" data-widget_type=\"text-editor.default\">\n\t\t\t\t<div class=\"elementor-widget-container\">\n\t\t\t\t\t\t\t<p>\u00cd starfi okkar h\u00f6fum vi\u00f0 a\u00f0 lei\u00f0arlj\u00f3si a\u00f0 skapa ver\u00f0m\u00e6ti fyrir matv\u00e6laframlei\u00f0endur og sm\u00e1sala. Vi\u00f0 s\u00e9rh\u00e6fum okkur \u00ed v\u00f6rur\u00e1\u00f0gj\u00f6f, v\u00f6ruh\u00f6nnun og innlei\u00f0ingu \u00feeirra \u00ed framlei\u00f0slu. Vi\u00f0 h\u00f6fum brennandi \u00e1huga \u00e1 s\u00f6lu, me\u00f0 margra \u00e1ra reynslu \u00ed verslun, FMCG, fer\u00f0amat, veitingum, rafr\u00e6num vi\u00f0skiptum, \u00fe\u00e6gindum.<\/p>\n\t\t\t\t\t\t<\/div>\n\t\t\t\t<\/div>\n\t\t\t\t\t<\/div>\n\t\t<\/div>\n\t\t\t\t\t<\/div>\n\t\t<\/section>\n\t\t\t\t<section class=\"elementor-section elementor-top-section elementor-element elementor-element-3e6fb3b elementor-section-boxed elementor-section-height-default elementor-section-height-default\" data-id=\"3e6fb3b\" data-element_type=\"section\">\n\t\t\t\t\t\t<div class=\"elementor-container elementor-column-gap-no\">\n\t\t\t\t\t<div class=\"elementor-column elementor-col-50 elementor-top-column elementor-element elementor-element-bfb13b9\" data-id=\"bfb13b9\" data-element_type=\"column\" data-settings=\"{&quot;background_background&quot;:&quot;classic&quot;}\">\n\t\t\t<div class=\"elementor-widget-wrap elementor-element-populated\">\n\t\t\t\t\t\t<div class=\"elementor-element elementor-element-a19e8d8 elementor-widget elementor-widget-heading\" data-id=\"a19e8d8\" data-element_type=\"widget\" data-widget_type=\"heading.default\">\n\t\t\t\t<div class=\"elementor-widget-container\">\n\t\t\t<h6 class=\"elementor-heading-title elementor-size-default\">Okkar saga<\/h6>\t\t<\/div>\n\t\t\t\t<\/div>\n\t\t\t\t<div class=\"elementor-element elementor-element-c1de13b elementor-widget elementor-widget-heading\" data-id=\"c1de13b\" data-element_type=\"widget\" data-widget_type=\"heading.default\">\n\t\t\t\t<div class=\"elementor-widget-container\">\n\t\t\t<h2 class=\"elementor-heading-title elementor-size-default\">Fer\u00f0alag fullt af reynslu og velgengni<\/h2>\t\t<\/div>\n\t\t\t\t<\/div>\n\t\t\t\t<div class=\"elementor-element elementor-element-caf1af5 elementor-widget elementor-widget-text-editor\" data-id=\"caf1af5\" data-element_type=\"widget\" data-widget_type=\"text-editor.default\">\n\t\t\t\t<div class=\"elementor-widget-container\">\n\t\t\t\t\t\t\t<div>\n<div>\n<p><a name=\"OLE_LINK1\"><\/a><a name=\"OLE_LINK2\"><\/a>Vi\u00f0 erum teymi reyndra s\u00e9rfr\u00e6\u00f0inga sem s\u00e9rh\u00e6fa sig \u00e1 \u00fdmsum vi\u00f0skiptasvi\u00f0um. Vi\u00f0 h\u00f6fum mikla reynslu af sm\u00ed\u00f0i v\u00f6ruhugmynda, innlei\u00f0ingu og framlei\u00f0slu, innkaupa- og s\u00f6luferlum. Vi\u00f0 notum hagn\u00fdta reynslu okkar \u00ed vi\u00f0skiptum og marka\u00f0ssetningu til a\u00f0 hj\u00e1lpa vi\u00f0skiptavinum okkar a\u00f0 n\u00e1 vi\u00f0skiptamarkmi\u00f0um s\u00ednum.<\/p>\n<p>Hvert okkar kemur me\u00f0 s\u00e9rstaka \u00feekkingu, reynslu og f\u00e6rni sem gerir okkur kleift a\u00f0 b\u00faa til n\u00fdst\u00e1rlegar og \u00e1rangursr\u00edkar lausnir. \u00de\u00f6kk s\u00e9 \u00feessu, \u00ed samvinnu vi\u00f0 samstarfsa\u00f0ila okkar, byggjum vi\u00f0 upp \u00e1kve\u00f0inn \u00e1rangur og raunverulegan \u00e1vinning.<\/p>\n<p>Vi\u00f0 byggjum starfsemi okkar \u00e1 g\u00f6gnum sem vi\u00f0 \u00fe\u00fd\u00f0um yfir \u00ed \u00e1kve\u00f0na ferla og a\u00f0ger\u00f0ir sem n\u00e1 markmi\u00f0um samstarfsa\u00f0ila okkar. Vi\u00f0 fylgjumst st\u00f6\u00f0ugt me\u00f0 n\u00fdjustu straumum og a\u00f0lagum a\u00f0fer\u00f0ir okkar til a\u00f0 vera eins \u00e1rangursr\u00edkar og m\u00f6gulegt er. Markmi\u00f0 okkar er ekki a\u00f0eins a\u00f0 n\u00e1 \u00e1rangri heldur einnig a\u00f0 byggja upp varanleg og ver\u00f0m\u00e6t tengsl vi\u00f0 vi\u00f0skiptavini okkar.<\/p>\n<p>\u00cd starfi okkar sameinum vi\u00f0 reynslu \u00ed sm\u00e1s\u00f6lu, rafr\u00e6num vi\u00f0skiptum, \u00fe\u00e6ginda- og fer\u00f0averslun me\u00f0 n\u00fat\u00edmalegri n\u00e1lgun sem gerir okkur kleift a\u00f0 vera alltaf skrefi \u00e1 undan samkeppninni og breg\u00f0ast \u00e1 \u00e1hrifar\u00edkan h\u00e1tt vi\u00f0 breyttum marka\u00f0sa\u00f0st\u00e6\u00f0um.<\/p>\n<\/div>\n<\/div>\n\t\t\t\t\t\t<\/div>\n\t\t\t\t<\/div>\n\t\t\t\t\t<\/div>\n\t\t<\/div>\n\t\t\t\t<div class=\"elementor-column elementor-col-50 elementor-top-column elementor-element elementor-element-aeefb64\" data-id=\"aeefb64\" data-element_type=\"column\" data-settings=\"{&quot;background_background&quot;:&quot;classic&quot;}\">\n\t\t\t<div class=\"elementor-widget-wrap elementor-element-populated\">\n\t\t\t\t\t<div class=\"elementor-background-overlay\"><\/div>\n\t\t\t\t\t\t<div class=\"elementor-element elementor-element-da01a49 elementor-widget elementor-widget-spacer\" data-id=\"da01a49\" data-element_type=\"widget\" data-widget_type=\"spacer.default\">\n\t\t\t\t<div class=\"elementor-widget-container\">\n\t\t\t\t\t<div class=\"elementor-spacer\">\n\t\t\t<div class=\"elementor-spacer-inner\"><\/div>\n\t\t<\/div>\n\t\t\t\t<\/div>\n\t\t\t\t<\/div>\n\t\t\t\t\t<\/div>\n\t\t<\/div>\n\t\t\t\t\t<\/div>\n\t\t<\/section>\n\t\t\t\t<section class=\"elementor-section elementor-top-section elementor-element elementor-element-86d54aa elementor-section-content-top elementor-section-boxed elementor-section-height-default elementor-section-height-default\" data-id=\"86d54aa\" data-element_type=\"section\" data-settings=\"{&quot;background_background&quot;:&quot;classic&quot;}\">\n\t\t\t\t\t\t<div class=\"elementor-container elementor-column-gap-no\">\n\t\t\t\t\t<div class=\"elementor-column elementor-col-100 elementor-top-column elementor-element elementor-element-efe1ac5\" data-id=\"efe1ac5\" data-element_type=\"column\">\n\t\t\t<div class=\"elementor-widget-wrap elementor-element-populated\">\n\t\t\t\t\t\t<div class=\"elementor-element elementor-element-1aa989c elementor-widget elementor-widget-heading\" data-id=\"1aa989c\" data-element_type=\"widget\" data-widget_type=\"heading.default\">\n\t\t\t\t<div class=\"elementor-widget-container\">\n\t\t\t<h6 class=\"elementor-heading-title elementor-size-default\">Tilgangur vinnu okkar<\/h6>\t\t<\/div>\n\t\t\t\t<\/div>\n\t\t\t\t<div class=\"elementor-element elementor-element-7fa5446 elementor-widget elementor-widget-heading\" data-id=\"7fa5446\" data-element_type=\"widget\" data-widget_type=\"heading.default\">\n\t\t\t\t<div class=\"elementor-widget-container\">\n\t\t\t<h2 class=\"elementor-heading-title elementor-size-default\">Vi\u00f0 st\u00f6rfum eing\u00f6ngu \u00ed \u00fe\u00e1gu samstarfsa\u00f0ila okkar.<\/h2>\t\t<\/div>\n\t\t\t\t<\/div>\n\t\t\t\t<div class=\"elementor-element elementor-element-f74303b elementor-widget elementor-widget-text-editor\" data-id=\"f74303b\" data-element_type=\"widget\" data-widget_type=\"text-editor.default\">\n\t\t\t\t<div class=\"elementor-widget-container\">\n\t\t\t\t\t\t\t<p>Vi\u00f0 leggjum \u00e1herslu \u00e1 a\u00f0 h\u00e1marka vi\u00f0skipti \u00fe\u00edn. Sveigjanleiki okkar og sj\u00e1lfst\u00e6\u00f0i gerir okkur kleift a\u00f0 laga okkur a\u00f0 \u00fe\u00f6rfum hvers vi\u00f0skiptavinar og bj\u00f3\u00f0a upp \u00e1 lausnir sem eru s\u00e9rsni\u00f0nar a\u00f0 \u00fe\u00ednum einst\u00f6ku markmi\u00f0um og \u00e1skorunum.<\/p>\n\t\t\t\t\t\t<\/div>\n\t\t\t\t<\/div>\n\t\t\t\t\t<\/div>\n\t\t<\/div>\n\t\t\t\t\t<\/div>\n\t\t<\/section>\n\t\t\t\t<section class=\"elementor-section elementor-top-section elementor-element elementor-element-102622f elementor-section-boxed elementor-section-height-default elementor-section-height-default\" data-id=\"102622f\" data-element_type=\"section\" data-settings=\"{&quot;background_background&quot;:&quot;classic&quot;}\">\n\t\t\t\t\t\t<div class=\"elementor-container elementor-column-gap-no\">\n\t\t\t\t\t<div class=\"elementor-column elementor-col-50 elementor-top-column elementor-element elementor-element-a06da17\" data-id=\"a06da17\" data-element_type=\"column\" data-settings=\"{&quot;background_background&quot;:&quot;classic&quot;}\">\n\t\t\t<div class=\"elementor-widget-wrap elementor-element-populated\">\n\t\t\t\t\t\t<div class=\"elementor-element elementor-element-512ba65 elementor-widget elementor-widget-spacer\" data-id=\"512ba65\" data-element_type=\"widget\" data-widget_type=\"spacer.default\">\n\t\t\t\t<div class=\"elementor-widget-container\">\n\t\t\t\t\t<div class=\"elementor-spacer\">\n\t\t\t<div class=\"elementor-spacer-inner\"><\/div>\n\t\t<\/div>\n\t\t\t\t<\/div>\n\t\t\t\t<\/div>\n\t\t\t\t\t<\/div>\n\t\t<\/div>\n\t\t\t\t<div class=\"elementor-column elementor-col-50 elementor-top-column elementor-element elementor-element-fdfde7c\" data-id=\"fdfde7c\" data-element_type=\"column\">\n\t\t\t<div class=\"elementor-widget-wrap elementor-element-populated\">\n\t\t\t\t\t\t<div class=\"elementor-element elementor-element-38e737b elementor-widget elementor-widget-heading\" data-id=\"38e737b\" data-element_type=\"widget\" data-widget_type=\"heading.default\">\n\t\t\t\t<div class=\"elementor-widget-container\">\n\t\t\t<h6 class=\"elementor-heading-title elementor-size-default\">samband<\/h6>\t\t<\/div>\n\t\t\t\t<\/div>\n\t\t\t\t<div class=\"elementor-element elementor-element-f00d906 elementor-widget elementor-widget-heading\" data-id=\"f00d906\" data-element_type=\"widget\" data-widget_type=\"heading.default\">\n\t\t\t\t<div class=\"elementor-widget-container\">\n\t\t\t<h2 class=\"elementor-heading-title elementor-size-default\">Vi\u00f0 hvetjum \u00feig til samstarfs!<\/h2>\t\t<\/div>\n\t\t\t\t<\/div>\n\t\t\t\t<div class=\"elementor-element elementor-element-0b082f8 elementor-widget elementor-widget-button\" data-id=\"0b082f8\" data-element_type=\"widget\" data-widget_type=\"button.default\">\n\t\t\t\t<div class=\"elementor-widget-container\">\n\t\t\t\t\t<div class=\"elementor-button-wrapper\">\n\t\t\t<a class=\"elementor-button elementor-button-link elementor-size-sm\" href=\"https:\/\/qsrconsulting.info\/is\/hafdu-samband\/\">\n\t\t\t\t\t\t<span class=\"elementor-button-content-wrapper\">\n\t\t\t\t\t\t\t\t\t<span class=\"elementor-button-text\">samband<\/span>\n\t\t\t\t\t<\/span>\n\t\t\t\t\t<\/a>\n\t\t<\/div>\n\t\t\t\t<\/div>\n\t\t\t\t<\/div>\n\t\t\t\t\t<\/div>\n\t\t<\/div>\n\t\t\t\t\t<\/div>\n\t\t<\/section>\n\t\t\t\t<\/div>\n\t\t","protected":false},"excerpt":{"rendered":"<p>QSR Consulting G\u00e6\u00f0i, stefna, \u00e1rangur. hver vi\u00f0 erum Vi\u00f0 erum n\u00fat\u00edmalegur samstarfsa\u00f0ili \u00e1 matv\u00f6rumarka\u00f0i, starfandi sem vir\u00f0isaukandi mi\u00f0lari. \u00cd starfi okkar h\u00f6fum vi\u00f0 a\u00f0 lei\u00f0arlj\u00f3si a\u00f0 skapa ver\u00f0m\u00e6ti fyrir matv\u00e6laframlei\u00f0endur og sm\u00e1sala. Vi\u00f0 s\u00e9rh\u00e6fum okkur \u00ed v\u00f6rur\u00e1\u00f0gj\u00f6f, v\u00f6ruh\u00f6nnun og innlei\u00f0ingu \u00feeirra \u00ed framlei\u00f0slu. Vi\u00f0 h\u00f6fum brennandi \u00e1huga \u00e1 s\u00f6lu, me\u00f0 margra \u00e1ra reynslu \u00ed verslun, [&hellip;]<\/p>\n","protected":false},"author":2,"featured_media":0,"parent":0,"menu_order":0,"comment_status":"closed","ping_status":"closed","template":"","meta":{"_uag_custom_page_level_css":"","site-sidebar-layout":"no-sidebar","site-content-layout":"page-builder","ast-site-content-layout":"full-width-container","site-content-style":"unboxed","site-sidebar-style":"unboxed","ast-global-header-display":"","ast-banner-title-visibility":"","ast-main-header-display":"","ast-hfb-above-header-display":"","ast-hfb-below-header-display":"","ast-hfb-mobile-header-display":"","site-post-title":"disabled","ast-breadcrumbs-content":"disabled","ast-featured-img":"disabled","footer-sml-layout":"","theme-transparent-header-meta":"enabled","adv-header-id-meta":"","stick-header-meta":"","header-above-stick-meta":"","header-main-stick-meta":"","header-below-stick-meta":"","astra-migrate-meta-layouts":"default","ast-page-background-enabled":"default","ast-page-background-meta":{"desktop":{"background-color":"","background-image":"","background-repeat":"repeat","background-position":"center center","background-size":"auto","background-attachment":"scroll","background-type":"","background-media":"","overlay-type":"","overlay-color":"","overlay-opacity":"","overlay-gradient":""},"tablet":{"background-color":"","background-image":"","background-repeat":"repeat","background-position":"center center","background-size":"auto","background-attachment":"scroll","background-type":"","background-media":"","overlay-type":"","overlay-color":"","overlay-opacity":"","overlay-gradient":""},"mobile":{"background-color":"","background-image":"","background-repeat":"repeat","background-position":"center center","background-size":"auto","background-attachment":"scroll","background-type":"","background-media":"","overlay-type":"","overlay-color":"","overlay-opacity":"","overlay-gradient":""}},"ast-content-background-meta":{"desktop":{"background-color":"var(--ast-global-color-5)","background-image":"","background-repeat":"repeat","background-position":"center center","background-size":"auto","background-attachment":"scroll","background-type":"","background-media":"","overlay-type":"","overlay-color":"","overlay-opacity":"","overlay-gradient":""},"tablet":{"background-color":"var(--ast-global-color-5)","background-image":"","background-repeat":"repeat","background-position":"center center","background-size":"auto","background-attachment":"scroll","background-type":"","background-media":"","overlay-type":"","overlay-color":"","overlay-opacity":"","overlay-gradient":""},"mobile":{"background-color":"var(--ast-global-color-5)","background-image":"","background-repeat":"repeat","background-position":"center center","background-size":"auto","background-attachment":"scroll","background-type":"","background-media":"","overlay-type":"","overlay-color":"","overlay-opacity":"","overlay-gradient":""}},"footnotes":""},"class_list":["post-4319","page","type-page","status-publish","hentry"],"aioseo_notices":[],"uagb_featured_image_src":{"full":false,"thumbnail":false,"medium":false,"medium_large":false,"large":false,"1536x1536":false,"2048x2048":false},"uagb_author_info":{"display_name":"Bartek","author_link":"https:\/\/qsrconsulting.info\/is\/author\/bartek\/"},"uagb_comment_info":0,"uagb_excerpt":"QSR Consulting G\u00e6\u00f0i, stefna, \u00e1rangur. hver vi\u00f0 erum Vi\u00f0 erum n\u00fat\u00edmalegur samstarfsa\u00f0ili \u00e1 matv\u00f6rumarka\u00f0i, starfandi sem vir\u00f0isaukandi mi\u00f0lari. \u00cd starfi okkar h\u00f6fum vi\u00f0 a\u00f0 lei\u00f0arlj\u00f3si a\u00f0 skapa ver\u00f0m\u00e6ti fyrir matv\u00e6laframlei\u00f0endur og sm\u00e1sala. Vi\u00f0 s\u00e9rh\u00e6fum okkur \u00ed v\u00f6rur\u00e1\u00f0gj\u00f6f, v\u00f6ruh\u00f6nnun og innlei\u00f0ingu \u00feeirra \u00ed framlei\u00f0slu. Vi\u00f0 h\u00f6fum brennandi \u00e1huga \u00e1 s\u00f6lu, me\u00f0 margra \u00e1ra reynslu \u00ed verslun,&hellip;","_links":{"self":[{"href":"https:\/\/qsrconsulting.info\/is\/wp-json\/wp\/v2\/pages\/4319"}],"collection":[{"href":"https:\/\/qsrconsulting.info\/is\/wp-json\/wp\/v2\/pages"}],"about":[{"href":"https:\/\/qsrconsulting.info\/is\/wp-json\/wp\/v2\/types\/page"}],"author":[{"embeddable":true,"href":"https:\/\/qsrconsulting.info\/is\/wp-json\/wp\/v2\/users\/2"}],"replies":[{"embeddable":true,"href":"https:\/\/qsrconsulting.info\/is\/wp-json\/wp\/v2\/comments?post=4319"}],"version-history":[{"count":6,"href":"https:\/\/qsrconsulting.info\/is\/wp-json\/wp\/v2\/pages\/4319\/revisions"}],"predecessor-version":[{"id":25359,"href":"https:\/\/qsrconsulting.info\/is\/wp-json\/wp\/v2\/pages\/4319\/revisions\/25359"}],"wp:attachment":[{"href":"https:\/\/qsrconsulting.info\/is\/wp-json\/wp\/v2\/media?parent=4319"}],"curies":[{"name":"wp","href":"https:\/\/api.w.org\/{rel}","templated":true}]}}