{"id":4333,"date":"2021-06-10T08:51:29","date_gmt":"2021-06-10T06:51:29","guid":{"rendered":"https:\/\/qsrconsulting.info\/hvers-vegna-vid\/"},"modified":"2024-07-17T14:14:59","modified_gmt":"2024-07-17T12:14:59","slug":"hvers-vegna-vid","status":"publish","type":"page","link":"https:\/\/qsrconsulting.info\/is\/heim\/hvers-vegna-vid\/","title":{"rendered":"Hvers vegna Vi\u00f0?"},"content":{"rendered":"\t\t<div data-elementor-type=\"wp-page\" data-elementor-id=\"4333\" class=\"elementor elementor-4333 elementor-40\">\n\t\t\t\t\t\t<section class=\"elementor-section elementor-top-section elementor-element elementor-element-0334f6c elementor-section-height-min-height elementor-section-boxed elementor-section-height-default elementor-section-items-middle\" data-id=\"0334f6c\" data-element_type=\"section\" data-settings=\"{&quot;background_background&quot;:&quot;classic&quot;}\">\n\t\t\t\t\t\t\t<div class=\"elementor-background-overlay\"><\/div>\n\t\t\t\t\t\t\t<div class=\"elementor-container elementor-column-gap-no\">\n\t\t\t\t\t<div class=\"elementor-column elementor-col-100 elementor-top-column elementor-element elementor-element-91b67b4\" data-id=\"91b67b4\" data-element_type=\"column\">\n\t\t\t<div class=\"elementor-widget-wrap elementor-element-populated\">\n\t\t\t\t\t\t<div class=\"elementor-element elementor-element-2443ab6 elementor-widget elementor-widget-heading\" data-id=\"2443ab6\" data-element_type=\"widget\" data-widget_type=\"heading.default\">\n\t\t\t\t<div class=\"elementor-widget-container\">\n\t\t\t<h6 class=\"elementor-heading-title elementor-size-default\">Hvers vegna okkur?<\/h6>\t\t<\/div>\n\t\t\t\t<\/div>\n\t\t\t\t<div class=\"elementor-element elementor-element-8518466 elementor-widget elementor-widget-heading\" data-id=\"8518466\" data-element_type=\"widget\" data-widget_type=\"heading.default\">\n\t\t\t\t<div class=\"elementor-widget-container\">\n\t\t\t<h1 class=\"elementor-heading-title elementor-size-default\">\u201eV\u00f6rumerki er upplifun.<\/h1>\t\t<\/div>\n\t\t\t\t<\/div>\n\t\t\t\t\t<\/div>\n\t\t<\/div>\n\t\t\t\t\t<\/div>\n\t\t<\/section>\n\t\t\t\t<section class=\"elementor-section elementor-top-section elementor-element elementor-element-f721338 elementor-section-content-bottom elementor-section-boxed elementor-section-height-default elementor-section-height-default\" data-id=\"f721338\" data-element_type=\"section\">\n\t\t\t\t\t\t<div class=\"elementor-container elementor-column-gap-default\">\n\t\t\t\t\t<div class=\"elementor-column elementor-col-100 elementor-top-column elementor-element elementor-element-462271c\" data-id=\"462271c\" data-element_type=\"column\" data-settings=\"{&quot;background_background&quot;:&quot;classic&quot;}\">\n\t\t\t<div class=\"elementor-widget-wrap elementor-element-populated\">\n\t\t\t\t\t\t<div class=\"elementor-element elementor-element-8ecb127 elementor-widget elementor-widget-icon-box\" data-id=\"8ecb127\" data-element_type=\"widget\" data-widget_type=\"icon-box.default\">\n\t\t\t\t<div class=\"elementor-widget-container\">\n\t\t\t\t\t<div class=\"elementor-icon-box-wrapper\">\n\n\t\t\t\n\t\t\t\t\t\t<div class=\"elementor-icon-box-content\">\n\n\t\t\t\t\t\t\t\t\t<h3 class=\"elementor-icon-box-title\">\n\t\t\t\t\t\t<span  >\n\t\t\t\t\t\t\tReynsla\t\t\t\t\t\t<\/span>\n\t\t\t\t\t<\/h3>\n\t\t\t\t\n\t\t\t\t\t\t\t\t\t<p class=\"elementor-icon-box-description\">\n\t\t\t\t\t\tMe\u00f0 yfir 20 \u00e1ra reynslu \u00ed greininni erum vi\u00f0 teymi sem veit hvernig \u00e1 a\u00f0 breyta kenningum \u00ed alv\u00f6ru athafnir. Vi\u00f0 \u00feekkjum n\u00fdjustu strauma, \u00f3skir vi\u00f0skiptavina og marka\u00f0sreglur. S\u00e9rhver \u00e1kv\u00f6r\u00f0un sem \u00fe\u00fa tekur hefur hagn\u00fdta \u00fe\u00fd\u00f0ingu fyrir okkur. Vi\u00f0 erum h\u00e9r til a\u00f0 vera stu\u00f0ningur \u00feinn og lei\u00f0beinandi \u00ed vi\u00f0skiptaheiminum.\t\t\t\t\t<\/p>\n\t\t\t\t\n\t\t\t<\/div>\n\t\t\t\n\t\t<\/div>\n\t\t\t\t<\/div>\n\t\t\t\t<\/div>\n\t\t\t\t<div class=\"elementor-element elementor-element-ec0f21d elementor-widget elementor-widget-icon-box\" data-id=\"ec0f21d\" data-element_type=\"widget\" data-widget_type=\"icon-box.default\">\n\t\t\t\t<div class=\"elementor-widget-container\">\n\t\t\t\t\t<div class=\"elementor-icon-box-wrapper\">\n\n\t\t\t\n\t\t\t\t\t\t<div class=\"elementor-icon-box-content\">\n\n\t\t\t\t\t\t\t\t\t<h3 class=\"elementor-icon-box-title\">\n\t\t\t\t\t\t<span  >\n\t\t\t\t\t\t\tVi\u00f0skiptavinir \u00fe\u00ednir\t\t\t\t\t\t<\/span>\n\t\t\t\t\t<\/h3>\n\t\t\t\t\n\t\t\t\t\t\t\t\t\t<p class=\"elementor-icon-box-description\">\n\t\t\t\t\t\tVi\u00f0 erum ekki bara r\u00e1\u00f0gjafar - vi\u00f0 erum vi\u00f0skiptaf\u00e9lagar \u00fe\u00ednir. Hlutverk okkar n\u00e6r lengra en einf\u00f6ld r\u00e1\u00f0gj\u00f6f; Saman me\u00f0 \u00fe\u00e9r t\u00f6kum vi\u00f0 \u00fe\u00e1tt \u00ed sk\u00f6pun og \u00fatf\u00e6rslu \u00e1 vi\u00f0skiptahugmynd \u00feinni. \u00de\u00f6kk s\u00e9 al\u00fej\u00f3\u00f0legu neti okkar traustra framlei\u00f0enda og birgja, hj\u00e1lpum vi\u00f0 \u00fe\u00e9r a\u00f0 finna \u00e1kj\u00f3sanlega samstarfsa\u00f0ila, en sty\u00f0jum \u00feig l\u00edka \u00e1 hverju stigi ferlisins - fr\u00e1 hugmynd til framkv\u00e6mdar. Skuldbinding okkar og stu\u00f0ningur er lykillinn a\u00f0 \u00fev\u00ed a\u00f0 fl\u00fdta fyrir \u00fer\u00f3un \u00feinni og n\u00e1 \u00e1rangri.\t\t\t\t\t<\/p>\n\t\t\t\t\n\t\t\t<\/div>\n\t\t\t\n\t\t<\/div>\n\t\t\t\t<\/div>\n\t\t\t\t<\/div>\n\t\t\t\t<div class=\"elementor-element elementor-element-c15f2a2 elementor-widget elementor-widget-icon-box\" data-id=\"c15f2a2\" data-element_type=\"widget\" data-widget_type=\"icon-box.default\">\n\t\t\t\t<div class=\"elementor-widget-container\">\n\t\t\t\t\t<div class=\"elementor-icon-box-wrapper\">\n\n\t\t\t\n\t\t\t\t\t\t<div class=\"elementor-icon-box-content\">\n\n\t\t\t\t\t\t\t\t\t<h3 class=\"elementor-icon-box-title\">\n\t\t\t\t\t\t<span  >\n\t\t\t\t\t\t\tGagnadrifnar a\u00f0fer\u00f0ir\t\t\t\t\t\t<\/span>\n\t\t\t\t\t<\/h3>\n\t\t\t\t\n\t\t\t\t\t\t\t\t\t<p class=\"elementor-icon-box-description\">\n\t\t\t\t\t\t\u00c1\u00e6tlanir okkar eru bygg\u00f0ar \u00e1 traustri gagnagreiningu og neytendainns\u00fdn, studd af h\u00e1\u00fer\u00f3a\u00f0ri greiningu og gervigreindarverkf\u00e6rum. \u00de\u00f6kk s\u00e9 \u00feessu er hvert skref \u00feitt \u00fathugsa\u00f0 og markvisst, sem h\u00e1markar s\u00f6lu og hagna\u00f0.\t\t\t\t\t<\/p>\n\t\t\t\t\n\t\t\t<\/div>\n\t\t\t\n\t\t<\/div>\n\t\t\t\t<\/div>\n\t\t\t\t<\/div>\n\t\t\t\t<div class=\"elementor-element elementor-element-7fe5d72 elementor-widget elementor-widget-icon-box\" data-id=\"7fe5d72\" data-element_type=\"widget\" data-widget_type=\"icon-box.default\">\n\t\t\t\t<div class=\"elementor-widget-container\">\n\t\t\t\t\t<div class=\"elementor-icon-box-wrapper\">\n\n\t\t\t\n\t\t\t\t\t\t<div class=\"elementor-icon-box-content\">\n\n\t\t\t\t\t\t\t\t\t<h3 class=\"elementor-icon-box-title\">\n\t\t\t\t\t\t<span  >\n\t\t\t\t\t\t\tS\u00e9rh\u00e6fing \u00ed veggskotum\t\t\t\t\t\t<\/span>\n\t\t\t\t\t<\/h3>\n\t\t\t\t\n\t\t\t\t\t\t\t\t\t<p class=\"elementor-icon-box-description\">\n\t\t\t\t\t\tVi\u00f0 skiljum a\u00f0 \u00e1 fj\u00f6lbreyttum marka\u00f0i passar ein lausn ekki \u00f6llum. \u00deess vegna sn\u00ed\u00f0um vi\u00f0 \u00fej\u00f3nustu okkar a\u00f0 \u00fe\u00ednum einst\u00f6kum \u00fe\u00f6rfum, hvort sem um er a\u00f0 r\u00e6\u00f0a l\u00edfr\u00e6na matv\u00e6lageirann, \u00fe\u00e6gindam\u00e1lt\u00ed\u00f0ir e\u00f0a m\u00e1lt\u00ed\u00f0ir fyrir flugf\u00e9l\u00f6g og bens\u00ednst\u00f6\u00f0var.\t\t\t\t\t<\/p>\n\t\t\t\t\n\t\t\t<\/div>\n\t\t\t\n\t\t<\/div>\n\t\t\t\t<\/div>\n\t\t\t\t<\/div>\n\t\t\t\t<div class=\"elementor-element elementor-element-7042db9 elementor-widget elementor-widget-icon-box\" data-id=\"7042db9\" data-element_type=\"widget\" data-widget_type=\"icon-box.default\">\n\t\t\t\t<div class=\"elementor-widget-container\">\n\t\t\t\t\t<div class=\"elementor-icon-box-wrapper\">\n\n\t\t\t\n\t\t\t\t\t\t<div class=\"elementor-icon-box-content\">\n\n\t\t\t\t\t\t\t\t\t<h3 class=\"elementor-icon-box-title\">\n\t\t\t\t\t\t<span  >\n\t\t\t\t\t\t\tS\u00e9rh\u00e6fing og s\u00e9rh\u00e6fing\t\t\t\t\t\t<\/span>\n\t\t\t\t\t<\/h3>\n\t\t\t\t\n\t\t\t\t\t\t\t\t\t<p class=\"elementor-icon-box-description\">\n\t\t\t\t\t\tVi\u00f0 skiljum a\u00f0 hver marka\u00f0ur er mismunandi og krefst einstaklingsbundinnar n\u00e1lgunar. Vi\u00f0 sn\u00ed\u00f0um \u00fej\u00f3nustu okkar a\u00f0 \u00fe\u00ednum einst\u00f6kum \u00fe\u00f6rfum, hvort sem \u00fea\u00f0 er l\u00edfr\u00e6n matv\u00e6li, skyndibitar e\u00f0a hagn\u00fdtar v\u00f6rur. Vi\u00f0 vinnum h\u00f6nd \u00ed h\u00f6nd me\u00f0 s\u00e9rfr\u00e6\u00f0ingum fr\u00e1 \u00fdmsum svi\u00f0um - allt fr\u00e1 v\u00f6ru\u00fer\u00f3un, \u00ed gegnum marka\u00f0ssetningu, til dreifingar. \t\t\t\t\t<\/p>\n\t\t\t\t\n\t\t\t<\/div>\n\t\t\t\n\t\t<\/div>\n\t\t\t\t<\/div>\n\t\t\t\t<\/div>\n\t\t\t\t<div class=\"elementor-element elementor-element-361fb6a elementor-widget elementor-widget-icon-box\" data-id=\"361fb6a\" data-element_type=\"widget\" data-widget_type=\"icon-box.default\">\n\t\t\t\t<div class=\"elementor-widget-container\">\n\t\t\t\t\t<div class=\"elementor-icon-box-wrapper\">\n\n\t\t\t\n\t\t\t\t\t\t<div class=\"elementor-icon-box-content\">\n\n\t\t\t\t\n\t\t\t\t\t\t\t\t\t<p class=\"elementor-icon-box-description\">\n\t\t\t\t\t\tFyrir viki\u00f0 bj\u00f3\u00f0um vi\u00f0 upp \u00e1 heildr\u00e6na, hagn\u00fdta og \u00e1rangursmi\u00f0a\u00f0a n\u00e1lgun sem er sni\u00f0in a\u00f0 \u00fe\u00ednum \u00fe\u00f6rfum. Dj\u00fap i\u00f0n\u00feekking okkar og prakt\u00edsk reynsla gera okkur a\u00f0 \u00f3metanlegum samstarfsa\u00f0ila sem getur skila\u00f0 \u00e1\u00fereifanlegum \u00e1rangri sem hefur \u00e1hrif \u00e1 ar\u00f0semi \u00fe\u00edna.\t\t\t\t\t<\/p>\n\t\t\t\t\n\t\t\t<\/div>\n\t\t\t\n\t\t<\/div>\n\t\t\t\t<\/div>\n\t\t\t\t<\/div>\n\t\t\t\t\t<\/div>\n\t\t<\/div>\n\t\t\t\t\t<\/div>\n\t\t<\/section>\n\t\t\t\t<section class=\"elementor-section elementor-top-section elementor-element elementor-element-9f33f5d elementor-section-boxed elementor-section-height-default elementor-section-height-default\" data-id=\"9f33f5d\" data-element_type=\"section\" data-settings=\"{&quot;background_background&quot;:&quot;classic&quot;}\">\n\t\t\t\t\t\t<div class=\"elementor-container elementor-column-gap-no\">\n\t\t\t\t\t<div class=\"elementor-column elementor-col-50 elementor-top-column elementor-element elementor-element-058d3c0\" data-id=\"058d3c0\" data-element_type=\"column\" data-settings=\"{&quot;background_background&quot;:&quot;classic&quot;}\">\n\t\t\t<div class=\"elementor-widget-wrap elementor-element-populated\">\n\t\t\t\t\t\t<div class=\"elementor-element elementor-element-c4546cb elementor-widget elementor-widget-image\" data-id=\"c4546cb\" data-element_type=\"widget\" data-widget_type=\"image.default\">\n\t\t\t\t<div class=\"elementor-widget-container\">\n\t\t\t\t\t\t\t\t\t\t\t\t\t<img fetchpriority=\"high\" decoding=\"async\" width=\"620\" height=\"515\" src=\"https:\/\/qsrconsulting.info\/wp-content\/uploads\/2024\/07\/qsr-talk-to-us-4.webp\" class=\"attachment-full size-full wp-image-20036\" alt=\"\" srcset=\"https:\/\/qsrconsulting.info\/wp-content\/uploads\/2024\/07\/qsr-talk-to-us-4.webp 620w, https:\/\/qsrconsulting.info\/wp-content\/uploads\/2024\/07\/qsr-talk-to-us-4-300x249.webp 300w\" sizes=\"(max-width: 620px) 100vw, 620px\" \/>\t\t\t\t\t\t\t\t\t\t\t\t\t<\/div>\n\t\t\t\t<\/div>\n\t\t\t\t\t<\/div>\n\t\t<\/div>\n\t\t\t\t<div class=\"elementor-column elementor-col-50 elementor-top-column elementor-element elementor-element-2920f5d\" data-id=\"2920f5d\" data-element_type=\"column\" data-settings=\"{&quot;background_background&quot;:&quot;classic&quot;}\">\n\t\t\t<div class=\"elementor-widget-wrap elementor-element-populated\">\n\t\t\t\t\t\t<div class=\"elementor-element elementor-element-1af1ebe elementor-widget elementor-widget-heading\" data-id=\"1af1ebe\" data-element_type=\"widget\" data-widget_type=\"heading.default\">\n\t\t\t\t<div class=\"elementor-widget-container\">\n\t\t\t<h2 class=\"elementor-heading-title elementor-size-default\">Hvernig getum vi\u00f0 a\u00f0sto\u00f0a\u00f0?<\/h2>\t\t<\/div>\n\t\t\t\t<\/div>\n\t\t\t\t<div class=\"elementor-element elementor-element-bf7ecf1 elementor-widget elementor-widget-heading\" data-id=\"bf7ecf1\" data-element_type=\"widget\" data-widget_type=\"heading.default\">\n\t\t\t\t<div class=\"elementor-widget-container\">\n\t\t\t<h5 class=\"elementor-heading-title elementor-size-default\">Vi\u00f0 erum me\u00f0 \u00fe\u00e9r \u00e1 hverju stigi - fr\u00e1 hugmynd til \u00fatf\u00e6rslu og frekari \u00fer\u00f3unar.<\/h5>\t\t<\/div>\n\t\t\t\t<\/div>\n\t\t\t\t<div class=\"elementor-element elementor-element-e063a48 elementor-widget elementor-widget-button\" data-id=\"e063a48\" data-element_type=\"widget\" data-widget_type=\"button.default\">\n\t\t\t\t<div class=\"elementor-widget-container\">\n\t\t\t\t\t<div class=\"elementor-button-wrapper\">\n\t\t\t<a class=\"elementor-button elementor-button-link elementor-size-sm\" href=\"https:\/\/qsrconsulting.info\/is\/hafdu-samband\/\">\n\t\t\t\t\t\t<span class=\"elementor-button-content-wrapper\">\n\t\t\t\t\t\t\t\t\t<span class=\"elementor-button-text\">Tala\u00f0u vi\u00f0 okkur<\/span>\n\t\t\t\t\t<\/span>\n\t\t\t\t\t<\/a>\n\t\t<\/div>\n\t\t\t\t<\/div>\n\t\t\t\t<\/div>\n\t\t\t\t\t<\/div>\n\t\t<\/div>\n\t\t\t\t\t<\/div>\n\t\t<\/section>\n\t\t\t\t<\/div>\n\t\t","protected":false},"excerpt":{"rendered":"<p>Hvers vegna okkur? \u201eV\u00f6rumerki er upplifun. Reynsla Me\u00f0 yfir 20 \u00e1ra reynslu \u00ed greininni erum vi\u00f0 teymi sem veit hvernig \u00e1 a\u00f0 breyta kenningum \u00ed alv\u00f6ru athafnir. Vi\u00f0 \u00feekkjum n\u00fdjustu strauma, \u00f3skir vi\u00f0skiptavina og marka\u00f0sreglur. S\u00e9rhver \u00e1kv\u00f6r\u00f0un sem \u00fe\u00fa tekur hefur hagn\u00fdta \u00fe\u00fd\u00f0ingu fyrir okkur. Vi\u00f0 erum h\u00e9r til a\u00f0 vera stu\u00f0ningur \u00feinn og lei\u00f0beinandi [&hellip;]<\/p>\n","protected":false},"author":2,"featured_media":0,"parent":4337,"menu_order":0,"comment_status":"closed","ping_status":"closed","template":"","meta":{"_uag_custom_page_level_css":"","site-sidebar-layout":"no-sidebar","site-content-layout":"page-builder","ast-site-content-layout":"","site-content-style":"default","site-sidebar-style":"default","ast-global-header-display":"","ast-banner-title-visibility":"","ast-main-header-display":"","ast-hfb-above-header-display":"","ast-hfb-below-header-display":"","ast-hfb-mobile-header-display":"","site-post-title":"disabled","ast-breadcrumbs-content":"disabled","ast-featured-img":"disabled","footer-sml-layout":"","theme-transparent-header-meta":"enabled","adv-header-id-meta":"","stick-header-meta":"","header-above-stick-meta":"","header-main-stick-meta":"","header-below-stick-meta":"","astra-migrate-meta-layouts":"default","ast-page-background-enabled":"default","ast-page-background-meta":{"desktop":{"background-color":"","background-image":"","background-repeat":"repeat","background-position":"center center","background-size":"auto","background-attachment":"scroll","background-type":"","background-media":"","overlay-type":"","overlay-color":"","overlay-opacity":"","overlay-gradient":""},"tablet":{"background-color":"","background-image":"","background-repeat":"repeat","background-position":"center center","background-size":"auto","background-attachment":"scroll","background-type":"","background-media":"","overlay-type":"","overlay-color":"","overlay-opacity":"","overlay-gradient":""},"mobile":{"background-color":"","background-image":"","background-repeat":"repeat","background-position":"center center","background-size":"auto","background-attachment":"scroll","background-type":"","background-media":"","overlay-type":"","overlay-color":"","overlay-opacity":"","overlay-gradient":""}},"ast-content-background-meta":{"desktop":{"background-color":"var(--ast-global-color-5)","background-image":"","background-repeat":"repeat","background-position":"center center","background-size":"auto","background-attachment":"scroll","background-type":"","background-media":"","overlay-type":"","overlay-color":"","overlay-opacity":"","overlay-gradient":""},"tablet":{"background-color":"var(--ast-global-color-5)","background-image":"","background-repeat":"repeat","background-position":"center center","background-size":"auto","background-attachment":"scroll","background-type":"","background-media":"","overlay-type":"","overlay-color":"","overlay-opacity":"","overlay-gradient":""},"mobile":{"background-color":"var(--ast-global-color-5)","background-image":"","background-repeat":"repeat","background-position":"center center","background-size":"auto","background-attachment":"scroll","background-type":"","background-media":"","overlay-type":"","overlay-color":"","overlay-opacity":"","overlay-gradient":""}},"footnotes":""},"class_list":["post-4333","page","type-page","status-publish","hentry"],"aioseo_notices":[],"uagb_featured_image_src":{"full":false,"thumbnail":false,"medium":false,"medium_large":false,"large":false,"1536x1536":false,"2048x2048":false},"uagb_author_info":{"display_name":"Bartek","author_link":"https:\/\/qsrconsulting.info\/is\/author\/bartek\/"},"uagb_comment_info":0,"uagb_excerpt":"Hvers vegna okkur? \u201eV\u00f6rumerki er upplifun. Reynsla Me\u00f0 yfir 20 \u00e1ra reynslu \u00ed greininni erum vi\u00f0 teymi sem veit hvernig \u00e1 a\u00f0 breyta kenningum \u00ed alv\u00f6ru athafnir. Vi\u00f0 \u00feekkjum n\u00fdjustu strauma, \u00f3skir vi\u00f0skiptavina og marka\u00f0sreglur. S\u00e9rhver \u00e1kv\u00f6r\u00f0un sem \u00fe\u00fa tekur hefur hagn\u00fdta \u00fe\u00fd\u00f0ingu fyrir okkur. Vi\u00f0 erum h\u00e9r til a\u00f0 vera stu\u00f0ningur \u00feinn og lei\u00f0beinandi&hellip;","_links":{"self":[{"href":"https:\/\/qsrconsulting.info\/is\/wp-json\/wp\/v2\/pages\/4333"}],"collection":[{"href":"https:\/\/qsrconsulting.info\/is\/wp-json\/wp\/v2\/pages"}],"about":[{"href":"https:\/\/qsrconsulting.info\/is\/wp-json\/wp\/v2\/types\/page"}],"author":[{"embeddable":true,"href":"https:\/\/qsrconsulting.info\/is\/wp-json\/wp\/v2\/users\/2"}],"replies":[{"embeddable":true,"href":"https:\/\/qsrconsulting.info\/is\/wp-json\/wp\/v2\/comments?post=4333"}],"version-history":[{"count":4,"href":"https:\/\/qsrconsulting.info\/is\/wp-json\/wp\/v2\/pages\/4333\/revisions"}],"predecessor-version":[{"id":20472,"href":"https:\/\/qsrconsulting.info\/is\/wp-json\/wp\/v2\/pages\/4333\/revisions\/20472"}],"up":[{"embeddable":true,"href":"https:\/\/qsrconsulting.info\/is\/wp-json\/wp\/v2\/pages\/4337"}],"wp:attachment":[{"href":"https:\/\/qsrconsulting.info\/is\/wp-json\/wp\/v2\/media?parent=4333"}],"curies":[{"name":"wp","href":"https:\/\/api.w.org\/{rel}","templated":true}]}}