{"id":4344,"date":"2023-11-13T09:58:34","date_gmt":"2023-11-13T08:58:34","guid":{"rendered":"https:\/\/qsrconsulting.info\/daemirannsokn\/daemi-um-daemi-2\/"},"modified":"2024-07-17T13:12:13","modified_gmt":"2024-07-17T11:12:13","slug":"daemi-um-daemi-2","status":"publish","type":"page","link":"https:\/\/qsrconsulting.info\/is\/daemirannsokn\/daemi-um-daemi-2\/","title":{"rendered":"D\u00e6mi um d\u00e6mi 2"},"content":{"rendered":"\t\t<div data-elementor-type=\"wp-page\" data-elementor-id=\"4344\" class=\"elementor elementor-4344 elementor-2984\">\n\t\t\t\t\t\t<section class=\"elementor-section elementor-top-section elementor-element elementor-element-0334f6c elementor-section-height-min-height elementor-section-boxed elementor-section-height-default elementor-section-items-middle\" data-id=\"0334f6c\" data-element_type=\"section\" data-settings=\"{&quot;background_background&quot;:&quot;classic&quot;}\">\n\t\t\t\t\t\t\t<div class=\"elementor-background-overlay\"><\/div>\n\t\t\t\t\t\t\t<div class=\"elementor-container elementor-column-gap-no\">\n\t\t\t\t\t<div class=\"elementor-column elementor-col-100 elementor-top-column elementor-element elementor-element-91b67b4\" data-id=\"91b67b4\" data-element_type=\"column\">\n\t\t\t<div class=\"elementor-widget-wrap elementor-element-populated\">\n\t\t\t\t\t\t<div class=\"elementor-element elementor-element-2443ab6 elementor-widget elementor-widget-heading\" data-id=\"2443ab6\" data-element_type=\"widget\" data-widget_type=\"heading.default\">\n\t\t\t\t<div class=\"elementor-widget-container\">\n\t\t\t<h6 class=\"elementor-heading-title elementor-size-default\">d\u00e6mis\u00f6gu 2<\/h6>\t\t<\/div>\n\t\t\t\t<\/div>\n\t\t\t\t<div class=\"elementor-element elementor-element-8518466 elementor-widget elementor-widget-heading\" data-id=\"8518466\" data-element_type=\"widget\" data-widget_type=\"heading.default\">\n\t\t\t\t<div class=\"elementor-widget-container\">\n\t\t\t<h1 class=\"elementor-heading-title elementor-size-default\"> \"\u00c1rangur sem h\u00e6gt er a\u00f0 m\u00e6la.\"\n<\/h1>\t\t<\/div>\n\t\t\t\t<\/div>\n\t\t\t\t\t<\/div>\n\t\t<\/div>\n\t\t\t\t\t<\/div>\n\t\t<\/section>\n\t\t\t\t<section class=\"elementor-section elementor-top-section elementor-element elementor-element-f721338 elementor-section-content-bottom elementor-section-boxed elementor-section-height-default elementor-section-height-default\" data-id=\"f721338\" data-element_type=\"section\">\n\t\t\t\t\t\t<div class=\"elementor-container elementor-column-gap-default\">\n\t\t\t\t\t<div class=\"elementor-column elementor-col-100 elementor-top-column elementor-element elementor-element-462271c\" data-id=\"462271c\" data-element_type=\"column\" data-settings=\"{&quot;background_background&quot;:&quot;classic&quot;}\">\n\t\t\t<div class=\"elementor-widget-wrap elementor-element-populated\">\n\t\t\t\t\t\t<div class=\"elementor-element elementor-element-8ecb127 elementor-widget elementor-widget-icon-box\" data-id=\"8ecb127\" data-element_type=\"widget\" data-widget_type=\"icon-box.default\">\n\t\t\t\t<div class=\"elementor-widget-container\">\n\t\t\t\t\t<div class=\"elementor-icon-box-wrapper\">\n\n\t\t\t\n\t\t\t\t\t\t<div class=\"elementor-icon-box-content\">\n\n\t\t\t\t\t\t\t\t\t<h3 class=\"elementor-icon-box-title\">\n\t\t\t\t\t\t<span  >\n\t\t\t\t\t\t\tL\u00fdsing \u00e1 vandam\u00e1linu:\t\t\t\t\t\t<\/span>\n\t\t\t\t\t<\/h3>\n\t\t\t\t\n\t\t\t\t\t\t\t\t\t<p class=\"elementor-icon-box-description\">\n\t\t\t\t\t\t\u00c1 uppl\u00fdsinga\u00f6ld, \u00fear sem allir hafa a\u00f0gang a\u00f0 gr\u00ed\u00f0arlegu magni af g\u00f6gnum, er munurinn hvernig \u00e1 a\u00f0 nota \u00feessi g\u00f6gn \u00e1 \u00e1hrifar\u00edkan h\u00e1tt. \u00cd umhverfi \u00fear sem s\u00e9rhver \u00fe\u00e1ttur vi\u00f0skipta er m\u00e6ldur og greindur, er \u00feversagnakennt erfitt a\u00f0 einbeita s\u00e9r a\u00f0 \u00fev\u00ed sem raunverulega skiptir m\u00e1li. Li\u00f0in hafa \u00e1hyggjur af gn\u00e6g\u00f0 gagna og skortir oft sk\u00fdra lei\u00f0 til a\u00f0 n\u00e1 raunverulegum, m\u00e6lanlegum \u00e1rangri. \n\t\t\t\t\t<\/p>\n\t\t\t\t\n\t\t\t<\/div>\n\t\t\t\n\t\t<\/div>\n\t\t\t\t<\/div>\n\t\t\t\t<\/div>\n\t\t\t\t<div class=\"elementor-element elementor-element-ec0f21d elementor-widget elementor-widget-icon-box\" data-id=\"ec0f21d\" data-element_type=\"widget\" data-widget_type=\"icon-box.default\">\n\t\t\t\t<div class=\"elementor-widget-container\">\n\t\t\t\t\t<div class=\"elementor-icon-box-wrapper\">\n\n\t\t\t\n\t\t\t\t\t\t<div class=\"elementor-icon-box-content\">\n\n\t\t\t\t\t\t\t\t\t<h3 class=\"elementor-icon-box-title\">\n\t\t\t\t\t\t<span  >\n\t\t\t\t\t\t\tLausn:\t\t\t\t\t\t<\/span>\n\t\t\t\t\t<\/h3>\n\t\t\t\t\n\t\t\t\t\t\t\t\t\t<p class=\"elementor-icon-box-description\">\n\t\t\t\t\t\t\u00cd samvinnu okkar leggjum vi\u00f0 \u00e1herslu \u00e1 greiningar- og ferlin\u00e1lgun, studd af h\u00e1\u00fer\u00f3u\u00f0um gervigreindarverkf\u00e6rum og sj\u00e1lfvirkni, til a\u00f0 veita vi\u00f0skiptavinum okkar samkeppnisforskot. \u00deetta sn\u00fdst ekki lengur bara um a\u00f0 vera flj\u00f3tur heldur um a\u00f0 vera kl\u00e1r og markviss \u00ed gj\u00f6r\u00f0um s\u00ednum.\nN\u00e1lgun okkar \u00e1 \u00feessu vandam\u00e1li er a\u00f0 endurskilgreina \u00e1rangur. Vi\u00f0 leggjum \u00e1herslu \u00e1 \u00fe\u00e6tti s\u00f6luaukningar og me\u00f0 \u00feessari form\u00falu geta teymi greint lykil\u00fe\u00e6ttina sem kn\u00fdja fram \u00e1rangur \u00feeirra. Vi\u00f0 innlei\u00f0um greiningart\u00e6ki og m\u00e6labor\u00f0 sem fylgjast me\u00f0 \u00feessum v\u00edsbendingum \u00ed raunt\u00edma, sem gerir teymum kleift a\u00f0 breg\u00f0ast flj\u00f3tt vi\u00f0 og a\u00f0laga a\u00f0fer\u00f0ir.\n\t\t\t\t\t<\/p>\n\t\t\t\t\n\t\t\t<\/div>\n\t\t\t\n\t\t<\/div>\n\t\t\t\t<\/div>\n\t\t\t\t<\/div>\n\t\t\t\t<div class=\"elementor-element elementor-element-c15f2a2 elementor-widget elementor-widget-icon-box\" data-id=\"c15f2a2\" data-element_type=\"widget\" data-widget_type=\"icon-box.default\">\n\t\t\t\t<div class=\"elementor-widget-container\">\n\t\t\t\t\t<div class=\"elementor-icon-box-wrapper\">\n\n\t\t\t\n\t\t\t\t\t\t<div class=\"elementor-icon-box-content\">\n\n\t\t\t\t\t\t\t\t\t<h3 class=\"elementor-icon-box-title\">\n\t\t\t\t\t\t<span  >\n\t\t\t\t\t\t\tNi\u00f0ursta\u00f0a:\t\t\t\t\t\t<\/span>\n\t\t\t\t\t<\/h3>\n\t\t\t\t\n\t\t\t\t\t\t\t\t\t<p class=\"elementor-icon-box-description\">\n\t\t\t\t\t\tA\u00f0 kynna \u00feessa n\u00e1lgun haf\u00f0i tafarlaus og langvarandi \u00e1hrif \u00e1 skilvirkni vi\u00f0skiptavina okkar. Li\u00f0in ur\u00f0u skipulag\u00f0ari og markvissari og s\u00ed\u00f0ast en ekki s\u00edst f\u00f3ru \u00feau a\u00f0 taka \u00e1kvar\u00f0anir bygg\u00f0ar \u00e1 g\u00f6gnum frekar en inns\u00e6i. \u00de\u00f6kk s\u00e9 sk\u00fdrum m\u00e6likv\u00f6r\u00f0um og st\u00f6\u00f0ugu eftirliti hafa fyrirt\u00e6ki s\u00e9\u00f0 verulegan v\u00f6xt \u00e1 lykilsvi\u00f0um.\n\t\t\t\t\t<\/p>\n\t\t\t\t\n\t\t\t<\/div>\n\t\t\t\n\t\t<\/div>\n\t\t\t\t<\/div>\n\t\t\t\t<\/div>\n\t\t\t\t\t<\/div>\n\t\t<\/div>\n\t\t\t\t\t<\/div>\n\t\t<\/section>\n\t\t\t\t<section class=\"elementor-section elementor-top-section elementor-element elementor-element-9f33f5d elementor-section-boxed elementor-section-height-default elementor-section-height-default\" data-id=\"9f33f5d\" data-element_type=\"section\" data-settings=\"{&quot;background_background&quot;:&quot;classic&quot;}\">\n\t\t\t\t\t\t<div class=\"elementor-container elementor-column-gap-no\">\n\t\t\t\t\t<div class=\"elementor-column elementor-col-50 elementor-top-column elementor-element elementor-element-058d3c0\" data-id=\"058d3c0\" data-element_type=\"column\" data-settings=\"{&quot;background_background&quot;:&quot;classic&quot;}\">\n\t\t\t<div class=\"elementor-widget-wrap elementor-element-populated\">\n\t\t\t\t\t\t<div class=\"elementor-element elementor-element-c4546cb elementor-widget elementor-widget-image\" data-id=\"c4546cb\" data-element_type=\"widget\" data-widget_type=\"image.default\">\n\t\t\t\t<div class=\"elementor-widget-container\">\n\t\t\t\t\t\t\t\t\t\t\t\t\t<img fetchpriority=\"high\" decoding=\"async\" width=\"620\" height=\"515\" src=\"https:\/\/qsrconsulting.info\/wp-content\/uploads\/2024\/07\/qsr-talk-to-us-4.webp\" class=\"attachment-full size-full wp-image-20036\" alt=\"\" srcset=\"https:\/\/qsrconsulting.info\/wp-content\/uploads\/2024\/07\/qsr-talk-to-us-4.webp 620w, https:\/\/qsrconsulting.info\/wp-content\/uploads\/2024\/07\/qsr-talk-to-us-4-300x249.webp 300w\" sizes=\"(max-width: 620px) 100vw, 620px\" \/>\t\t\t\t\t\t\t\t\t\t\t\t\t<\/div>\n\t\t\t\t<\/div>\n\t\t\t\t\t<\/div>\n\t\t<\/div>\n\t\t\t\t<div class=\"elementor-column elementor-col-50 elementor-top-column elementor-element elementor-element-2920f5d\" data-id=\"2920f5d\" data-element_type=\"column\" data-settings=\"{&quot;background_background&quot;:&quot;classic&quot;}\">\n\t\t\t<div class=\"elementor-widget-wrap elementor-element-populated\">\n\t\t\t\t\t\t<div class=\"elementor-element elementor-element-1af1ebe elementor-widget elementor-widget-heading\" data-id=\"1af1ebe\" data-element_type=\"widget\" data-widget_type=\"heading.default\">\n\t\t\t\t<div class=\"elementor-widget-container\">\n\t\t\t<h2 class=\"elementor-heading-title elementor-size-default\">Hvernig getum vi\u00f0 a\u00f0sto\u00f0a\u00f0?<\/h2>\t\t<\/div>\n\t\t\t\t<\/div>\n\t\t\t\t<div class=\"elementor-element elementor-element-bf7ecf1 elementor-widget elementor-widget-heading\" data-id=\"bf7ecf1\" data-element_type=\"widget\" data-widget_type=\"heading.default\">\n\t\t\t\t<div class=\"elementor-widget-container\">\n\t\t\t<h5 class=\"elementor-heading-title elementor-size-default\">Vi\u00f0 erum me\u00f0 \u00fe\u00e9r \u00e1 hverju stigi - fr\u00e1 hugmynd til \u00fatf\u00e6rslu og frekari \u00fer\u00f3unar.<\/h5>\t\t<\/div>\n\t\t\t\t<\/div>\n\t\t\t\t<div class=\"elementor-element elementor-element-e063a48 elementor-widget elementor-widget-button\" data-id=\"e063a48\" data-element_type=\"widget\" data-widget_type=\"button.default\">\n\t\t\t\t<div class=\"elementor-widget-container\">\n\t\t\t\t\t<div class=\"elementor-button-wrapper\">\n\t\t\t<a class=\"elementor-button elementor-button-link elementor-size-sm\" href=\"https:\/\/qsrconsulting.info\/is\/hafdu-samband\/\">\n\t\t\t\t\t\t<span class=\"elementor-button-content-wrapper\">\n\t\t\t\t\t\t\t\t\t<span class=\"elementor-button-text\">Tala\u00f0u vi\u00f0 okkur<\/span>\n\t\t\t\t\t<\/span>\n\t\t\t\t\t<\/a>\n\t\t<\/div>\n\t\t\t\t<\/div>\n\t\t\t\t<\/div>\n\t\t\t\t\t<\/div>\n\t\t<\/div>\n\t\t\t\t\t<\/div>\n\t\t<\/section>\n\t\t\t\t<\/div>\n\t\t","protected":false},"excerpt":{"rendered":"<p>d\u00e6mis\u00f6gu 2 &#8222;\u00c1rangur sem h\u00e6gt er a\u00f0 m\u00e6la.&#8220; L\u00fdsing \u00e1 vandam\u00e1linu: \u00c1 uppl\u00fdsinga\u00f6ld, \u00fear sem allir hafa a\u00f0gang a\u00f0 gr\u00ed\u00f0arlegu magni af g\u00f6gnum, er munurinn hvernig \u00e1 a\u00f0 nota \u00feessi g\u00f6gn \u00e1 \u00e1hrifar\u00edkan h\u00e1tt. \u00cd umhverfi \u00fear sem s\u00e9rhver \u00fe\u00e1ttur vi\u00f0skipta er m\u00e6ldur og greindur, er \u00feversagnakennt erfitt a\u00f0 einbeita s\u00e9r a\u00f0 \u00fev\u00ed sem raunverulega [&hellip;]<\/p>\n","protected":false},"author":2,"featured_media":0,"parent":4316,"menu_order":0,"comment_status":"closed","ping_status":"closed","template":"","meta":{"_uag_custom_page_level_css":"","site-sidebar-layout":"no-sidebar","site-content-layout":"page-builder","ast-site-content-layout":"","site-content-style":"default","site-sidebar-style":"default","ast-global-header-display":"","ast-banner-title-visibility":"","ast-main-header-display":"","ast-hfb-above-header-display":"","ast-hfb-below-header-display":"","ast-hfb-mobile-header-display":"","site-post-title":"disabled","ast-breadcrumbs-content":"disabled","ast-featured-img":"disabled","footer-sml-layout":"","theme-transparent-header-meta":"enabled","adv-header-id-meta":"","stick-header-meta":"","header-above-stick-meta":"","header-main-stick-meta":"","header-below-stick-meta":"","astra-migrate-meta-layouts":"default","ast-page-background-enabled":"default","ast-page-background-meta":{"desktop":{"background-color":"","background-image":"","background-repeat":"repeat","background-position":"center center","background-size":"auto","background-attachment":"scroll","background-type":"","background-media":"","overlay-type":"","overlay-color":"","overlay-opacity":"","overlay-gradient":""},"tablet":{"background-color":"","background-image":"","background-repeat":"repeat","background-position":"center center","background-size":"auto","background-attachment":"scroll","background-type":"","background-media":"","overlay-type":"","overlay-color":"","overlay-opacity":"","overlay-gradient":""},"mobile":{"background-color":"","background-image":"","background-repeat":"repeat","background-position":"center center","background-size":"auto","background-attachment":"scroll","background-type":"","background-media":"","overlay-type":"","overlay-color":"","overlay-opacity":"","overlay-gradient":""}},"ast-content-background-meta":{"desktop":{"background-color":"var(--ast-global-color-5)","background-image":"","background-repeat":"repeat","background-position":"center center","background-size":"auto","background-attachment":"scroll","background-type":"","background-media":"","overlay-type":"","overlay-color":"","overlay-opacity":"","overlay-gradient":""},"tablet":{"background-color":"var(--ast-global-color-5)","background-image":"","background-repeat":"repeat","background-position":"center center","background-size":"auto","background-attachment":"scroll","background-type":"","background-media":"","overlay-type":"","overlay-color":"","overlay-opacity":"","overlay-gradient":""},"mobile":{"background-color":"var(--ast-global-color-5)","background-image":"","background-repeat":"repeat","background-position":"center center","background-size":"auto","background-attachment":"scroll","background-type":"","background-media":"","overlay-type":"","overlay-color":"","overlay-opacity":"","overlay-gradient":""}},"footnotes":""},"class_list":["post-4344","page","type-page","status-publish","hentry"],"aioseo_notices":[],"uagb_featured_image_src":{"full":false,"thumbnail":false,"medium":false,"medium_large":false,"large":false,"1536x1536":false,"2048x2048":false},"uagb_author_info":{"display_name":"Bartek","author_link":"https:\/\/qsrconsulting.info\/is\/author\/bartek\/"},"uagb_comment_info":0,"uagb_excerpt":"d\u00e6mis\u00f6gu 2 &#8222;\u00c1rangur sem h\u00e6gt er a\u00f0 m\u00e6la.&#8220; L\u00fdsing \u00e1 vandam\u00e1linu: \u00c1 uppl\u00fdsinga\u00f6ld, \u00fear sem allir hafa a\u00f0gang a\u00f0 gr\u00ed\u00f0arlegu magni af g\u00f6gnum, er munurinn hvernig \u00e1 a\u00f0 nota \u00feessi g\u00f6gn \u00e1 \u00e1hrifar\u00edkan h\u00e1tt. \u00cd umhverfi \u00fear sem s\u00e9rhver \u00fe\u00e1ttur vi\u00f0skipta er m\u00e6ldur og greindur, er \u00feversagnakennt erfitt a\u00f0 einbeita s\u00e9r a\u00f0 \u00fev\u00ed sem raunverulega&hellip;","_links":{"self":[{"href":"https:\/\/qsrconsulting.info\/is\/wp-json\/wp\/v2\/pages\/4344"}],"collection":[{"href":"https:\/\/qsrconsulting.info\/is\/wp-json\/wp\/v2\/pages"}],"about":[{"href":"https:\/\/qsrconsulting.info\/is\/wp-json\/wp\/v2\/types\/page"}],"author":[{"embeddable":true,"href":"https:\/\/qsrconsulting.info\/is\/wp-json\/wp\/v2\/users\/2"}],"replies":[{"embeddable":true,"href":"https:\/\/qsrconsulting.info\/is\/wp-json\/wp\/v2\/comments?post=4344"}],"version-history":[{"count":4,"href":"https:\/\/qsrconsulting.info\/is\/wp-json\/wp\/v2\/pages\/4344\/revisions"}],"predecessor-version":[{"id":20456,"href":"https:\/\/qsrconsulting.info\/is\/wp-json\/wp\/v2\/pages\/4344\/revisions\/20456"}],"up":[{"embeddable":true,"href":"https:\/\/qsrconsulting.info\/is\/wp-json\/wp\/v2\/pages\/4316"}],"wp:attachment":[{"href":"https:\/\/qsrconsulting.info\/is\/wp-json\/wp\/v2\/media?parent=4344"}],"curies":[{"name":"wp","href":"https:\/\/api.w.org\/{rel}","templated":true}]}}