{"id":4347,"date":"2023-11-13T10:03:11","date_gmt":"2023-11-13T09:03:11","guid":{"rendered":"https:\/\/qsrconsulting.info\/daemirannsokn\/daemi-um-daemi-3\/"},"modified":"2024-07-17T13:14:51","modified_gmt":"2024-07-17T11:14:51","slug":"daemi-um-daemi-3","status":"publish","type":"page","link":"https:\/\/qsrconsulting.info\/is\/daemirannsokn\/daemi-um-daemi-3\/","title":{"rendered":"D\u00e6mi um d\u00e6mi 3"},"content":{"rendered":"\t\t<div data-elementor-type=\"wp-page\" data-elementor-id=\"4347\" class=\"elementor elementor-4347 elementor-2992\">\n\t\t\t\t\t\t<section class=\"elementor-section elementor-top-section elementor-element elementor-element-0334f6c elementor-section-height-min-height elementor-section-boxed elementor-section-height-default elementor-section-items-middle\" data-id=\"0334f6c\" data-element_type=\"section\" data-settings=\"{&quot;background_background&quot;:&quot;classic&quot;}\">\n\t\t\t\t\t\t\t<div class=\"elementor-background-overlay\"><\/div>\n\t\t\t\t\t\t\t<div class=\"elementor-container elementor-column-gap-no\">\n\t\t\t\t\t<div class=\"elementor-column elementor-col-100 elementor-top-column elementor-element elementor-element-91b67b4\" data-id=\"91b67b4\" data-element_type=\"column\">\n\t\t\t<div class=\"elementor-widget-wrap elementor-element-populated\">\n\t\t\t\t\t\t<div class=\"elementor-element elementor-element-2443ab6 elementor-widget elementor-widget-heading\" data-id=\"2443ab6\" data-element_type=\"widget\" data-widget_type=\"heading.default\">\n\t\t\t\t<div class=\"elementor-widget-container\">\n\t\t\t<h6 class=\"elementor-heading-title elementor-size-default\">d\u00e6mis\u00f6gu 3<\/h6>\t\t<\/div>\n\t\t\t\t<\/div>\n\t\t\t\t<div class=\"elementor-element elementor-element-8518466 elementor-widget elementor-widget-heading\" data-id=\"8518466\" data-element_type=\"widget\" data-widget_type=\"heading.default\">\n\t\t\t\t<div class=\"elementor-widget-container\">\n\t\t\t<h1 class=\"elementor-heading-title elementor-size-default\">\"Hagn\u00fdt n\u00e1lgun \u00e1 fr\u00e6\u00f0i.\"\n<\/h1>\t\t<\/div>\n\t\t\t\t<\/div>\n\t\t\t\t\t<\/div>\n\t\t<\/div>\n\t\t\t\t\t<\/div>\n\t\t<\/section>\n\t\t\t\t<section class=\"elementor-section elementor-top-section elementor-element elementor-element-f721338 elementor-section-content-bottom elementor-section-boxed elementor-section-height-default elementor-section-height-default\" data-id=\"f721338\" data-element_type=\"section\">\n\t\t\t\t\t\t<div class=\"elementor-container elementor-column-gap-default\">\n\t\t\t\t\t<div class=\"elementor-column elementor-col-100 elementor-top-column elementor-element elementor-element-462271c\" data-id=\"462271c\" data-element_type=\"column\" data-settings=\"{&quot;background_background&quot;:&quot;classic&quot;}\">\n\t\t\t<div class=\"elementor-widget-wrap elementor-element-populated\">\n\t\t\t\t\t\t<div class=\"elementor-element elementor-element-8ecb127 elementor-widget elementor-widget-icon-box\" data-id=\"8ecb127\" data-element_type=\"widget\" data-widget_type=\"icon-box.default\">\n\t\t\t\t<div class=\"elementor-widget-container\">\n\t\t\t\t\t<div class=\"elementor-icon-box-wrapper\">\n\n\t\t\t\n\t\t\t\t\t\t<div class=\"elementor-icon-box-content\">\n\n\t\t\t\t\t\t\t\t\t<h3 class=\"elementor-icon-box-title\">\n\t\t\t\t\t\t<span  >\n\t\t\t\t\t\t\tL\u00fdsing \u00e1 vandam\u00e1linu:\t\t\t\t\t\t<\/span>\n\t\t\t\t\t<\/h3>\n\t\t\t\t\n\t\t\t\t\t\t\t\t\t<p class=\"elementor-icon-box-description\">\n\t\t\t\t\t\t\u00cd kenningunni um marka\u00f0ssetningu og v\u00f6rumerkjastj\u00f3rnun eru m\u00f6rg hugt\u00f6k og l\u00edk\u00f6n sem mi\u00f0a a\u00f0 \u00fev\u00ed a\u00f0 auka \u00e1n\u00e6gju vi\u00f0skiptavina og endurtaka kaup. Hins vegar, \u00ed reynd, sj\u00e1um vi\u00f0 vandam\u00e1li\u00f0 vi\u00f0 \u00e1rangursr\u00edka framkv\u00e6md \u00feeirra. \n\t\t\t\t\t<\/p>\n\t\t\t\t\n\t\t\t<\/div>\n\t\t\t\n\t\t<\/div>\n\t\t\t\t<\/div>\n\t\t\t\t<\/div>\n\t\t\t\t<div class=\"elementor-element elementor-element-ec0f21d elementor-widget elementor-widget-icon-box\" data-id=\"ec0f21d\" data-element_type=\"widget\" data-widget_type=\"icon-box.default\">\n\t\t\t\t<div class=\"elementor-widget-container\">\n\t\t\t\t\t<div class=\"elementor-icon-box-wrapper\">\n\n\t\t\t\n\t\t\t\t\t\t<div class=\"elementor-icon-box-content\">\n\n\t\t\t\t\t\t\t\t\t<h3 class=\"elementor-icon-box-title\">\n\t\t\t\t\t\t<span  >\n\t\t\t\t\t\t\tLausn:\t\t\t\t\t\t<\/span>\n\t\t\t\t\t<\/h3>\n\t\t\t\t\n\t\t\t\t\t\t\t\t\t<p class=\"elementor-icon-box-description\">\n\t\t\t\t\t\t\u00cd sta\u00f0 \u00feess a\u00f0 l\u00edta \u00e1 fr\u00e6\u00f0i sem \u00f3hlutbundi\u00f0 hugtak, byrjum vi\u00f0 \u00e1 \u00fev\u00ed a\u00f0 skilja raunverulegar \u00fearfir og v\u00e6ntingar vi\u00f0skiptavina. \n<br>\n<strong>A\u00f0 byggja upp tilbo\u00f0i\u00f0:<\/strong> Vi\u00f0 byrjum \u00e1 marka\u00f0s- og samkeppnisgreiningu til a\u00f0 skilja hvar ey\u00f0urnar eru og hver eru \u00f3n\u00fdtt t\u00e6kif\u00e6ri. S\u00ed\u00f0an, me\u00f0 \u00fev\u00ed a\u00f0 nota greiningart\u00e6ki og AI stu\u00f0ning, b\u00faum vi\u00f0 til tilbo\u00f0 sem er ekki a\u00f0eins a\u00f0la\u00f0andi heldur uppfyllir einnig s\u00e9rstakar \u00fearfir vi\u00f0skiptavina.\n<br>\n<strong>V\u00f6ruflokkastj\u00f3rnun:<\/strong> Vi\u00f0 takm\u00f6rkum okkur ekki vi\u00f0 stakar v\u00f6rur. \u00deess \u00ed sta\u00f0 greinum vi\u00f0 allan v\u00f6ruflokkinn, greinum lykil\u00fe\u00e6tti sem hafa \u00e1hrif \u00e1 \u00e1n\u00e6gju vi\u00f0skiptavina og endurtekin kaup. \n<br>\n<strong>A\u00f0 byggja upp \u00e1n\u00e6gju og endurtaka kaup:<\/strong> Lykillinn h\u00e9r er a\u00f0 skilja allan l\u00edfsferil vi\u00f0skiptavinarins og hva\u00f0a stig \u00ed \u00feessari lotu eru mikilv\u00e6gust fyrir \u00e1n\u00e6gju og trygg\u00f0. \u00deetta gerir okkur kleift a\u00f0 einbeita okkur a\u00f0 \u00feeim \u00fe\u00e1ttum sem raunverulega skipta m\u00e1li, \u00ed sta\u00f0 \u00feess a\u00f0 ey\u00f0a t\u00edma og fj\u00e1rmagni \u00ed aukaatri\u00f0i.\n\t\t\t\t\t<\/p>\n\t\t\t\t\n\t\t\t<\/div>\n\t\t\t\n\t\t<\/div>\n\t\t\t\t<\/div>\n\t\t\t\t<\/div>\n\t\t\t\t<div class=\"elementor-element elementor-element-c15f2a2 elementor-widget elementor-widget-icon-box\" data-id=\"c15f2a2\" data-element_type=\"widget\" data-widget_type=\"icon-box.default\">\n\t\t\t\t<div class=\"elementor-widget-container\">\n\t\t\t\t\t<div class=\"elementor-icon-box-wrapper\">\n\n\t\t\t\n\t\t\t\t\t\t<div class=\"elementor-icon-box-content\">\n\n\t\t\t\t\t\t\t\t\t<h3 class=\"elementor-icon-box-title\">\n\t\t\t\t\t\t<span  >\n\t\t\t\t\t\t\tNi\u00f0ursta\u00f0a:\t\t\t\t\t\t<\/span>\n\t\t\t\t\t<\/h3>\n\t\t\t\t\n\t\t\t\t\t\t\t\t\t<p class=\"elementor-icon-box-description\">\n\t\t\t\t\t\t\u00de\u00f6kk s\u00e9 hagn\u00fdtri n\u00e1lgun \u00e1 kenningu t\u00f3kst okkur ekki a\u00f0eins a\u00f0 auka \u00e1n\u00e6gju vi\u00f0skiptavina heldur einnig a\u00f0 b\u00e6ta verulega endurtekna kaup. \u00dear a\u00f0 auki er st\u00f6\u00f0ugt fylgst me\u00f0 starfsemi okkar og f\u00ednstillt, \u00fe\u00f6kk s\u00e9 \u00fev\u00ed getum vi\u00f0 brug\u00f0ist flj\u00f3tt vi\u00f0 breytingum \u00e1 marka\u00f0i og \u00fe\u00f6rfum vi\u00f0skiptavina. \t\t\t\t\t<\/p>\n\t\t\t\t\n\t\t\t<\/div>\n\t\t\t\n\t\t<\/div>\n\t\t\t\t<\/div>\n\t\t\t\t<\/div>\n\t\t\t\t\t<\/div>\n\t\t<\/div>\n\t\t\t\t\t<\/div>\n\t\t<\/section>\n\t\t\t\t<section class=\"elementor-section elementor-top-section elementor-element elementor-element-9f33f5d elementor-section-boxed elementor-section-height-default elementor-section-height-default\" data-id=\"9f33f5d\" data-element_type=\"section\" data-settings=\"{&quot;background_background&quot;:&quot;classic&quot;}\">\n\t\t\t\t\t\t<div class=\"elementor-container elementor-column-gap-no\">\n\t\t\t\t\t<div class=\"elementor-column elementor-col-50 elementor-top-column elementor-element elementor-element-058d3c0\" data-id=\"058d3c0\" data-element_type=\"column\" data-settings=\"{&quot;background_background&quot;:&quot;classic&quot;}\">\n\t\t\t<div class=\"elementor-widget-wrap elementor-element-populated\">\n\t\t\t\t\t\t<div class=\"elementor-element elementor-element-c4546cb elementor-widget elementor-widget-image\" data-id=\"c4546cb\" data-element_type=\"widget\" data-widget_type=\"image.default\">\n\t\t\t\t<div class=\"elementor-widget-container\">\n\t\t\t\t\t\t\t\t\t\t\t\t\t<img fetchpriority=\"high\" decoding=\"async\" width=\"620\" height=\"429\" src=\"https:\/\/qsrconsulting.info\/wp-content\/uploads\/2024\/07\/qsr-talk-to-us-1.webp\" class=\"attachment-full size-full wp-image-19931\" alt=\"\" srcset=\"https:\/\/qsrconsulting.info\/wp-content\/uploads\/2024\/07\/qsr-talk-to-us-1.webp 620w, https:\/\/qsrconsulting.info\/wp-content\/uploads\/2024\/07\/qsr-talk-to-us-1-300x208.webp 300w\" sizes=\"(max-width: 620px) 100vw, 620px\" \/>\t\t\t\t\t\t\t\t\t\t\t\t\t<\/div>\n\t\t\t\t<\/div>\n\t\t\t\t\t<\/div>\n\t\t<\/div>\n\t\t\t\t<div class=\"elementor-column elementor-col-50 elementor-top-column elementor-element elementor-element-2920f5d\" data-id=\"2920f5d\" data-element_type=\"column\" data-settings=\"{&quot;background_background&quot;:&quot;classic&quot;}\">\n\t\t\t<div class=\"elementor-widget-wrap elementor-element-populated\">\n\t\t\t\t\t\t<div class=\"elementor-element elementor-element-1af1ebe elementor-widget elementor-widget-heading\" data-id=\"1af1ebe\" data-element_type=\"widget\" data-widget_type=\"heading.default\">\n\t\t\t\t<div class=\"elementor-widget-container\">\n\t\t\t<h2 class=\"elementor-heading-title elementor-size-default\">Hvernig getum vi\u00f0 a\u00f0sto\u00f0a\u00f0?<\/h2>\t\t<\/div>\n\t\t\t\t<\/div>\n\t\t\t\t<div class=\"elementor-element elementor-element-bf7ecf1 elementor-widget elementor-widget-heading\" data-id=\"bf7ecf1\" data-element_type=\"widget\" data-widget_type=\"heading.default\">\n\t\t\t\t<div class=\"elementor-widget-container\">\n\t\t\t<h5 class=\"elementor-heading-title elementor-size-default\">Vi\u00f0 erum me\u00f0 \u00fe\u00e9r \u00e1 hverju stigi - fr\u00e1 hugmynd til \u00fatf\u00e6rslu og frekari \u00fer\u00f3unar.<\/h5>\t\t<\/div>\n\t\t\t\t<\/div>\n\t\t\t\t<div class=\"elementor-element elementor-element-e063a48 elementor-widget elementor-widget-button\" data-id=\"e063a48\" data-element_type=\"widget\" data-widget_type=\"button.default\">\n\t\t\t\t<div class=\"elementor-widget-container\">\n\t\t\t\t\t<div class=\"elementor-button-wrapper\">\n\t\t\t<a class=\"elementor-button elementor-button-link elementor-size-sm\" href=\"https:\/\/qsrconsulting.info\/is\/hafdu-samband\/\">\n\t\t\t\t\t\t<span class=\"elementor-button-content-wrapper\">\n\t\t\t\t\t\t\t\t\t<span class=\"elementor-button-text\">Tala\u00f0u vi\u00f0 okkur<\/span>\n\t\t\t\t\t<\/span>\n\t\t\t\t\t<\/a>\n\t\t<\/div>\n\t\t\t\t<\/div>\n\t\t\t\t<\/div>\n\t\t\t\t\t<\/div>\n\t\t<\/div>\n\t\t\t\t\t<\/div>\n\t\t<\/section>\n\t\t\t\t<\/div>\n\t\t","protected":false},"excerpt":{"rendered":"<p>d\u00e6mis\u00f6gu 3 &#8222;Hagn\u00fdt n\u00e1lgun \u00e1 fr\u00e6\u00f0i.&#8220; L\u00fdsing \u00e1 vandam\u00e1linu: \u00cd kenningunni um marka\u00f0ssetningu og v\u00f6rumerkjastj\u00f3rnun eru m\u00f6rg hugt\u00f6k og l\u00edk\u00f6n sem mi\u00f0a a\u00f0 \u00fev\u00ed a\u00f0 auka \u00e1n\u00e6gju vi\u00f0skiptavina og endurtaka kaup. Hins vegar, \u00ed reynd, sj\u00e1um vi\u00f0 vandam\u00e1li\u00f0 vi\u00f0 \u00e1rangursr\u00edka framkv\u00e6md \u00feeirra. Lausn: \u00cd sta\u00f0 \u00feess a\u00f0 l\u00edta \u00e1 fr\u00e6\u00f0i sem \u00f3hlutbundi\u00f0 hugtak, byrjum vi\u00f0 [&hellip;]<\/p>\n","protected":false},"author":2,"featured_media":0,"parent":4316,"menu_order":0,"comment_status":"closed","ping_status":"closed","template":"","meta":{"_uag_custom_page_level_css":"","site-sidebar-layout":"no-sidebar","site-content-layout":"page-builder","ast-site-content-layout":"","site-content-style":"default","site-sidebar-style":"default","ast-global-header-display":"","ast-banner-title-visibility":"","ast-main-header-display":"","ast-hfb-above-header-display":"","ast-hfb-below-header-display":"","ast-hfb-mobile-header-display":"","site-post-title":"disabled","ast-breadcrumbs-content":"disabled","ast-featured-img":"disabled","footer-sml-layout":"","theme-transparent-header-meta":"enabled","adv-header-id-meta":"","stick-header-meta":"","header-above-stick-meta":"","header-main-stick-meta":"","header-below-stick-meta":"","astra-migrate-meta-layouts":"default","ast-page-background-enabled":"default","ast-page-background-meta":{"desktop":{"background-color":"","background-image":"","background-repeat":"repeat","background-position":"center center","background-size":"auto","background-attachment":"scroll","background-type":"","background-media":"","overlay-type":"","overlay-color":"","overlay-opacity":"","overlay-gradient":""},"tablet":{"background-color":"","background-image":"","background-repeat":"repeat","background-position":"center center","background-size":"auto","background-attachment":"scroll","background-type":"","background-media":"","overlay-type":"","overlay-color":"","overlay-opacity":"","overlay-gradient":""},"mobile":{"background-color":"","background-image":"","background-repeat":"repeat","background-position":"center center","background-size":"auto","background-attachment":"scroll","background-type":"","background-media":"","overlay-type":"","overlay-color":"","overlay-opacity":"","overlay-gradient":""}},"ast-content-background-meta":{"desktop":{"background-color":"var(--ast-global-color-5)","background-image":"","background-repeat":"repeat","background-position":"center center","background-size":"auto","background-attachment":"scroll","background-type":"","background-media":"","overlay-type":"","overlay-color":"","overlay-opacity":"","overlay-gradient":""},"tablet":{"background-color":"var(--ast-global-color-5)","background-image":"","background-repeat":"repeat","background-position":"center center","background-size":"auto","background-attachment":"scroll","background-type":"","background-media":"","overlay-type":"","overlay-color":"","overlay-opacity":"","overlay-gradient":""},"mobile":{"background-color":"var(--ast-global-color-5)","background-image":"","background-repeat":"repeat","background-position":"center center","background-size":"auto","background-attachment":"scroll","background-type":"","background-media":"","overlay-type":"","overlay-color":"","overlay-opacity":"","overlay-gradient":""}},"footnotes":""},"class_list":["post-4347","page","type-page","status-publish","hentry"],"aioseo_notices":[],"uagb_featured_image_src":{"full":false,"thumbnail":false,"medium":false,"medium_large":false,"large":false,"1536x1536":false,"2048x2048":false},"uagb_author_info":{"display_name":"Bartek","author_link":"https:\/\/qsrconsulting.info\/is\/author\/bartek\/"},"uagb_comment_info":0,"uagb_excerpt":"d\u00e6mis\u00f6gu 3 &#8222;Hagn\u00fdt n\u00e1lgun \u00e1 fr\u00e6\u00f0i.&#8220; L\u00fdsing \u00e1 vandam\u00e1linu: \u00cd kenningunni um marka\u00f0ssetningu og v\u00f6rumerkjastj\u00f3rnun eru m\u00f6rg hugt\u00f6k og l\u00edk\u00f6n sem mi\u00f0a a\u00f0 \u00fev\u00ed a\u00f0 auka \u00e1n\u00e6gju vi\u00f0skiptavina og endurtaka kaup. Hins vegar, \u00ed reynd, sj\u00e1um vi\u00f0 vandam\u00e1li\u00f0 vi\u00f0 \u00e1rangursr\u00edka framkv\u00e6md \u00feeirra. Lausn: \u00cd sta\u00f0 \u00feess a\u00f0 l\u00edta \u00e1 fr\u00e6\u00f0i sem \u00f3hlutbundi\u00f0 hugtak, byrjum vi\u00f0&hellip;","_links":{"self":[{"href":"https:\/\/qsrconsulting.info\/is\/wp-json\/wp\/v2\/pages\/4347"}],"collection":[{"href":"https:\/\/qsrconsulting.info\/is\/wp-json\/wp\/v2\/pages"}],"about":[{"href":"https:\/\/qsrconsulting.info\/is\/wp-json\/wp\/v2\/types\/page"}],"author":[{"embeddable":true,"href":"https:\/\/qsrconsulting.info\/is\/wp-json\/wp\/v2\/users\/2"}],"replies":[{"embeddable":true,"href":"https:\/\/qsrconsulting.info\/is\/wp-json\/wp\/v2\/comments?post=4347"}],"version-history":[{"count":4,"href":"https:\/\/qsrconsulting.info\/is\/wp-json\/wp\/v2\/pages\/4347\/revisions"}],"predecessor-version":[{"id":20457,"href":"https:\/\/qsrconsulting.info\/is\/wp-json\/wp\/v2\/pages\/4347\/revisions\/20457"}],"up":[{"embeddable":true,"href":"https:\/\/qsrconsulting.info\/is\/wp-json\/wp\/v2\/pages\/4316"}],"wp:attachment":[{"href":"https:\/\/qsrconsulting.info\/is\/wp-json\/wp\/v2\/media?parent=4347"}],"curies":[{"name":"wp","href":"https:\/\/api.w.org\/{rel}","templated":true}]}}