{"id":4350,"date":"2023-11-13T10:07:43","date_gmt":"2023-11-13T09:07:43","guid":{"rendered":"https:\/\/qsrconsulting.info\/daemirannsokn\/daemi-um-daemi-4\/"},"modified":"2024-07-17T13:17:12","modified_gmt":"2024-07-17T11:17:12","slug":"daemi-um-daemi-4","status":"publish","type":"page","link":"https:\/\/qsrconsulting.info\/is\/daemirannsokn\/daemi-um-daemi-4\/","title":{"rendered":"D\u00e6mi um d\u00e6mi 4"},"content":{"rendered":"\t\t<div data-elementor-type=\"wp-page\" data-elementor-id=\"4350\" class=\"elementor elementor-4350 elementor-2997\">\n\t\t\t\t\t\t<section class=\"elementor-section elementor-top-section elementor-element elementor-element-0334f6c elementor-section-height-min-height elementor-section-boxed elementor-section-height-default elementor-section-items-middle\" data-id=\"0334f6c\" data-element_type=\"section\" data-settings=\"{&quot;background_background&quot;:&quot;classic&quot;}\">\n\t\t\t\t\t\t\t<div class=\"elementor-background-overlay\"><\/div>\n\t\t\t\t\t\t\t<div class=\"elementor-container elementor-column-gap-no\">\n\t\t\t\t\t<div class=\"elementor-column elementor-col-100 elementor-top-column elementor-element elementor-element-91b67b4\" data-id=\"91b67b4\" data-element_type=\"column\">\n\t\t\t<div class=\"elementor-widget-wrap elementor-element-populated\">\n\t\t\t\t\t\t<div class=\"elementor-element elementor-element-2443ab6 elementor-widget elementor-widget-heading\" data-id=\"2443ab6\" data-element_type=\"widget\" data-widget_type=\"heading.default\">\n\t\t\t\t<div class=\"elementor-widget-container\">\n\t\t\t<h6 class=\"elementor-heading-title elementor-size-default\">d\u00e6mis\u00f6gu 4<\/h6>\t\t<\/div>\n\t\t\t\t<\/div>\n\t\t\t\t<div class=\"elementor-element elementor-element-8518466 elementor-widget elementor-widget-heading\" data-id=\"8518466\" data-element_type=\"widget\" data-widget_type=\"heading.default\">\n\t\t\t\t<div class=\"elementor-widget-container\">\n\t\t\t<h1 class=\"elementor-heading-title elementor-size-default\">\u201eStaktu \u00feig \u00fat e\u00f0a deyja\n\"\n<\/h1>\t\t<\/div>\n\t\t\t\t<\/div>\n\t\t\t\t\t<\/div>\n\t\t<\/div>\n\t\t\t\t\t<\/div>\n\t\t<\/section>\n\t\t\t\t<section class=\"elementor-section elementor-top-section elementor-element elementor-element-f721338 elementor-section-content-bottom elementor-section-boxed elementor-section-height-default elementor-section-height-default\" data-id=\"f721338\" data-element_type=\"section\">\n\t\t\t\t\t\t<div class=\"elementor-container elementor-column-gap-default\">\n\t\t\t\t\t<div class=\"elementor-column elementor-col-100 elementor-top-column elementor-element elementor-element-462271c\" data-id=\"462271c\" data-element_type=\"column\" data-settings=\"{&quot;background_background&quot;:&quot;classic&quot;}\">\n\t\t\t<div class=\"elementor-widget-wrap elementor-element-populated\">\n\t\t\t\t\t\t<div class=\"elementor-element elementor-element-8ecb127 elementor-widget elementor-widget-icon-box\" data-id=\"8ecb127\" data-element_type=\"widget\" data-widget_type=\"icon-box.default\">\n\t\t\t\t<div class=\"elementor-widget-container\">\n\t\t\t\t\t<div class=\"elementor-icon-box-wrapper\">\n\n\t\t\t\n\t\t\t\t\t\t<div class=\"elementor-icon-box-content\">\n\n\t\t\t\t\t\t\t\t\t<h3 class=\"elementor-icon-box-title\">\n\t\t\t\t\t\t<span  >\n\t\t\t\t\t\t\tL\u00fdsing \u00e1 vandam\u00e1linu:\t\t\t\t\t\t<\/span>\n\t\t\t\t\t<\/h3>\n\t\t\t\t\n\t\t\t\t\t\t\t\t\t<p class=\"elementor-icon-box-description\">\n\t\t\t\t\t\t\u00c1 fj\u00f6lmennum netverslunarmarka\u00f0i \u00ed dag eiga fyrirt\u00e6ki oft \u00ed erfi\u00f0leikum me\u00f0 a\u00f0 a\u00f0greina tilbo\u00f0 s\u00edn. Margir \u00feeirra nota s\u00f6mu marka\u00f0st\u00e6ki og s\u00f6lua\u00f0fer\u00f0ir, sem lei\u00f0ir til st\u00f6\u00f0nunar og skorts \u00e1 n\u00fdsk\u00f6pun.\n\t\t\t\t\t<\/p>\n\t\t\t\t\n\t\t\t<\/div>\n\t\t\t\n\t\t<\/div>\n\t\t\t\t<\/div>\n\t\t\t\t<\/div>\n\t\t\t\t<div class=\"elementor-element elementor-element-ec0f21d elementor-widget elementor-widget-icon-box\" data-id=\"ec0f21d\" data-element_type=\"widget\" data-widget_type=\"icon-box.default\">\n\t\t\t\t<div class=\"elementor-widget-container\">\n\t\t\t\t\t<div class=\"elementor-icon-box-wrapper\">\n\n\t\t\t\n\t\t\t\t\t\t<div class=\"elementor-icon-box-content\">\n\n\t\t\t\t\t\t\t\t\t<h3 class=\"elementor-icon-box-title\">\n\t\t\t\t\t\t<span  >\n\t\t\t\t\t\t\tLausn:\t\t\t\t\t\t<\/span>\n\t\t\t\t\t<\/h3>\n\t\t\t\t\n\t\t\t\t\t\t\t\t\t<p class=\"elementor-icon-box-description\">\n\t\t\t\t\t\t\u00d3l\u00edkt hef\u00f0bundnum fyrirt\u00e6kjum sem leggja \u00e1herslu \u00e1 a\u00f0 vi\u00f0halda \u00f3breyttu \u00e1standi, n\u00e1lgumst vi\u00f0 rafr\u00e6n vi\u00f0skipti \u00fat fr\u00e1 n\u00fdsk\u00f6punarsj\u00f3narmi\u00f0i. Vi\u00f0 erum \u00f3hr\u00e6dd vi\u00f0 a\u00f0 gera tilraunir me\u00f0 n\u00fdja t\u00e6kni eins og gervigreind og st\u00f3ra gagnagreiningu til a\u00f0 skilja neytendaheg\u00f0un og laga a\u00f0fer\u00f0ir okkar.\n<br><br>\n<strong>Ferli:<\/strong>\n<br><br>\n<strong>1. Greining og ranns\u00f3knir:<\/strong><br> Vi\u00f0 byrjum \u00e1 \u00fev\u00ed a\u00f0 safna og greina g\u00f6gn til a\u00f0 skilja hva\u00f0 vi\u00f0skiptavinurinn vill raunverulega.<br><br>\n<strong>2. Stefna og \u00e1\u00e6tlanager\u00f0:<\/strong> Byggt \u00e1 greiningum b\u00faum vi\u00f0 til pers\u00f3nulega marka\u00f0s- og s\u00f6lustefnu.<br><br>\n<strong>3. Innlei\u00f0ing og pr\u00f3fun:<\/strong> Vi\u00f0 kynnum n\u00fdjungar eins og gervigreindar-kn\u00fana spjallbotna og kraftmikla ver\u00f0lagningu og m\u00e6lum skilvirkni \u00feeirra.<br><br>\n<strong>4. Hagr\u00e6\u00f0ing og stigst\u00e6r\u00f0:<\/strong> Byggt \u00e1 ni\u00f0urst\u00f6\u00f0unum f\u00ednstillum vi\u00f0 starfsemi og st\u00e6kkum \u00fe\u00e6r til allrar stofnunarinnar.\n\t\t\t\t\t<\/p>\n\t\t\t\t\n\t\t\t<\/div>\n\t\t\t\n\t\t<\/div>\n\t\t\t\t<\/div>\n\t\t\t\t<\/div>\n\t\t\t\t<div class=\"elementor-element elementor-element-c15f2a2 elementor-widget elementor-widget-icon-box\" data-id=\"c15f2a2\" data-element_type=\"widget\" data-widget_type=\"icon-box.default\">\n\t\t\t\t<div class=\"elementor-widget-container\">\n\t\t\t\t\t<div class=\"elementor-icon-box-wrapper\">\n\n\t\t\t\n\t\t\t\t\t\t<div class=\"elementor-icon-box-content\">\n\n\t\t\t\t\t\t\t\t\t<h3 class=\"elementor-icon-box-title\">\n\t\t\t\t\t\t<span  >\n\t\t\t\t\t\t\tNi\u00f0ursta\u00f0a:\t\t\t\t\t\t<\/span>\n\t\t\t\t\t<\/h3>\n\t\t\t\t\n\t\t\t\t\t\t\t\t\t<p class=\"elementor-icon-box-description\">\n\t\t\t\t\t\t\u00de\u00f6kk s\u00e9 n\u00e1lgun okkar taka vi\u00f0skiptavinir okkar ekki a\u00f0eins eftir verulegri aukningu \u00ed s\u00f6lu heldur einnig \u00e1n\u00e6gju og trygg\u00f0 vi\u00f0skiptavina. Fyrir okkur er n\u00fdsk\u00f6pun ekki einstakt verkefni, heldur \u00e1framhaldandi i\u00f0kun sem lei\u00f0ir til st\u00f6\u00f0ugrar \u00fer\u00f3unar og \u00e1rangurs.\t\t\t\t\t<\/p>\n\t\t\t\t\n\t\t\t<\/div>\n\t\t\t\n\t\t<\/div>\n\t\t\t\t<\/div>\n\t\t\t\t<\/div>\n\t\t\t\t\t<\/div>\n\t\t<\/div>\n\t\t\t\t\t<\/div>\n\t\t<\/section>\n\t\t\t\t<section class=\"elementor-section elementor-top-section elementor-element elementor-element-9f33f5d elementor-section-boxed elementor-section-height-default elementor-section-height-default\" data-id=\"9f33f5d\" data-element_type=\"section\" data-settings=\"{&quot;background_background&quot;:&quot;classic&quot;}\">\n\t\t\t\t\t\t<div class=\"elementor-container elementor-column-gap-no\">\n\t\t\t\t\t<div class=\"elementor-column elementor-col-50 elementor-top-column elementor-element elementor-element-058d3c0\" data-id=\"058d3c0\" data-element_type=\"column\" data-settings=\"{&quot;background_background&quot;:&quot;classic&quot;}\">\n\t\t\t<div class=\"elementor-widget-wrap elementor-element-populated\">\n\t\t\t\t\t\t<div class=\"elementor-element elementor-element-c4546cb elementor-widget elementor-widget-image\" data-id=\"c4546cb\" data-element_type=\"widget\" data-widget_type=\"image.default\">\n\t\t\t\t<div class=\"elementor-widget-container\">\n\t\t\t\t\t\t\t\t\t\t\t\t\t<img fetchpriority=\"high\" decoding=\"async\" width=\"620\" height=\"413\" src=\"https:\/\/qsrconsulting.info\/wp-content\/uploads\/2024\/07\/qsr-talk-to-us-3.webp\" class=\"attachment-full size-full wp-image-20015\" alt=\"qsr consulting\" srcset=\"https:\/\/qsrconsulting.info\/wp-content\/uploads\/2024\/07\/qsr-talk-to-us-3.webp 620w, https:\/\/qsrconsulting.info\/wp-content\/uploads\/2024\/07\/qsr-talk-to-us-3-300x200.webp 300w\" sizes=\"(max-width: 620px) 100vw, 620px\" \/>\t\t\t\t\t\t\t\t\t\t\t\t\t<\/div>\n\t\t\t\t<\/div>\n\t\t\t\t\t<\/div>\n\t\t<\/div>\n\t\t\t\t<div class=\"elementor-column elementor-col-50 elementor-top-column elementor-element elementor-element-2920f5d\" data-id=\"2920f5d\" data-element_type=\"column\" data-settings=\"{&quot;background_background&quot;:&quot;classic&quot;}\">\n\t\t\t<div class=\"elementor-widget-wrap elementor-element-populated\">\n\t\t\t\t\t\t<div class=\"elementor-element elementor-element-1af1ebe elementor-widget elementor-widget-heading\" data-id=\"1af1ebe\" data-element_type=\"widget\" data-widget_type=\"heading.default\">\n\t\t\t\t<div class=\"elementor-widget-container\">\n\t\t\t<h2 class=\"elementor-heading-title elementor-size-default\">Hvernig getum vi\u00f0 a\u00f0sto\u00f0a\u00f0?<\/h2>\t\t<\/div>\n\t\t\t\t<\/div>\n\t\t\t\t<div class=\"elementor-element elementor-element-bf7ecf1 elementor-widget elementor-widget-heading\" data-id=\"bf7ecf1\" data-element_type=\"widget\" data-widget_type=\"heading.default\">\n\t\t\t\t<div class=\"elementor-widget-container\">\n\t\t\t<h5 class=\"elementor-heading-title elementor-size-default\">Vi\u00f0 erum me\u00f0 \u00fe\u00e9r \u00e1 hverju stigi - fr\u00e1 hugmynd til \u00fatf\u00e6rslu og frekari \u00fer\u00f3unar.<\/h5>\t\t<\/div>\n\t\t\t\t<\/div>\n\t\t\t\t<div class=\"elementor-element elementor-element-e063a48 elementor-widget elementor-widget-button\" data-id=\"e063a48\" data-element_type=\"widget\" data-widget_type=\"button.default\">\n\t\t\t\t<div class=\"elementor-widget-container\">\n\t\t\t\t\t<div class=\"elementor-button-wrapper\">\n\t\t\t<a class=\"elementor-button elementor-button-link elementor-size-sm\" href=\"https:\/\/qsrconsulting.info\/is\/hafdu-samband\/\">\n\t\t\t\t\t\t<span class=\"elementor-button-content-wrapper\">\n\t\t\t\t\t\t\t\t\t<span class=\"elementor-button-text\">Tala\u00f0u vi\u00f0 okkur<\/span>\n\t\t\t\t\t<\/span>\n\t\t\t\t\t<\/a>\n\t\t<\/div>\n\t\t\t\t<\/div>\n\t\t\t\t<\/div>\n\t\t\t\t\t<\/div>\n\t\t<\/div>\n\t\t\t\t\t<\/div>\n\t\t<\/section>\n\t\t\t\t<\/div>\n\t\t","protected":false},"excerpt":{"rendered":"<p>d\u00e6mis\u00f6gu 4 \u201eStaktu \u00feig \u00fat e\u00f0a deyja &#8222; L\u00fdsing \u00e1 vandam\u00e1linu: \u00c1 fj\u00f6lmennum netverslunarmarka\u00f0i \u00ed dag eiga fyrirt\u00e6ki oft \u00ed erfi\u00f0leikum me\u00f0 a\u00f0 a\u00f0greina tilbo\u00f0 s\u00edn. Margir \u00feeirra nota s\u00f6mu marka\u00f0st\u00e6ki og s\u00f6lua\u00f0fer\u00f0ir, sem lei\u00f0ir til st\u00f6\u00f0nunar og skorts \u00e1 n\u00fdsk\u00f6pun. Lausn: \u00d3l\u00edkt hef\u00f0bundnum fyrirt\u00e6kjum sem leggja \u00e1herslu \u00e1 a\u00f0 vi\u00f0halda \u00f3breyttu \u00e1standi, n\u00e1lgumst vi\u00f0 [&hellip;]<\/p>\n","protected":false},"author":2,"featured_media":0,"parent":4316,"menu_order":0,"comment_status":"closed","ping_status":"closed","template":"","meta":{"_uag_custom_page_level_css":"","site-sidebar-layout":"no-sidebar","site-content-layout":"page-builder","ast-site-content-layout":"","site-content-style":"default","site-sidebar-style":"default","ast-global-header-display":"","ast-banner-title-visibility":"","ast-main-header-display":"","ast-hfb-above-header-display":"","ast-hfb-below-header-display":"","ast-hfb-mobile-header-display":"","site-post-title":"disabled","ast-breadcrumbs-content":"disabled","ast-featured-img":"disabled","footer-sml-layout":"","theme-transparent-header-meta":"enabled","adv-header-id-meta":"","stick-header-meta":"","header-above-stick-meta":"","header-main-stick-meta":"","header-below-stick-meta":"","astra-migrate-meta-layouts":"default","ast-page-background-enabled":"default","ast-page-background-meta":{"desktop":{"background-color":"","background-image":"","background-repeat":"repeat","background-position":"center center","background-size":"auto","background-attachment":"scroll","background-type":"","background-media":"","overlay-type":"","overlay-color":"","overlay-opacity":"","overlay-gradient":""},"tablet":{"background-color":"","background-image":"","background-repeat":"repeat","background-position":"center center","background-size":"auto","background-attachment":"scroll","background-type":"","background-media":"","overlay-type":"","overlay-color":"","overlay-opacity":"","overlay-gradient":""},"mobile":{"background-color":"","background-image":"","background-repeat":"repeat","background-position":"center center","background-size":"auto","background-attachment":"scroll","background-type":"","background-media":"","overlay-type":"","overlay-color":"","overlay-opacity":"","overlay-gradient":""}},"ast-content-background-meta":{"desktop":{"background-color":"var(--ast-global-color-5)","background-image":"","background-repeat":"repeat","background-position":"center center","background-size":"auto","background-attachment":"scroll","background-type":"","background-media":"","overlay-type":"","overlay-color":"","overlay-opacity":"","overlay-gradient":""},"tablet":{"background-color":"var(--ast-global-color-5)","background-image":"","background-repeat":"repeat","background-position":"center center","background-size":"auto","background-attachment":"scroll","background-type":"","background-media":"","overlay-type":"","overlay-color":"","overlay-opacity":"","overlay-gradient":""},"mobile":{"background-color":"var(--ast-global-color-5)","background-image":"","background-repeat":"repeat","background-position":"center center","background-size":"auto","background-attachment":"scroll","background-type":"","background-media":"","overlay-type":"","overlay-color":"","overlay-opacity":"","overlay-gradient":""}},"footnotes":""},"class_list":["post-4350","page","type-page","status-publish","hentry"],"aioseo_notices":[],"uagb_featured_image_src":{"full":false,"thumbnail":false,"medium":false,"medium_large":false,"large":false,"1536x1536":false,"2048x2048":false},"uagb_author_info":{"display_name":"Bartek","author_link":"https:\/\/qsrconsulting.info\/is\/author\/bartek\/"},"uagb_comment_info":0,"uagb_excerpt":"d\u00e6mis\u00f6gu 4 \u201eStaktu \u00feig \u00fat e\u00f0a deyja &#8222; L\u00fdsing \u00e1 vandam\u00e1linu: \u00c1 fj\u00f6lmennum netverslunarmarka\u00f0i \u00ed dag eiga fyrirt\u00e6ki oft \u00ed erfi\u00f0leikum me\u00f0 a\u00f0 a\u00f0greina tilbo\u00f0 s\u00edn. Margir \u00feeirra nota s\u00f6mu marka\u00f0st\u00e6ki og s\u00f6lua\u00f0fer\u00f0ir, sem lei\u00f0ir til st\u00f6\u00f0nunar og skorts \u00e1 n\u00fdsk\u00f6pun. Lausn: \u00d3l\u00edkt hef\u00f0bundnum fyrirt\u00e6kjum sem leggja \u00e1herslu \u00e1 a\u00f0 vi\u00f0halda \u00f3breyttu \u00e1standi, n\u00e1lgumst vi\u00f0&hellip;","_links":{"self":[{"href":"https:\/\/qsrconsulting.info\/is\/wp-json\/wp\/v2\/pages\/4350"}],"collection":[{"href":"https:\/\/qsrconsulting.info\/is\/wp-json\/wp\/v2\/pages"}],"about":[{"href":"https:\/\/qsrconsulting.info\/is\/wp-json\/wp\/v2\/types\/page"}],"author":[{"embeddable":true,"href":"https:\/\/qsrconsulting.info\/is\/wp-json\/wp\/v2\/users\/2"}],"replies":[{"embeddable":true,"href":"https:\/\/qsrconsulting.info\/is\/wp-json\/wp\/v2\/comments?post=4350"}],"version-history":[{"count":4,"href":"https:\/\/qsrconsulting.info\/is\/wp-json\/wp\/v2\/pages\/4350\/revisions"}],"predecessor-version":[{"id":20459,"href":"https:\/\/qsrconsulting.info\/is\/wp-json\/wp\/v2\/pages\/4350\/revisions\/20459"}],"up":[{"embeddable":true,"href":"https:\/\/qsrconsulting.info\/is\/wp-json\/wp\/v2\/pages\/4316"}],"wp:attachment":[{"href":"https:\/\/qsrconsulting.info\/is\/wp-json\/wp\/v2\/media?parent=4350"}],"curies":[{"name":"wp","href":"https:\/\/api.w.org\/{rel}","templated":true}]}}